{"id":12133,"date":"2022-04-28T11:57:36","date_gmt":"2022-04-28T09:57:36","guid":{"rendered":"https:\/\/ea-rlp.de\/?page_id=12133"},"modified":"2022-04-28T11:57:36","modified_gmt":"2022-04-28T09:57:36","slug":"bewerbung-earlp","status":"publish","type":"page","link":"https:\/\/neu.ea-rlp.de\/index.php\/ueber-uns\/bewerbung-earlp\/","title":{"rendered":"Bewerbung bei der Entwicklungsagentur"},"content":{"rendered":"\n<figure class=\"wp-block-image size-full\"><img decoding=\"async\" src=\"https:\/\/ea-rlp.de\/wp-content\/uploads\/2023\/07\/podcast-g2172ec8f9_1280.png\" alt=\"\" class=\"wp-image-14435\"\/><figcaption class=\"wp-element-caption\">Foto: Pixabay<\/figcaption><\/figure>\n\n\n\n<h2 class=\"wp-block-heading\">Einige Tipps und Hinweise f\u00fcr Sie als m\u00f6glicher Bewerber (m, w, d)<\/h2>\n\n\n\n<p>Sehr geehrte Bewerberin, sehr geehrter Bewerber,<\/p>\n\n\n\n<p>es hilft uns sehr, wenn Ihr Bewerbungsschreiben m\u00f6glichst eindeutig \u00fcber Ihre (Berufs-)Erfahrungen, Kenntnisse und F\u00e4higkeiten informiert, die f\u00fcr Ihre zuk\u00fcnftige Besch\u00e4ftigung bei der EA bedeutsam sein k\u00f6nnten. <\/p>\n\n\n\n<p>Unsere Informationen auf dieser Webseite zu unserem Auftrag (in der <a href=\"https:\/\/ea-rlp.de\/wp-content\/uploads\/2018\/06\/Satzung-Verein-Entwicklungsagentur-Rheinland-Pfalz-vom-15.12.2016_final.pdf\">Satzung<\/a>) und zu den aktuellen <a href=\"https:\/\/ea-rlp.de\/ueber-uns\/projekte\/\">Projekten<\/a> und auch im jeweils letzten <a href=\"https:\/\/ea-rlp.de\/ueber-uns\/jahresberichte\/\">Jahresbericht<\/a> k\u00f6nnen Ihnen dabei helfen, um Ihre Erfahrungen und Kenntnisse und unsere Anforderungen miteinander zu verbinden und darzustellen. <\/p>\n\n\n\n<p>Ein erweitertes Interesse an Gesellschaft und Politik im Bundesland Rheinland-Pfalz setzen wir die EA-Arbeit voraus.<\/p>\n\n\n\n<p><strong>Wir bieten<\/strong><\/p>\n\n\n\n<ul class=\"wp-block-list\">\n<li>Eine verantwortungsvolle und abwechslungsreiche T\u00e4tigkeit mit gesellschaftlicher Relevanz<\/li>\n\n\n\n<li>Die M\u00f6glichkeit, an zukunftsweisenden Projekten mitzuwirken und eigene Ideen einzubringen<\/li>\n\n\n\n<li>Ein motiviertes und kollegiales <a href=\"https:\/\/ea-rlp.de\/ueber-uns\/verein\/\" target=\"_blank\" rel=\"noreferrer noopener\">Team <\/a>in einer positiven Arbeitsatmosph\u00e4re<\/li>\n\n\n\n<li>Eine angemessene Verg\u00fctung nach den Bestimmungen des \u00f6ffentlichen Dienstes (<a href=\"https:\/\/www.lff-rlp.de\/service\/gehaltstabellen\" target=\"_blank\" rel=\"noreferrer noopener\">Tarifvertrag der L\u00e4nder &#8211; TV-L<\/a>)<\/li>\n\n\n\n<li>Zun\u00e4chst einen befristeten Arbeitsvertrag mit der M\u00f6glichkeit zu einer anschlie\u00dfenden dauerhaften Besch\u00e4ftigung<\/li>\n<\/ul>\n\n\n\n<h2 class=\"wp-block-heading\">Stellenausschreibung: <br>Projektleitung (m, w, d) oder Projektassistenz (m, w, d) oder studentische Aushilfen (m, w, d)<\/h2>\n\n\n\n<p>Die Entwicklungsagentur Rheinland-Pfalz in Mainz sucht regelm\u00e4\u00dfig engagierte und erfahrene Personen f\u00fcr Konzeption und Leitung von modellhaften Projekten im Bereich der Kommunalentwicklung. Die Themen und Projekte wechseln meistens nach einigen Jahren.<\/p>\n\n\n\n<p>Als <strong>Projektleiter:in<\/strong> \u00fcbernehmen Sie eine zentrale Rolle. Wenn Sie eine Leidenschaft f\u00fcr kreatives Entwickeln, Planen und Auswerten haben und die Zukunft zum Leben in den rund 2.300 Kommunen in unserem Bundesland mitgestalten m\u00f6chten, dann bewerben Sie sich!<\/p>\n\n\n\n<p><strong>Aufgaben<\/strong><\/p>\n\n\n\n<ul class=\"wp-block-list\">\n<li>Planung, Steuerung und Kontrolle von Modellprojekten der Kommunalentwicklung<\/li>\n\n\n\n<li>Monitoring des Projektfortschritts sowie Identifizierung und Bew\u00e4ltigung von Herausforderungen<\/li>\n\n\n\n<li>Zusammenarbeit mit regionalen Partnern, Beh\u00f6rden und anderen Akteuren<\/li>\n<\/ul>\n\n\n\n<h2 class=\"wp-block-heading\">Anforderungen an Projektleiter:innen<\/h2>\n\n\n\n<ul class=\"wp-block-list\">\n<li>Abgeschlossenes Master-Studium oder vergleichbare Qualifikation <\/li>\n\n\n\n<li>Mindestens zwei Jahre Berufserfahrung im Projektmanagement, idealerweise in einem \u00f6ffentlichen oder gemeinn\u00fctzigen Umfeld<\/li>\n\n\n\n<li>Ausgepr\u00e4gte F\u00e4higkeit zur Teamf\u00fchrung und Teamarbeit<\/li>\n\n\n\n<li>Kenntnisse in den Themen der Kommunalentwicklung und zum Land <a href=\"https:\/\/de.wikipedia.org\/wiki\/Rheinland-Pfalz\">Rheinland-Pfalz<\/a><\/li>\n\n\n\n<li><a href=\"https:\/\/ea-rlp.de\/ueber-uns\/\" target=\"_blank\" rel=\"noreferrer noopener\">F\u00e4higkeiten in der Entwicklung, Planung, Umsetzung, Evaluation und Kommunikation von modellhaften Projekten und ihren Ergebnissen<\/a><\/li>\n\n\n\n<li>Analytisches Denkverm\u00f6gen, L\u00f6sungsorientierung und Verantwortungsbewusstsein<\/li>\n\n\n\n<li>Hohes Interesse an gesellschaftlichen Ver\u00e4nderungen und politischen Prozessen<\/li>\n\n\n\n<li>Sehr gute kommunikative F\u00e4higkeiten in Deutsch und Englisch, m\u00fcndlich und schriftlich<\/li>\n<\/ul>\n\n\n\n<h2 class=\"wp-block-heading\">Anforderungen an Projektassistent:innen<\/h2>\n\n\n\n<ul class=\"wp-block-list\">\n<li>Abgeschlossenes Bachelor-Studium oder vergleichbare Qualifikation mit einer abgeschlossenen Berufsausbildung<\/li>\n\n\n\n<li>Ausgepr\u00e4gtes Interesse an Themen der rheinland-pf\u00e4lzischen Landespolitik und an gesellschaftlichen Ver\u00e4nderungen<\/li>\n\n\n\n<li>Kenntnisse in den Themen der Kommunalentwicklung bzw. Bereitschaft zur umfassenden Einarbeitung in diese Themen<\/li>\n\n\n\n<li>Ausgepr\u00e4gte F\u00e4higkeit zur Teamarbeit<\/li>\n<\/ul>\n\n\n\n<h2 class=\"wp-block-heading\">Anforderungen an studentische Aushilfen<\/h2>\n\n\n\n<ul class=\"wp-block-list\">\n<li>Besch\u00e4ftigt werden k\u00f6nnen Studierende an einer Hochschule oder einer vergleichbaren Bildungseinrichtung.<\/li>\n\n\n\n<li>Erforderlich sind fortgeschrittene Kenntnisse in den MS Office-Anwendungen, insbesondere Word, Excel, PowerPoint, Outlook. Gute organisatorische F\u00e4higkeiten und eine hohe Aufmerksamkeit f\u00fcr Details sind ebenso wichtig wie die F\u00e4higkeit zur Selbstorganisation und zur Priorisierung von Aufgaben. Die F\u00e4higkeit, vorgegebene Aufgaben selbstst\u00e4ndig und erfolgreich zu erledigen, sowie ein freundliches und professionelles Auftreten sind gefordert.<\/li>\n\n\n\n<li>Gute m\u00fcndliche und schriftliche Kommunikationsf\u00e4higkeiten in deutscher Sprache sind unabdingbar.<\/li>\n\n\n\n<li>Erwartet wird das Arbeiten an mindestens einem regelm\u00e4\u00dfigen w\u00f6chentlichen Arbeitstag in Vollzeit in Pr\u00e4senz. W\u00e4hrend Pr\u00fcfungsphasen wird die flexible Erf\u00fcllung der Arbeitszeiten erwartet und erm\u00f6glicht.<\/li>\n<\/ul>\n\n\n\n<h2 class=\"wp-block-heading\">Ihre Bewerbung<\/h2>\n\n\n\n<p>Haben wir Ihr Interesse geweckt? Dann freuen wir uns auf Ihre aussagekr\u00e4ftige Bewerbung auf dieser Webseite. Zun\u00e4chst ben\u00f6tigen wir in einem PDF-Dokument Ihr aussagekr\u00e4ftiges Bewerbungsschreiben und Ihren tabellarischen Lebenslauf. <\/p>\n\n\n\n<p>Bitte fassen Sie alle Unterlagen in einer (!) PDF-Datei zusammen. Weitere Unterlagen k\u00f6nnen Sie bei einem m\u00f6glichen Gespr\u00e4ch mitbringen.<\/p>\n\n\n\n<p>Die Entwicklungsagentur Rheinland-Pfalz setzt sich f\u00fcr Chancengleichheit und Vielfalt am Arbeitsplatz ein. Schwerbehinderte Bewerber*innen werden bei gleicher Eignung bevorzugt ber\u00fccksichtigt.<\/p>\n\n\n\n<p>Wir freuen uns darauf, Sie kennenzulernen!<\/p>\n\n\n\n<p><em>(Hinweis: Falls Sie ab hier keinen Text auf der Webseite sehen sollten, dann nutzen Sie bitte einen aktuellen Browser.)<\/em><\/p>\n\n\n\n<div>[formidable id=&#8220;2&#8243;]<\/div>\n","protected":false},"excerpt":{"rendered":"<p>Einige Tipps und Hinweise f\u00fcr Sie als m\u00f6glicher Bewerber (m, w, d) Sehr geehrte Bewerberin, sehr geehrter Bewerber, es hilft uns sehr, wenn Ihr Bewerbungsschreiben m\u00f6glichst eindeutig \u00fcber Ihre (Berufs-)Erfahrungen, Kenntnisse und F\u00e4higkeiten informiert, die f\u00fcr Ihre zuk\u00fcnftige Besch\u00e4ftigung bei der EA bedeutsam sein k\u00f6nnten. Unsere Informationen auf dieser Webseite zu unserem Auftrag (in der [&hellip;]<\/p>\n","protected":false},"author":3,"featured_media":0,"parent":99,"menu_order":0,"comment_status":"closed","ping_status":"closed","template":"","meta":{"footnotes":""},"class_list":["post-12133","page","type-page","status-publish","hentry"],"_links":{"self":[{"href":"https:\/\/neu.ea-rlp.de\/index.php\/wp-json\/wp\/v2\/pages\/12133","targetHints":{"allow":["GET"]}}],"collection":[{"href":"https:\/\/neu.ea-rlp.de\/index.php\/wp-json\/wp\/v2\/pages"}],"about":[{"href":"https:\/\/neu.ea-rlp.de\/index.php\/wp-json\/wp\/v2\/types\/page"}],"author":[{"embeddable":true,"href":"https:\/\/neu.ea-rlp.de\/index.php\/wp-json\/wp\/v2\/users\/3"}],"replies":[{"embeddable":true,"href":"https:\/\/neu.ea-rlp.de\/index.php\/wp-json\/wp\/v2\/comments?post=12133"}],"version-history":[{"count":0,"href":"https:\/\/neu.ea-rlp.de\/index.php\/wp-json\/wp\/v2\/pages\/12133\/revisions"}],"up":[{"embeddable":true,"href":"https:\/\/neu.ea-rlp.de\/index.php\/wp-json\/wp\/v2\/pages\/99"}],"wp:attachment":[{"href":"https:\/\/neu.ea-rlp.de\/index.php\/wp-json\/wp\/v2\/media?parent=12133"}],"curies":[{"name":"wp","href":"https:\/\/api.w.org\/{rel}","templated":true}]}}