{"id":1423,"date":"2018-05-31T08:29:28","date_gmt":"2018-05-31T06:29:28","guid":{"rendered":"https:\/\/ea-rlp.de\/?page_id=1423"},"modified":"2018-05-31T08:29:28","modified_gmt":"2018-05-31T06:29:28","slug":"datenschutzerklaerung","status":"publish","type":"page","link":"https:\/\/neu.ea-rlp.de\/index.php\/ueber-uns\/datenschutzerklaerung\/","title":{"rendered":"Datenschutzerkl\u00e4rung"},"content":{"rendered":"\n<p>Stand: 1. Januar 2023<\/p>\n\n\n\n<p><strong>1. Benennung der verantwortlichen Stelle<\/strong><\/p>\n\n\n\n<p>Die verantwortliche Stelle f\u00fcr die Datenverarbeitung auf dieser Website ist:&nbsp; Entwicklungsagentur Rheinland-Pfalz e.V.,&nbsp;Rainer Zeimentz,&nbsp;Emmeransstra\u00dfe 27,&nbsp;55116&nbsp;Mainz, info@ea-rlp.de.&nbsp;Die verantwortliche Stelle entscheidet allein oder gemeinsam mit anderen \u00fcber die Zwecke und Mittel der Verarbeitung von personenbezogenen Daten (z.B. Namen, Kontaktdaten o.&nbsp;\u00c4.).<\/p>\n\n\n\n<p><strong>2. Widerruf Ihrer Einwilligung zur Datenverarbeitung<\/strong> <\/p>\n\n\n\n<p>Nur mit Ihrer ausdr\u00fccklichen Einwilligung sind einige Vorg\u00e4nge der Datenverarbeitung m\u00f6glich. Ein Widerruf Ihrer bereits erteilten Einwilligung ist jederzeit m\u00f6glich. F\u00fcr den Widerruf gen\u00fcgt eine formlose Mitteilung per E-Mail. Die Rechtm\u00e4\u00dfigkeit der bis zum Widerruf erfolgten Datenverarbeitung bleibt vom Widerruf unber\u00fchrt.<\/p>\n\n\n\n<p><strong>3. Recht auf Beschwerde bei der zust\u00e4ndigen Aufsichtsbeh\u00f6rde<\/strong><\/p>\n\n\n\n<p>Als Betroffener steht Ihnen im Falle eines datenschutzrechtlichen Versto\u00dfes ein Beschwerderecht bei der zust\u00e4ndigen Aufsichtsbeh\u00f6rde zu. Zust\u00e4ndige Aufsichtsbeh\u00f6rde bez\u00fcglich datenschutzrechtlicher Fragen ist der Landesdatenschutzbeauftragte des Bundeslandes, in dem sich der Sitz unseres Unternehmens befindet. Der folgende Link stellt eine Liste der Datenschutzbeauftragten sowie deren Kontaktdaten bereit:&nbsp;<a href=\"https:\/\/www.bfdi.bund.de\/DE\/Infothek\/Anschriften_Links\/anschriften_links-node.html\">https:\/\/www.bfdi.bund.de\/DE\/Infothek\/Anschriften_Links\/anschriften_links-node.html<\/a>.<\/p>\n\n\n\n<p><strong>4. Recht auf Daten\u00fcbertragbarkeit<\/strong><\/p>\n\n\n\n<p>Ihnen steht das Recht zu, Daten, die wir auf Grundlage Ihrer&nbsp;Einwilligung&nbsp;oder in Erf\u00fcllung eines Vertrags automatisiert verarbeiten, an sich oder an Dritte aush\u00e4ndigen zu lassen. Die Bereitstellung erfolgt in einem maschinenlesbaren Format. Sofern Sie die direkte \u00dcbertragung der Daten an einen anderen Verantwortlichen verlangen, erfolgt dies nur, soweit es technisch machbar&nbsp;ist.<\/p>\n\n\n\n<p><strong>5. Recht auf Auskunft, Berichtigung, Sperrung, L\u00f6schung<\/strong><\/p>\n\n\n\n<p>Sie haben jederzeit im Rahmen der geltenden gesetzlichen Bestimmungen das Recht auf unentgeltliche Auskunft \u00fcber Ihre gespeicherten personenbezogenen Daten, Herkunft der Daten, deren Empf\u00e4nger und den Zweck der Datenverarbeitung und ggf. ein Recht auf Berichtigung, Einschr\u00e4nkung oder L\u00f6schung dieser Daten. Diesbez\u00fcglich und auch zu weiteren Fragen zum Thema personenbezogene Daten k\u00f6nnen Sie sich jederzeit \u00fcber die im Impressum aufgef\u00fchrten Kontaktm\u00f6glichkeiten an uns wenden.<\/p>\n\n\n\n<p><strong>6. Recht auf Widerspruch gegen die Verarbeitung<\/strong><\/p>\n\n\n\n<p>Soweit wir die Verarbeitung Ihrer personenbezogenen Daten auf die Interessenabw\u00e4gung (Art. 6 Abs. 1 lit. f DSGVO) st\u00fctzen, k\u00f6nnen Sie Widerspruch gegen die Verarbeitung einlegen. Dies ist der Fall, wenn die Verarbeitung insbesondere nicht zur Erf\u00fcllung eines Vertrags mit Ihnen erforderlich ist, was von uns jeweils bei der Beschreibung der Funktionen dargestellt wird. Bei Aus\u00fcbung eines solchen Widerspruchs bitten wir um Darlegung der Gr\u00fcnde, weshalb wir Ihre personenbezogenen Daten nicht so, wie von uns durchgef\u00fchrt, verarbeiten sollen. Im Falle Ihres Widerspruchs pr\u00fcfen wir die Sachlage und werden entweder die Datenverarbeitung einstellen bzw. anpassen oder Ihnen unsere zwingenden schutzw\u00fcrdigen Gr\u00fcnde aufzeigen, aufgrund derer wir die Verarbeitung fortf\u00fchren.&nbsp;<\/p>\n\n\n\n<p><strong>7. SSL- bzw. TLS-Verschl\u00fcsselung<\/strong><\/p>\n\n\n\n<p>Aus Sicherheitsgr\u00fcnden und zum Schutz der \u00dcbertragung vertraulicher Inhalte, die Sie an uns als Seitenbetreiber senden, nutzt unsere Website eine SSL- bzw. TLS-Verschl\u00fcsselung. Damit sind Daten, die Sie \u00fcber diese Website \u00fcbermitteln, f\u00fcr Dritte nicht mitlesbar. Sie erkennen eine verschl\u00fcsselte Verbindung an der \u201ehttps:\/\/\u201c Adresszeile Ihres Browsers und am Schloss-Symbol in der Browserzeile.<\/p>\n\n\n\n<p><strong>8. Datenschutzbeauftragter<\/strong><\/p>\n\n\n\n<p>Wir haben einen Datenschutzbeauftragten bestellt: SDS Sch\u00fcllermann Dataservice GmbH, Robert-Bosch-Str. 5, 63303 Dreieich, Tel.: 06103-6050.&nbsp;<\/p>\n\n\n\n<p><strong>9. Server-Log-Dateien<\/strong><\/p>\n\n\n\n<p>In Server-Log-Dateien erhebt und speichert der Provider der Website automatisch Informationen, die Ihr Browser automatisch an uns \u00fcbermittelt. Dies&nbsp;sind:<\/p>\n\n\n\n<ul class=\"wp-block-list\">\n<li>Browsertyp und Browserversion<\/li>\n\n\n\n<li>Verwendetes Betriebssystem<\/li>\n\n\n\n<li>Referrer&nbsp;URL<\/li>\n\n\n\n<li>Inhalte der Anforderung (konkrete Seite)<\/li>\n\n\n\n<li>Hostname des zugreifenden Rechners<\/li>\n\n\n\n<li>Datum und Uhrzeit der Serveranfrage<\/li>\n\n\n\n<li>Zeitzonendifferenz zu Greenwich Mean Time (GMT)<\/li>\n\n\n\n<li>IP-Adresse<\/li>\n\n\n\n<li>Browser-Plugins<\/li>\n<\/ul>\n\n\n\n<p>Es findet keine Zusammenf\u00fchrung dieser Daten mit anderen Datenquellen statt. Grundlage der Datenverarbeitung bildet Art. 6 Abs. 1 lit. f DSGVO, der die Verarbeitung von Daten auf Grundlage des berechtigten Interesses gestattet. Die genannten Daten sind f\u00fcr uns technisch erforderlich, um Ihnen unsere Website anzuzeigen und die Stabilit\u00e4t und Sicherheit zu gew\u00e4hrleisten und m\u00fcssen daher von uns verarbeitet werden. Unser berechtigtes Interesse folgt aus den genannten Zwecken der Datenerhebung.<\/p>\n\n\n\n<p><strong>10<\/strong>. <strong>Registrierung auf dieser Website<\/strong><\/p>\n\n\n\n<p>Zur Nutzung bestimmter Funktionen k\u00f6nnen Sie sich auf unserer Website registrieren. Die \u00fcbermittelten Daten dienen ausschlie\u00dflich zum Zwecke der Nutzung des jeweiligen Angebotes oder Dienstes. Bei der Registrierung abgefragte Pflichtangaben sind vollst\u00e4ndig anzugeben. Andernfalls werden wir die Registrierung ablehnen.<\/p>\n\n\n\n<p>Im Falle wichtiger \u00c4nderungen, etwa aus technischen Gr\u00fcnden, informieren wir Sie per E\u2011Mail. Die E\u2011Mail wird an die Adresse versendet, die bei der Registrierung angegeben&nbsp;wurde.<\/p>\n\n\n\n<p>Die Verarbeitung der bei der Registrierung eingegebenen Daten erfolgt auf Grundlage Ihrer&nbsp;Einwilligung (Art. 6 Abs. 1 lit. a DSGVO). Ein Widerruf Ihrer bereits erteilten&nbsp;Einwilligung&nbsp;ist jederzeit m\u00f6glich. F\u00fcr den Widerruf gen\u00fcgt eine formlose Mitteilung per E\u2011Mail. Die Rechtm\u00e4\u00dfigkeit der bereits erfolgten Datenverarbeitung bleibt vom Widerruf unber\u00fchrt.<\/p>\n\n\n\n<p>Wir speichern die bei der Registrierung erfassten Daten w\u00e4hrend des Zeitraums, den Sie auf unserer Website registriert sind. Ihren Daten werden gel\u00f6scht, sollten Sie Ihre Registrierung aufheben. Gesetzliche Aufbewahrungsfristen bleiben unber\u00fchrt.<\/p>\n\n\n\n<p><strong>11. Kontaktaufnahme\/Kontaktformular<\/strong><\/p>\n\n\n\n<p>Im Zuge Ihrer Kontaktaufnahme per E-Mail oder \u00fcber das Kontaktformular auf unserer Internetpr\u00e4senz werden personenbezogene Daten erhoben und von uns gespeichert. Per Kontaktformular \u00fcbermittelte Daten werden einschlie\u00dflich Ihrer Kontaktdaten (E-Mail-Adresse, Vorname, Name, Anrede) gespeichert, um Ihre Anfrage bearbeiten zu k\u00f6nnen oder um f\u00fcr Anschlussfragen bereitzustehen. Im Zuge einer Kontaktaufnahme per E-Mail werden folgende personenbezogenen Daten erhoben und von uns gespeichert: E-Mail-Adresse und E-Mail-Text sowie weitere freiwillig angegebene Daten. Eine Weitergabe dieser Daten findet ohne Ihre&nbsp;Einwilligung&nbsp;nicht&nbsp;statt.<\/p>\n\n\n\n<p>Die Verarbeitung der in das Kontaktformular eingegebenen Daten erfolgt ausschlie\u00dflich auf Grundlage Ihrer&nbsp;Einwilligung (Art. 6 Abs. 1 lit. a DSGVO). Ein Widerruf Ihrer bereits erteilten&nbsp;Einwilligung&nbsp;ist jederzeit m\u00f6glich. F\u00fcr den Widerruf gen\u00fcgt eine formlose Mitteilung per E\u2011Mail. Die Rechtm\u00e4\u00dfigkeit der bis zum Widerruf erfolgten Datenverarbeitungsvorg\u00e4nge bleibt vom Widerruf unber\u00fchrt.<\/p>\n\n\n\n<p>\u00dcber das Kontaktformular \u00fcbermittelte Daten verbleiben bei uns, bis Sie uns zur L\u00f6schung auffordern, Ihre&nbsp;Einwilligung&nbsp;zur Speicherung widerrufen oder keine Notwendigkeit der Datenspeicherung mehr besteht. Zwingende gesetzliche Bestimmungen \u2013 insbesondere Aufbewahrungsfristen \u2013 bleiben unber\u00fchrt.&nbsp;Sofern eine gesetzliche Aufbewahrungspflicht besteht, wird die Verarbeitung auf diesen Zweck beschr\u00e4nkt. Rechtsgrundlage ist Art. 6 Abs. 1 lit. c DSGVO.<\/p>\n\n\n\n<p><strong>12. Bewerbungen<\/strong><\/p>\n\n\n\n<p>Sie k\u00f6nnen Ihre Bewerbung als PDF-Dokument hochladen. Diese Daten verarbeiten wir, um das Bewerbungsverfahren durchzuf\u00fchren. Die Verarbeitung der eingegebenen Daten erfolgt auf Grundlage von Art. 6 Abs. 1 lit. a DSGVO. Im Falle der Ablehnung&nbsp;l\u00f6schen wir die Daten sp\u00e4testens 6 Monate nach der Ablehnung.&nbsp;&nbsp;<\/p>\n\n\n\n<p><strong>13. Speicherdauer von Beitr\u00e4gen und Kommentaren<\/strong><\/p>\n\n\n\n<p>Beitr\u00e4ge und Kommentare sowie damit in Verbindung stehende Daten, wie beispielsweise IP-Adressen, werden gespeichert. Der Inhalt verbleibt auf unserer Website, bis er vollst\u00e4ndig gel\u00f6scht wurde oder aus rechtlichen Gr\u00fcnden gel\u00f6scht werden musste.<\/p>\n\n\n\n<p>Die Speicherung der Beitr\u00e4ge und Kommentare erfolgt auf Grundlage Ihrer&nbsp;Einwilligung&nbsp;(Art. 6 Abs. 1 lit. a DSGVO). Ein Widerruf Ihrer bereits erteilten&nbsp;Einwilligung&nbsp;ist jederzeit m\u00f6glich. F\u00fcr den Widerruf gen\u00fcgt eine formlose Mitteilung per E\u2011Mail. Die Rechtm\u00e4\u00dfigkeit bereits erfolgter Datenverarbeitungsvorg\u00e4nge bleibt vom Widerruf unber\u00fchrt.<\/p>\n\n\n\n<p><strong>14. Newsletter-Daten<\/strong><\/p>\n\n\n\n<p>Zum Versenden unseres Newsletters ben\u00f6tigen wir von Ihnen eine E-Mail-Adresse. Eine Verifizierung der angegebenen E-Mail-Adresse ist notwendig und der Empfang des Newsletters ist einzuwilligen. Erg\u00e4nzende Daten werden nicht erhoben oder sind freiwillig. Die Verwendung der Daten erfolgt ausschlie\u00dflich f\u00fcr den Versand des Newsletters.<\/p>\n\n\n\n<p>Die bei der Newsletteranmeldung gemachten Daten werden ausschlie\u00dflich auf Grundlage Ihrer Einwilligung (Art. 6 Abs. 1 lit. a DSGVO) verarbeitet. Ein Widerruf Ihrer bereits erteilten Einwilligung ist jederzeit m\u00f6glich. F\u00fcr den Widerruf gen\u00fcgt eine formlose Mitteilung per E-Mail, oder Sie melden sich \u00fcber den \u201eAbbestellen\u201c-Link im Newsletter ab. Die Rechtm\u00e4\u00dfigkeit der bereits erfolgten Datenverarbeitungsvorg\u00e4nge bleibt vom Widerruf unber\u00fchrt.<\/p>\n\n\n\n<p>Zur Einrichtung des Abonnements eingegebene Daten werden im Falle der Abmeldung gel\u00f6scht. Sollten diese Daten f\u00fcr andere Zwecke und an anderer Stelle an uns \u00fcbermittelt worden sein, verbleiben diese weiterhin bei uns.<\/p>\n\n\n\n<p>F\u00fcr die Anmeldung zu unserem Newsletter verwenden wir das sog. Double-Opt-In-Verfahren. Das hei\u00dft, dass wir Ihnen nach Ihrer Anmeldung eine E-Mail an die angegebene E-Mail-Adresse senden, in welcher wir Sie um Best\u00e4tigung bitten, dass Sie den Versand des Newsletters w\u00fcnschen. Zweck dieses Verfahrens ist, Ihre Anmeldung nachweisen und ggf. einen m\u00f6glichen Missbrauch Ihrer pers\u00f6nlichen Daten aufkl\u00e4ren zu k\u00f6nnen.<\/p>\n\n\n\n<p><strong>15. Empf\u00e4nger bzw. Kategorien von Empf\u00e4ngern der personenbezogenen Daten<\/strong><\/p>\n\n\n\n<p>Teilweise bedienen wir uns zur Verarbeitung Ihrer Daten externer Dienstleister. Diese werden von uns sorgf\u00e4ltig ausgew\u00e4hlt, sind an unsere Weisungen gebunden und werden regelm\u00e4\u00dfig kontrolliert.<\/p>\n\n\n\n<p>Weiterhin k\u00f6nnen wir Ihre personenbezogenen Daten an Dritte weitergeben, wenn Vertragsabschl\u00fcsse oder \u00e4hnliche Leistungen von uns gemeinsam mit Partnern angeboten werden. Je nach Leistung k\u00f6nnen Ihre Daten auch in eigener Verantwortung von den Partnern erhoben werden. N\u00e4here Informationen erhalten Sie bei Angabe Ihrer Daten oder in der Beschreibung der jeweiligen Angebote.<\/p>\n\n\n\n<p><strong>16. Keine automatisierte Entscheidungsfindung (einschlie\u00dflich Profiling)<\/strong><\/p>\n\n\n\n<p>Wir haben nicht die Absicht, von Ihnen erhobene personenbezogene Daten f\u00fcr ein Verfahren zur automatisierten Entscheidungsfindung (einschlie\u00dflich Profiling) zu verwenden.<\/p>\n\n\n\n<p><strong>17. Links zu Webseiten anderer Anbieter\/innen<\/strong><\/p>\n\n\n\n<p>Unser Online-Angebot enth\u00e4lt Links zu Internetseiten anderer Anbieter\/-innen. Wir haben keinen Einfluss darauf, dass diese Anbieter\/-innen die gesetzlichen Datenschutzbestimmungen einhalten. Sie sollten daher stets die Datenschutzerkl\u00e4rung der anderen Anbieter\/-innen pr\u00fcfen.<\/p>\n\n\n\n<p><strong>18.&nbsp;Onlinepr\u00e4senz in sozialen Medien<\/strong><\/p>\n\n\n\n<p>Wir unterhalten Onlinepr\u00e4senzen in den sozialen Netzwerken Facebook, Twitter und Mastodon, um die dort aktiven Nutzerinnen und Nutzer \u00fcber unsere Leistungen zu informieren und bei Interesse \u00fcber die Plattformen zu kommunizieren. Unsere Social-Media-Kan\u00e4le k\u00f6nnen nur \u00fcber einen externen Link abgerufen werden. Sobald Sie unser Social-Media-Profil in dem jeweiligen Netzwerk aufrufen, gelten dort die Gesch\u00e4ftsbedingungen und Datenverarbeitungsrichtlinien der jeweiligen Betreiber.<\/p>\n\n\n\n<p>Wir haben keinen Einfluss auf die Erhebung der Daten und deren weitere Verwendung durch die sozialen Netzwerke. Es bestehen keine Erkenntnisse dar\u00fcber, in welchem Umfang, an welchem Ort und f\u00fcr welche Dauer die Daten gespeichert werden, inwieweit die Netzwerke bestehenden L\u00f6schpflichten nachkommen, welche Auswertungen und Verkn\u00fcpfungen mit den Daten vorgenommen werden und an wen die Daten weitergegeben werden. Wir machen daher ausdr\u00fccklich darauf aufmerksam, dass Ihre Daten (z.B. pers\u00f6nliche Informationen, IP-Adresse) von den Betreibern der Netzwerke entsprechend ihrer Datenverwendungsrichtlinien abgespeichert und f\u00fcr gesch\u00e4ftliche Zwecke genutzt werden.<\/p>\n\n\n\n<p>Wir verarbeiten Daten im Hinblick auf Social Media Pr\u00e4senzen insofern, als \u00fcber diese bspw. Kommentare oder Direktnachrichten an uns gerichtet werden. Rechtsgrundlage f\u00fcr die Verarbeitung der Daten nach einer&nbsp;Einwilligung des Nutzers ist Art.\u20056 Abs.\u20051 lit.\u2005a DSGVO.<\/p>\n\n\n\n<p><strong>19. Cookies<\/strong><\/p>\n\n\n\n<p>Unsere Website verwendet Cookies. Das sind kleine Textdateien, die Ihr Webbrowser auf Ihrem Endger\u00e4t speichert. Cookies helfen uns dabei, unser Angebot nutzerfreundlicher, effektiver und sicherer zu machen.&nbsp;<\/p>\n\n\n\n<p>Einige Cookies sind \u201eSession-Cookies\u201c.&nbsp;Solche Cookies werden nach Ende Ihrer Browser-Sitzung von selbst gel\u00f6scht. Hingegen bleiben andere Cookies auf Ihrem Endger\u00e4t bestehen, bis Sie diese selbst l\u00f6schen. Solche Cookies helfen uns, Sie bei R\u00fcckkehr auf unserer Website wiederzuerkennen.<\/p>\n\n\n\n<p>Mit einem modernen Webbrowser k\u00f6nnen Sie das Setzen von Cookies \u00fcberwachen, einschr\u00e4nken oder unterbinden. Viele Webbrowser lassen sich so konfigurieren, dass Cookies mit dem Schlie\u00dfen des Programms von selbst gel\u00f6scht werden. Die Deaktivierung von Cookies kann eine eingeschr\u00e4nkte Funktionalit\u00e4t unserer Website zur Folge&nbsp;haben.<\/p>\n\n\n\n<p>Das Setzen von Cookies, die zur Aus\u00fcbung elektronischer Kommunikationsvorg\u00e4nge oder der Bereitstellung bestimmter, von Ihnen erw\u00fcnschter Funktionen (z.B. Warenkorb) notwendig sind, erfolgt auf Grundlage von Art. 6 Abs. 1 lit. f DSGVO. Als Betreiber dieser Website haben wir ein berechtigtes Interesse an der Speicherung von Cookies zur technisch fehlerfreien und reibungslosen Bereitstellung unserer Dienste. Sofern die Setzung anderer Cookies (z.B. f\u00fcr Analyse-Funktionen) erfolgt, werden diese in dieser Datenschutzerkl\u00e4rung separat behandelt.<\/p>\n\n\n\n<p>Mit einem modernen Webbrowser k\u00f6nnen Sie das Setzen von Cookies \u00fcberwachen, einschr\u00e4nken oder unterbinden. Die Deaktivierung von Cookies kann eine eingeschr\u00e4nkte Funktionalit\u00e4t unserer Website zur Folge&nbsp;haben.<\/p>\n\n\n\n[borlabs-cookie type=&#8220;btn-cookie-preference&#8220; title=&#8220;Cookie-Einstellungen \u00e4ndern&#8220;\/]\n\n\n\n<p><\/p>\n\n\n\n<p><strong>20. Folgende Cookies k\u00f6nnen eingesetzt werden<\/strong><\/p>\n\n\n\n[borlabs-cookie type=&#8220;cookie-list&#8220;\/]\n","protected":false},"excerpt":{"rendered":"<p>Stand: 1. Januar 2023 1. Benennung der verantwortlichen Stelle Die verantwortliche Stelle f\u00fcr die Datenverarbeitung auf dieser Website ist:&nbsp; Entwicklungsagentur Rheinland-Pfalz e.V.,&nbsp;Rainer Zeimentz,&nbsp;Emmeransstra\u00dfe 27,&nbsp;55116&nbsp;Mainz, info@ea-rlp.de.&nbsp;Die verantwortliche Stelle entscheidet allein oder gemeinsam mit anderen \u00fcber die Zwecke und Mittel der Verarbeitung von personenbezogenen Daten (z.B. Namen, Kontaktdaten o.&nbsp;\u00c4.). 2. Widerruf Ihrer Einwilligung zur Datenverarbeitung Nur mit [&hellip;]<\/p>\n","protected":false},"author":3,"featured_media":0,"parent":99,"menu_order":1,"comment_status":"closed","ping_status":"closed","template":"","meta":{"footnotes":""},"class_list":["post-1423","page","type-page","status-publish","hentry"],"_links":{"self":[{"href":"https:\/\/neu.ea-rlp.de\/index.php\/wp-json\/wp\/v2\/pages\/1423","targetHints":{"allow":["GET"]}}],"collection":[{"href":"https:\/\/neu.ea-rlp.de\/index.php\/wp-json\/wp\/v2\/pages"}],"about":[{"href":"https:\/\/neu.ea-rlp.de\/index.php\/wp-json\/wp\/v2\/types\/page"}],"author":[{"embeddable":true,"href":"https:\/\/neu.ea-rlp.de\/index.php\/wp-json\/wp\/v2\/users\/3"}],"replies":[{"embeddable":true,"href":"https:\/\/neu.ea-rlp.de\/index.php\/wp-json\/wp\/v2\/comments?post=1423"}],"version-history":[{"count":0,"href":"https:\/\/neu.ea-rlp.de\/index.php\/wp-json\/wp\/v2\/pages\/1423\/revisions"}],"up":[{"embeddable":true,"href":"https:\/\/neu.ea-rlp.de\/index.php\/wp-json\/wp\/v2\/pages\/99"}],"wp:attachment":[{"href":"https:\/\/neu.ea-rlp.de\/index.php\/wp-json\/wp\/v2\/media?parent=1423"}],"curies":[{"name":"wp","href":"https:\/\/api.w.org\/{rel}","templated":true}]}}