{"id":15672,"date":"2024-04-26T13:47:56","date_gmt":"2024-04-26T11:47:56","guid":{"rendered":"https:\/\/ea-rlp.de\/?page_id=15672"},"modified":"2024-04-26T13:47:56","modified_gmt":"2024-04-26T11:47:56","slug":"kuenstliche-intelligenz-in-der-kommunalen-praxis","status":"publish","type":"page","link":"https:\/\/neu.ea-rlp.de\/index.php\/ueber-uns\/projekte\/kuenstliche-intelligenz-in-der-kommunalen-praxis\/","title":{"rendered":"K\u00fcnstliche Intelligenz in der kommunalen Praxis"},"content":{"rendered":"\n<h1 class=\"wp-block-heading\">K\u00fcnstliche Intelligenz in der kommunalen Praxis<\/h1>\n\n\n\n<figure class=\"wp-block-image size-full\"><img decoding=\"async\" src=\"https:\/\/ea-rlp.de\/wp-content\/uploads\/2023\/08\/circuit-board-g4b5727d8d_1280.jpg\" alt=\"(Foto: Pixabay)\" class=\"wp-image-14535\"\/><figcaption class=\"wp-element-caption\"><sup>(Foto: Pixabay)<\/sup><\/figcaption><\/figure>\n\n\n\n<p>In Seminaren unterrichtet die Entwicklungsagentur Rheinland-Pfalz ehrenamtliche Kommunalpolitikerinnen und -politiker sowie Mitarbeiterinnen und Mitarbeiter kommunaler Verwaltungen. Thema ist gutes Prompten: das Formulieren von Regieanweisungen an Sprachmodelle wie ChatGPT.<\/p>\n\n\n\n<h3 class=\"wp-block-heading\">Themen<\/h3>\n\n\n\n<ul class=\"wp-block-list\">\n<li>K\u00fcnstliche Intelligenz<\/li>\n\n\n\n<li>Digitalisierung<\/li>\n\n\n\n<li>Kommunen<\/li>\n\n\n\n<li>Zukunft der Arbeit<\/li>\n<\/ul>\n\n\n\n<p>Die Entwicklungsagentur setzt ein Projekt zur Integration K\u00fcnstlicher Intelligenz (KI) in kommunalen Strukturen um. Ziel ist es, ehrenamtliche Kommunalpolitikerinnen und &#8211; politiker sowie kommunale Mitarbeiterinnen und Mitarbeiter in der Nutzung verschiedener KI-Systeme zu schulen, wobei besonders das korrekte Prompten hervorgehoben wird. Ein \u201ePrompt\u201c ist eine Anweisung an die KI, deren Qualit\u00e4t die Ergebnisse stark beeinflusst.<\/p>\n\n\n\n<p>Zu den verwendeten Systemen geh\u00f6ren ChatGPT, das auf nat\u00fcrliche Sprache reagiert, die Wolf-Schneider-KI f\u00fcr pr\u00e4zise Text\u00fcberarbeitung und DeepL Write f\u00fcr erweiterte Texterstellung. Expertenvortr\u00e4ge per Videokonferenz vermitteln das notwendige Wissen, damit kommunale Angestellte effizienter arbeiten und schneller fundierte Entscheidungen treffen k\u00f6nnen. Das Projekt zielt darauf ab, die Arbeitseffizienz durch den Einsatz pr\u00e4ziser KI-Tools signifikant zu verbessern und die Qualit\u00e4t der \u00f6ffentlichen Verwaltung zu steigern.<\/p>\n\n\n\n<h3 class=\"wp-block-heading\">Projektleitung<\/h3>\n\n\n\n<p>S\u00f6ren Damnitz<\/p>\n\n\n\n<ul class=\"wp-block-list\">\n<li>Telefon: 06131 490 82 33<\/li>\n\n\n\n<li>Mobil: 0170 705 592 1<\/li>\n\n\n\n<li>Mail: <a href=\"mailto:damnitz@ea-rlp.de\">damnitz@ea-rlp.de<\/a><\/li>\n<\/ul>\n\n\n\n<h3 class=\"wp-block-heading\">Vollst\u00e4ndiger Projekttitel<\/h3>\n\n\n\n<p>K\u00fcnstliche Intelligenz in der kommunalen Praxis: Wie man mit ChatGPT und Co die Arbeit in der Verwaltung erleichtert<\/p>\n\n\n\n<h3 class=\"wp-block-heading\">Laufzeit<\/h3>\n\n\n\n<ul class=\"wp-block-list\">\n<li>2023 fortlaufend<\/li>\n<\/ul>\n\n\n\n<h3 class=\"wp-block-heading\">Schlagw\u00f6rter<\/h3>\n\n\n\n<p>K\u00fcnstliche Intelligenz, Digitalisierung, Kommunen, Verwaltung, Zukunft der Arbeit, ChatGPT, Large Language Model, Schulung, Fortbildung, Seminar<\/p>\n\n\n\n<h3 class=\"wp-block-heading\">Weitere Informationen<\/h3>\n\n\n\n<figure class=\"wp-block-embed is-type-wp-embed is-provider-entwicklungsagentur wp-block-embed-entwicklungsagentur\"><div class=\"wp-block-embed__wrapper\">\n<blockquote class=\"wp-embedded-content\" data-secret=\"3vgAipm0rl\"><a href=\"https:\/\/ea-rlp.de\/ki-weiterbildung-chancen-trotz-jobaengsten-nutzen\/\">KI-Weiterbildung: Chancen trotz Job\u00e4ngsten nutzen<\/a><\/blockquote><iframe loading=\"lazy\" class=\"wp-embedded-content\" sandbox=\"allow-scripts\" security=\"restricted\" style=\"position: absolute; visibility: hidden;\" title=\"&#8222;KI-Weiterbildung: Chancen trotz Job\u00e4ngsten nutzen&#8220; &#8212; Entwicklungsagentur\" src=\"https:\/\/ea-rlp.de\/ki-weiterbildung-chancen-trotz-jobaengsten-nutzen\/embed\/#?secret=q27XrmSJcB#?secret=3vgAipm0rl\" data-secret=\"3vgAipm0rl\" width=\"500\" height=\"282\" frameborder=\"0\" marginwidth=\"0\" marginheight=\"0\" scrolling=\"no\"><\/iframe>\n<\/div><\/figure>\n\n\n\n<h3 class=\"wp-block-heading\">Downloads<\/h3>\n\n\n\n<ul class=\"wp-block-list\">\n<li><strong><a href=\"https:\/\/www.hs-mainz.de\/fileadmin\/Hochschule\/Qualitaetsmanagement\/Kompetenzzentrum\/pdf\/prompting_handreichung_05.pdf\">Gutes Prompting mit ChatGPT<\/a><\/strong> (PDF, zwei Seiten, 0,2 MB, vom Kompetenzzentrum f\u00fcr Innovation in Studium und Lehre, Hochschule Mainz)<\/li>\n\n\n\n<li><strong><a href=\"https:\/\/teachingtools.uzh.ch\/asset\/651d3d597918a3f3cf0012c2\/download&amp;ved=2ahUKEwit4d-t5N-FAxVlVfEDHTxlCHoQFnoECA4QAQ&amp;usg=AOvVaw1BL60pG35StmVT7-YIIOsD\">Gute Prompts formulieren<\/a><\/strong> (PDF, zwei Seiten, 0,1 MB, von der Universit\u00e4t Z\u00fcrich)<\/li>\n<\/ul>\n\n\n\n<p><\/p>\n\n\n\n<div style=\"height:20px\" aria-hidden=\"true\" class=\"wp-block-spacer\"><\/div>\n\n\n\n<figure class=\"wp-block-gallery has-nested-images columns-default is-cropped wp-block-gallery-1 is-layout-flex wp-block-gallery-is-layout-flex\">\n<figure class=\"wp-block-image size-large\"><a href=\"https:\/\/ea-rlp.de\/ueber-uns\/projekte\/digitale-doerfer-3\/\"><img decoding=\"async\" data-id=\"15939\" src=\"https:\/\/ea-rlp.de\/wp-content\/uploads\/2024\/05\/DD3-Laptop-1280x853.jpg\" alt=\"(Illustration: Pixabay\/EA, Montage)\" class=\"wp-image-15939\"\/><\/a><figcaption class=\"wp-element-caption\"><a href=\"https:\/\/ea-rlp.de\/ueber-uns\/projekte\/digitale-doerfer-3\/\">Digitale D\u00f6rfer 3<\/a><\/figcaption><\/figure>\n\n\n\n<figure class=\"wp-block-image size-large\"><a href=\"https:\/\/ea-rlp.de\/ueber-uns\/projekte\/digital-newsletter\/\"><img decoding=\"async\" data-id=\"16052\" src=\"https:\/\/ea-rlp.de\/wp-content\/uploads\/2024\/06\/Digital-Newsletter.jpg\" alt=\"(Foto: EA)\" class=\"wp-image-16052\"\/><\/a><\/figure>\n\n\n\n<figure class=\"wp-block-image size-large\"><a href=\"https:\/\/ea-rlp.de\/ueber-uns\/projekte\/digital-souveraene-kommune\/\"><img decoding=\"async\" data-id=\"16055\" src=\"https:\/\/ea-rlp.de\/wp-content\/uploads\/2024\/06\/Digital-souverane-Kommune-B-ild-von-Pexels-auf-Pixabay.jpg\" alt=\"(Illustration: Pixabay)\" class=\"wp-image-16055\"\/><\/a><figcaption class=\"wp-element-caption\"><a href=\"https:\/\/ea-rlp.de\/ueber-uns\/projekte\/digital-souveraene-kommune\/\">Digital souver\u00e4ne Kommune<\/a><\/figcaption><\/figure>\n\n\n\n<figure class=\"wp-block-image size-large\"><a href=\"https:\/\/ea-rlp.de\/ueber-uns\/projekte\/dorf-bueros\/\"><img decoding=\"async\" data-id=\"15991\" src=\"https:\/\/ea-rlp.de\/wp-content\/uploads\/2024\/05\/Dorf-Bueros-1280x863.jpg\" alt=\"(Foto: EA)\" class=\"wp-image-15991\"\/><\/a><figcaption class=\"wp-element-caption\"><a href=\"https:\/\/ea-rlp.de\/ueber-uns\/projekte\/dorf-bueros\/\">Dorf-B\u00fcros<\/a><\/figcaption><\/figure>\n\n\n\n<figure class=\"wp-block-image size-large is-style-default\"><a href=\"https:\/\/ea-rlp.de\/ueber-uns\/projekte\/fortbildung-digitalbeauftragte\/\"><img decoding=\"async\" data-id=\"16054\" src=\"https:\/\/ea-rlp.de\/wp-content\/uploads\/2024\/06\/Digitalbeauftragte-Bild-von-StartupStockPhotos-auf-Pixabay.jpg\" alt=\"(Foto: Pixabay)\" class=\"wp-image-16054\"\/><\/a><figcaption class=\"wp-element-caption\"><a href=\"https:\/\/ea-rlp.de\/ueber-uns\/projekte\/fortbildung-digitalbeauftragte\/\">Fortbildung Digitalbeauftragte<\/a><\/figcaption><\/figure>\n\n\n\n<figure class=\"wp-block-image size-large\"><a href=\"https:\/\/ea-rlp.de\/ueber-uns\/projekte\/gemeinsam-digital-zweibruecken\/\"><img decoding=\"async\" data-id=\"15893\" src=\"https:\/\/ea-rlp.de\/wp-content\/uploads\/2024\/05\/xem-04_upscale-1280x813.jpeg\" alt=\"(Foto: EA)\" class=\"wp-image-15893\"\/><\/a><figcaption class=\"wp-element-caption\"><a href=\"https:\/\/ea-rlp.de\/ueber-uns\/projekte\/gemeinsam-digital-zweibruecken\/\">Gemeinsam Digital Zweibr\u00fccken<\/a><\/figcaption><\/figure>\n\n\n\n<figure class=\"wp-block-image size-large\"><a href=\"https:\/\/ea-rlp.de\/ueber-uns\/projekte\/kommunales-crowdfunding\/\"><img decoding=\"async\" data-id=\"15934\" src=\"https:\/\/ea-rlp.de\/wp-content\/uploads\/2024\/05\/SM_DSCF1360-1280x853.jpeg\" alt=\"(Foto: EA)\" class=\"wp-image-15934\"\/><\/a><figcaption class=\"wp-element-caption\"><a href=\"https:\/\/ea-rlp.de\/ueber-uns\/projekte\/kommunales-crowdfunding\/\">Kommunales Crowdfunding<\/a><\/figcaption><\/figure>\n\n\n\n<figure class=\"wp-block-image size-large\"><a href=\"https:\/\/ea-rlp.de\/ueber-uns\/projekte\/kommune-2050\/\"><img decoding=\"async\" data-id=\"15900\" src=\"https:\/\/ea-rlp.de\/wp-content\/uploads\/2024\/05\/alien-1294088_1280.png\" alt=\"(Illustration: Pixabay)\" class=\"wp-image-15900\"\/><\/a><figcaption class=\"wp-element-caption\"><a href=\"https:\/\/ea-rlp.de\/ueber-uns\/projekte\/kommune-2050\/\">Kommune 2050<\/a><\/figcaption><\/figure>\n\n\n\n<figure class=\"wp-block-image size-large\"><a href=\"https:\/\/ea-rlp.de\/ueber-uns\/projekte\/kuenstliche-intelligenz-im-katastrophenschutz\/\"><img decoding=\"async\" data-id=\"15923\" src=\"https:\/\/ea-rlp.de\/wp-content\/uploads\/2024\/05\/KI-im-KatS-DALL\u00b7E-2024-05-27-11-20-01.jpg\" alt=\"(Illustration: DALL\u00b7E, KI-generiert)\" class=\"wp-image-15923\"\/><\/a><figcaption class=\"wp-element-caption\"><a href=\"https:\/\/ea-rlp.de\/ueber-uns\/projekte\/kuenstliche-intelligenz-im-katastrophenschutz\/\">K\u00fcnstliche Intelligenz im Katastrophenschutz<\/a><\/figcaption><\/figure>\n\n\n\n<figure class=\"wp-block-image size-large\"><a href=\"https:\/\/ea-rlp.de\/ueber-uns\/projekte\/kuenstliche-intelligenz-in-der-kommunalen-praxis\/\"><img decoding=\"async\" data-id=\"14535\" src=\"https:\/\/ea-rlp.de\/wp-content\/uploads\/2023\/08\/circuit-board-g4b5727d8d_1280.jpg\" alt=\"(Foto: Pixabay)\" class=\"wp-image-14535\"\/><\/a><figcaption class=\"wp-element-caption\"><a href=\"https:\/\/ea-rlp.de\/ueber-uns\/projekte\/kuenstliche-intelligenz-in-der-kommunalen-praxis\/\">K\u00fcnstliche Intelligenz in der kommunalen Praxis<\/a><\/figcaption><\/figure>\n\n\n\n<figure class=\"wp-block-image size-large\"><a href=\"https:\/\/ea-rlp.de\/ueber-uns\/projekte\/makerspace\/\"><img decoding=\"async\" data-id=\"16051\" src=\"https:\/\/ea-rlp.de\/wp-content\/uploads\/2024\/06\/Makerspace-Foto-Stephan-Morgensterm-1280x720.jpg\" alt=\"(Foto: Stephan Morgenstern)\" class=\"wp-image-16051\"\/><\/a><figcaption class=\"wp-element-caption\"><a href=\"https:\/\/ea-rlp.de\/ueber-uns\/projekte\/makerspace\/\">Makerspace<\/a><\/figcaption><\/figure>\n\n\n\n<figure class=\"wp-block-image size-large\"><a href=\"https:\/\/ea-rlp.de\/ueber-uns\/projekte\/smartes-dorf-seminare\/\"><img decoding=\"async\" data-id=\"16053\" src=\"https:\/\/ea-rlp.de\/wp-content\/uploads\/2024\/06\/Seminar-Bild-von-Dolf-Maurer-auf-Pixabay.jpg\" alt=\"(Foto: Pixabay)\" class=\"wp-image-16053\"\/><\/a><figcaption class=\"wp-element-caption\"><a href=\"https:\/\/ea-rlp.de\/ueber-uns\/projekte\/smartes-dorf-seminare\/\">Smartes-Dorf-Seminare<\/a><\/figcaption><\/figure>\n\n\n\n<figure class=\"wp-block-image size-large\"><a href=\"https:\/\/ea-rlp.de\/ueber-uns\/projekte\/verbindungsbuero-fuer-den-kommunalen-wiederaufbau\/\"><img decoding=\"async\" data-id=\"15926\" src=\"https:\/\/ea-rlp.de\/wp-content\/uploads\/2024\/05\/HR_EA_Ahrtal_Jan_Febr24_02-02-24_PELmedia079.jpg\" alt=\"(Foto: Piel media)\" class=\"wp-image-15926\"\/><\/a><figcaption class=\"wp-element-caption\"><a href=\"https:\/\/ea-rlp.de\/ueber-uns\/projekte\/verbindungsbuero-fuer-den-kommunalen-wiederaufbau\/\">Verbindungsb\u00fcro f\u00fcr den kommunalen Wiederaufbau<\/a><\/figcaption><\/figure>\n\n\n\n<figure class=\"wp-block-image size-large\"><a href=\"https:\/\/ea-rlp.de\/ueber-uns\/projekte\/zukunftsraeume-zukunftsbilder-rlp-2050\"><img decoding=\"async\" data-id=\"16004\" src=\"https:\/\/ea-rlp.de\/wp-content\/uploads\/2024\/05\/RLP-2050_Stockfoto_EA-Webseite-Montage-1280x893.jpg\" alt=\"(Foto: iStock\/EA, Montage)\" class=\"wp-image-16004\"\/><\/a><figcaption class=\"wp-element-caption\"><a href=\"https:\/\/ea-rlp.de\/ueber-uns\/projekte\/zukunftsraeume-zukunftsbilder-rlp-2050\" data-type=\"link\" data-id=\"https:\/\/ea-rlp.de\/ueber-uns\/projekte\/zukunftsraeume-zukunftsbilder-rlp-2050\">Zukunftsr\u00e4ume. Zukunftsbilder. RLP 2050<\/a><\/figcaption><\/figure>\n<\/figure>\n","protected":false},"excerpt":{"rendered":"<p>K\u00fcnstliche Intelligenz in der kommunalen Praxis In Seminaren unterrichtet die Entwicklungsagentur Rheinland-Pfalz ehrenamtliche Kommunalpolitikerinnen und -politiker sowie Mitarbeiterinnen und Mitarbeiter kommunaler Verwaltungen. Thema ist gutes Prompten: das Formulieren von Regieanweisungen an Sprachmodelle wie ChatGPT. Themen Die Entwicklungsagentur setzt ein Projekt zur Integration K\u00fcnstlicher Intelligenz (KI) in kommunalen Strukturen um. Ziel ist es, ehrenamtliche Kommunalpolitikerinnen und [&hellip;]<\/p>\n","protected":false},"author":5,"featured_media":15411,"parent":15902,"menu_order":0,"comment_status":"closed","ping_status":"closed","template":"","meta":{"footnotes":""},"class_list":["post-15672","page","type-page","status-publish","has-post-thumbnail","hentry"],"_links":{"self":[{"href":"https:\/\/neu.ea-rlp.de\/index.php\/wp-json\/wp\/v2\/pages\/15672","targetHints":{"allow":["GET"]}}],"collection":[{"href":"https:\/\/neu.ea-rlp.de\/index.php\/wp-json\/wp\/v2\/pages"}],"about":[{"href":"https:\/\/neu.ea-rlp.de\/index.php\/wp-json\/wp\/v2\/types\/page"}],"author":[{"embeddable":true,"href":"https:\/\/neu.ea-rlp.de\/index.php\/wp-json\/wp\/v2\/users\/5"}],"replies":[{"embeddable":true,"href":"https:\/\/neu.ea-rlp.de\/index.php\/wp-json\/wp\/v2\/comments?post=15672"}],"version-history":[{"count":0,"href":"https:\/\/neu.ea-rlp.de\/index.php\/wp-json\/wp\/v2\/pages\/15672\/revisions"}],"up":[{"embeddable":true,"href":"https:\/\/neu.ea-rlp.de\/index.php\/wp-json\/wp\/v2\/pages\/15902"}],"wp:featuredmedia":[{"embeddable":true,"href":"https:\/\/neu.ea-rlp.de\/index.php\/wp-json\/"}],"wp:attachment":[{"href":"https:\/\/neu.ea-rlp.de\/index.php\/wp-json\/wp\/v2\/media?parent=15672"}],"curies":[{"name":"wp","href":"https:\/\/api.w.org\/{rel}","templated":true}]}}