{"id":15990,"date":"2024-05-29T19:05:50","date_gmt":"2024-05-29T17:05:50","guid":{"rendered":"https:\/\/ea-rlp.de\/?page_id=15990"},"modified":"2024-05-29T19:05:50","modified_gmt":"2024-05-29T17:05:50","slug":"dorf-bueros","status":"publish","type":"page","link":"https:\/\/neu.ea-rlp.de\/index.php\/ueber-uns\/projekte\/dorf-bueros\/","title":{"rendered":"Dorf-B\u00fcros"},"content":{"rendered":"\n<h1 class=\"wp-block-heading\">Dorf-B\u00fcros<\/h1>\n\n\n\n<figure class=\"wp-block-image size-large\"><img decoding=\"async\" src=\"https:\/\/ea-rlp.de\/wp-content\/uploads\/2024\/05\/Dorf-Bueros-1280x863.jpg\" alt=\"(Foto: EA)\n\" class=\"wp-image-15991\"\/><figcaption class=\"wp-element-caption\"><sup>(Foto: EA)<\/sup><\/figcaption><\/figure>\n\n\n\n<p>13 Dorf-B\u00fcros in zw\u00f6lf Verbandsgemeinden bieten den B\u00fcrgerinnen und B\u00fcrgern die M\u00f6glichkeit, mobil zu arbeiten.<\/p>\n\n\n\n<h3 class=\"wp-block-heading\">Themen<\/h3>\n\n\n\n<figure class=\"wp-block-image alignright size-large is-resized\"><img decoding=\"async\" src=\"https:\/\/ea-rlp.de\/wp-content\/uploads\/2024\/09\/20240925-dorf-bueros-karte-1280x1099.jpg\" alt=\"\" class=\"wp-image-16825\" style=\"width:350px\"\/><\/figure>\n\n\n\n<ul class=\"wp-block-list\">\n<li>Coworking<\/li>\n\n\n\n<li>Coworking Space<\/li>\n\n\n\n<li>Dorf-B\u00fcro<\/li>\n\n\n\n<li>Kommunalentwicklung<\/li>\n<\/ul>\n\n\n\n<p>Das erweiterte Modellprojekt Dorf-B\u00fcros startete 2018 nach dem erfolgreichen Modellprojekt \u201eSchreibtisch in Pr\u00fcm\u201c. Durch das erweiterte Modellprojekt sollen Erkenntnisse dar\u00fcber gewonnen werden, welche Rolle Coworking Spaces f\u00fcr die kommunale Entwicklung im l\u00e4ndlichen Raum spielen k\u00f6nnen. Dies umfasst sowohl wirtschaftliche als auch soziale Aspekte sowie die Auswirkungen auf die Gemeinschaft und die regionale Entwicklung.<\/p>\n\n\n\n<p>Im erweiterten Modellprojekt werden pro Wettbewerbsrunde bis zu drei Dorf-B\u00fcros in rheinland-pf\u00e4lzischen Gemeinden ausgew\u00e4hlt. Die Dorf-B\u00fcros werden f\u00fcnf Jahre lang beraten und davon drei Jahre finanziell unterst\u00fctzt. Bei der finanziellen Unterst\u00fctzung handelt es sich um einen Defizitausgleich. <\/p>\n\n\n\n<p>Nach den drei Jahren werden die Dorf-B\u00fcros von den Kommunen mindestens zwei Jahre eigenst\u00e4ndig weitergef\u00fchrt. Insgesamt gibt es nach sechs Wettbewerbsrunden 13 Dorf-B\u00fcros. Dem Netzwerk der Dorf-B\u00fcros geh\u00f6ren an: Adenau (VG Adenau), Annweiler (VG Annweiler am Trifels), Bad D\u00fcrkheim (Stadt Bad D\u00fcrkheim), Buch (VG Kastellaun), Ediger-Eller und M\u00fcden (VG Cochem), Elmstein (VG Lambrecht), Horbruch (VG Herrstein-Rhaunen), Katzenelnbogen (VG Aar-Einrich), Kusel (VG Kusel-Altenglan), Pr\u00fcm (VG Pr\u00fcm), Stromberg (VG Langenlonsheim-Stromberg) und Wasserbilligerbr\u00fcck (VG Trier-Land).<\/p>\n\n\n\n<h3 class=\"wp-block-heading\">Projektleitung<\/h3>\n\n\n\n<p>Hang Do<\/p>\n\n\n\n<ul class=\"wp-block-list\">\n<li>Telefon: 06131 490 82 39<\/li>\n\n\n\n<li>Mobil: 0151 431 351 95<\/li>\n\n\n\n<li>Mail: <a href=\"mailto:do@ea-rlp.de\">do@ea-rlp.de<\/a><\/li>\n<\/ul>\n\n\n\n<h3 class=\"wp-block-heading\">Vollst\u00e4ndiger Projekttitel<\/h3>\n\n\n\n<p>Dorf-B\u00fcros \u2013 Coworking Spaces in Rheinland-Pfalz<\/p>\n\n\n\n<h3 class=\"wp-block-heading\">Laufzeit<\/h3>\n\n\n\n<p>Bis 2028<\/p>\n\n\n\n<h3 class=\"wp-block-heading\">Schlagw\u00f6rter<\/h3>\n\n\n\n<p>Coworking, Coworking Spaces, Dorf-B\u00fcro, Kommunalentwicklung, Mobiles Arbeiten, Netzwerk<\/p>\n\n\n\n<h3 class=\"wp-block-heading\">Weitere Informationen<\/h3>\n\n\n\n<ul class=\"wp-block-list\">\n<li><a href=\"https:\/\/dorfbueros-rlp.de\">dorfbueros-rlp.de<\/a><\/li>\n\n\n\n<li><a href=\"https:\/\/dorfbueros-rlp.de\/wp-content\/uploads\/2022\/03\/Dorf-Bueros-Broschuere-Web-PDF.pdf\">Dorf-B\u00fcro-Brosch\u00fcre<\/a> (PDF, 24 Seiten, 2,7 MB)<\/li>\n<\/ul>\n\n\n\n<h3 class=\"wp-block-heading\">Partner<\/h3>\n\n\n\n<ul class=\"wp-block-list\">\n<li>Ministerium des Innern und f\u00fcr Sport Rheinland-Pfalz<\/li>\n\n\n\n<li>Rheinland-pf\u00e4lzische Kommunen<\/li>\n<\/ul>\n\n\n\n<div style=\"height:20px\" aria-hidden=\"true\" class=\"wp-block-spacer\"><\/div>\n\n\n\n<figure class=\"wp-block-gallery has-nested-images columns-default is-cropped wp-block-gallery-1 is-layout-flex wp-block-gallery-is-layout-flex\">\n<figure class=\"wp-block-image size-large\"><a href=\"https:\/\/ea-rlp.de\/ueber-uns\/projekte\/digitale-doerfer-3\/\"><img decoding=\"async\" data-id=\"15939\" src=\"https:\/\/ea-rlp.de\/wp-content\/uploads\/2024\/05\/DD3-Laptop-1280x853.jpg\" alt=\"(Illustration: Pixabay\/EA, Montage)\" class=\"wp-image-15939\"\/><\/a><figcaption class=\"wp-element-caption\"><a href=\"https:\/\/ea-rlp.de\/ueber-uns\/projekte\/digitale-doerfer-3\/\">Digitale D\u00f6rfer 3<\/a><\/figcaption><\/figure>\n\n\n\n<figure class=\"wp-block-image size-large\"><a href=\"https:\/\/ea-rlp.de\/ueber-uns\/projekte\/digital-newsletter\/\"><img decoding=\"async\" data-id=\"16052\" src=\"https:\/\/ea-rlp.de\/wp-content\/uploads\/2024\/06\/Digital-Newsletter.jpg\" alt=\"(Foto: EA)\" class=\"wp-image-16052\"\/><\/a><\/figure>\n\n\n\n<figure class=\"wp-block-image size-large\"><a href=\"https:\/\/ea-rlp.de\/ueber-uns\/projekte\/digital-souveraene-kommune\/\"><img decoding=\"async\" data-id=\"16055\" src=\"https:\/\/ea-rlp.de\/wp-content\/uploads\/2024\/06\/Digital-souverane-Kommune-B-ild-von-Pexels-auf-Pixabay.jpg\" alt=\"(Illustration: Pixabay)\" class=\"wp-image-16055\"\/><\/a><figcaption class=\"wp-element-caption\"><a href=\"https:\/\/ea-rlp.de\/ueber-uns\/projekte\/digital-souveraene-kommune\/\">Digital souver\u00e4ne Kommune<\/a><\/figcaption><\/figure>\n\n\n\n<figure class=\"wp-block-image size-large\"><a href=\"https:\/\/ea-rlp.de\/ueber-uns\/projekte\/dorf-bueros\/\"><img decoding=\"async\" data-id=\"15991\" src=\"https:\/\/ea-rlp.de\/wp-content\/uploads\/2024\/05\/Dorf-Bueros-1280x863.jpg\" alt=\"(Foto: EA)\" class=\"wp-image-15991\"\/><\/a><figcaption class=\"wp-element-caption\"><a href=\"https:\/\/ea-rlp.de\/ueber-uns\/projekte\/dorf-bueros\/\">Dorf-B\u00fcros<\/a><\/figcaption><\/figure>\n\n\n\n<figure class=\"wp-block-image size-large is-style-default\"><a href=\"https:\/\/ea-rlp.de\/ueber-uns\/projekte\/fortbildung-digitalbeauftragte\/\"><img decoding=\"async\" data-id=\"16054\" src=\"https:\/\/ea-rlp.de\/wp-content\/uploads\/2024\/06\/Digitalbeauftragte-Bild-von-StartupStockPhotos-auf-Pixabay.jpg\" alt=\"(Foto: Pixabay)\" class=\"wp-image-16054\"\/><\/a><figcaption class=\"wp-element-caption\"><a href=\"https:\/\/ea-rlp.de\/ueber-uns\/projekte\/fortbildung-digitalbeauftragte\/\">Fortbildung Digitalbeauftragte<\/a><\/figcaption><\/figure>\n\n\n\n<figure class=\"wp-block-image size-large\"><a href=\"https:\/\/ea-rlp.de\/ueber-uns\/projekte\/gemeinsam-digital-zweibruecken\/\"><img decoding=\"async\" data-id=\"15893\" src=\"https:\/\/ea-rlp.de\/wp-content\/uploads\/2024\/05\/xem-04_upscale-1280x813.jpeg\" alt=\"(Foto: EA)\" class=\"wp-image-15893\"\/><\/a><figcaption class=\"wp-element-caption\"><a href=\"https:\/\/ea-rlp.de\/ueber-uns\/projekte\/gemeinsam-digital-zweibruecken\/\">Gemeinsam Digital Zweibr\u00fccken<\/a><\/figcaption><\/figure>\n\n\n\n<figure class=\"wp-block-image size-large\"><a href=\"https:\/\/ea-rlp.de\/ueber-uns\/projekte\/kommunales-crowdfunding\/\"><img decoding=\"async\" data-id=\"15934\" src=\"https:\/\/ea-rlp.de\/wp-content\/uploads\/2024\/05\/SM_DSCF1360-1280x853.jpeg\" alt=\"(Foto: EA)\" class=\"wp-image-15934\"\/><\/a><figcaption class=\"wp-element-caption\"><a href=\"https:\/\/ea-rlp.de\/ueber-uns\/projekte\/kommunales-crowdfunding\/\">Kommunales Crowdfunding<\/a><\/figcaption><\/figure>\n\n\n\n<figure class=\"wp-block-image size-large\"><a href=\"https:\/\/ea-rlp.de\/ueber-uns\/projekte\/kommune-2050\/\"><img decoding=\"async\" data-id=\"15900\" src=\"https:\/\/ea-rlp.de\/wp-content\/uploads\/2024\/05\/alien-1294088_1280.png\" alt=\"(Illustration: Pixabay)\" class=\"wp-image-15900\"\/><\/a><figcaption class=\"wp-element-caption\"><a href=\"https:\/\/ea-rlp.de\/ueber-uns\/projekte\/kommune-2050\/\">Kommune 2050<\/a><\/figcaption><\/figure>\n\n\n\n<figure class=\"wp-block-image size-large\"><a href=\"https:\/\/ea-rlp.de\/ueber-uns\/projekte\/kuenstliche-intelligenz-im-katastrophenschutz\/\"><img decoding=\"async\" data-id=\"15923\" src=\"https:\/\/ea-rlp.de\/wp-content\/uploads\/2024\/05\/KI-im-KatS-DALL\u00b7E-2024-05-27-11-20-01.jpg\" alt=\"(Illustration: DALL\u00b7E, KI-generiert)\" class=\"wp-image-15923\"\/><\/a><figcaption class=\"wp-element-caption\"><a href=\"https:\/\/ea-rlp.de\/ueber-uns\/projekte\/kuenstliche-intelligenz-im-katastrophenschutz\/\">K\u00fcnstliche Intelligenz im Katastrophenschutz<\/a><\/figcaption><\/figure>\n\n\n\n<figure class=\"wp-block-image size-large\"><a href=\"https:\/\/ea-rlp.de\/ueber-uns\/projekte\/kuenstliche-intelligenz-in-der-kommunalen-praxis\/\"><img decoding=\"async\" data-id=\"14535\" src=\"https:\/\/ea-rlp.de\/wp-content\/uploads\/2023\/08\/circuit-board-g4b5727d8d_1280.jpg\" alt=\"(Foto: Pixabay)\" class=\"wp-image-14535\"\/><\/a><figcaption class=\"wp-element-caption\"><a href=\"https:\/\/ea-rlp.de\/ueber-uns\/projekte\/kuenstliche-intelligenz-in-der-kommunalen-praxis\/\">K\u00fcnstliche Intelligenz in der kommunalen Praxis<\/a><\/figcaption><\/figure>\n\n\n\n<figure class=\"wp-block-image size-large\"><a href=\"https:\/\/ea-rlp.de\/ueber-uns\/projekte\/makerspace\/\"><img decoding=\"async\" data-id=\"16051\" src=\"https:\/\/ea-rlp.de\/wp-content\/uploads\/2024\/06\/Makerspace-Foto-Stephan-Morgensterm-1280x720.jpg\" alt=\"(Foto: Stephan Morgenstern)\" class=\"wp-image-16051\"\/><\/a><figcaption class=\"wp-element-caption\"><a href=\"https:\/\/ea-rlp.de\/ueber-uns\/projekte\/makerspace\/\">Makerspace<\/a><\/figcaption><\/figure>\n\n\n\n<figure class=\"wp-block-image size-large\"><a href=\"https:\/\/ea-rlp.de\/ueber-uns\/projekte\/smartes-dorf-seminare\/\"><img decoding=\"async\" data-id=\"16053\" src=\"https:\/\/ea-rlp.de\/wp-content\/uploads\/2024\/06\/Seminar-Bild-von-Dolf-Maurer-auf-Pixabay.jpg\" alt=\"(Foto: Pixabay)\" class=\"wp-image-16053\"\/><\/a><figcaption class=\"wp-element-caption\"><a href=\"https:\/\/ea-rlp.de\/ueber-uns\/projekte\/smartes-dorf-seminare\/\">Smartes-Dorf-Seminare<\/a><\/figcaption><\/figure>\n\n\n\n<figure class=\"wp-block-image size-large\"><a href=\"https:\/\/ea-rlp.de\/ueber-uns\/projekte\/verbindungsbuero-fuer-den-kommunalen-wiederaufbau\/\"><img decoding=\"async\" data-id=\"15926\" src=\"https:\/\/ea-rlp.de\/wp-content\/uploads\/2024\/05\/HR_EA_Ahrtal_Jan_Febr24_02-02-24_PELmedia079.jpg\" alt=\"(Foto: Piel media)\" class=\"wp-image-15926\"\/><\/a><figcaption class=\"wp-element-caption\"><a href=\"https:\/\/ea-rlp.de\/ueber-uns\/projekte\/verbindungsbuero-fuer-den-kommunalen-wiederaufbau\/\">Verbindungsb\u00fcro f\u00fcr den kommunalen Wiederaufbau<\/a><\/figcaption><\/figure>\n\n\n\n<figure class=\"wp-block-image size-large\"><a href=\"https:\/\/ea-rlp.de\/ueber-uns\/projekte\/zukunftsraeume-zukunftsbilder-rlp-2050\"><img decoding=\"async\" data-id=\"16004\" src=\"https:\/\/ea-rlp.de\/wp-content\/uploads\/2024\/05\/RLP-2050_Stockfoto_EA-Webseite-Montage-1280x893.jpg\" alt=\"(Foto: iStock\/EA, Montage)\" class=\"wp-image-16004\"\/><\/a><figcaption class=\"wp-element-caption\"><a href=\"https:\/\/ea-rlp.de\/ueber-uns\/projekte\/zukunftsraeume-zukunftsbilder-rlp-2050\" data-type=\"link\" data-id=\"https:\/\/ea-rlp.de\/ueber-uns\/projekte\/zukunftsraeume-zukunftsbilder-rlp-2050\">Zukunftsr\u00e4ume. Zukunftsbilder. RLP 2050<\/a><\/figcaption><\/figure>\n<\/figure>\n","protected":false},"excerpt":{"rendered":"<p>Dorf-B\u00fcros 13 Dorf-B\u00fcros in zw\u00f6lf Verbandsgemeinden bieten den B\u00fcrgerinnen und B\u00fcrgern die M\u00f6glichkeit, mobil zu arbeiten. Themen Das erweiterte Modellprojekt Dorf-B\u00fcros startete 2018 nach dem erfolgreichen Modellprojekt \u201eSchreibtisch in Pr\u00fcm\u201c. Durch das erweiterte Modellprojekt sollen Erkenntnisse dar\u00fcber gewonnen werden, welche Rolle Coworking Spaces f\u00fcr die kommunale Entwicklung im l\u00e4ndlichen Raum spielen k\u00f6nnen. Dies umfasst sowohl [&hellip;]<\/p>\n","protected":false},"author":11,"featured_media":15991,"parent":15902,"menu_order":0,"comment_status":"closed","ping_status":"closed","template":"","meta":{"footnotes":""},"class_list":["post-15990","page","type-page","status-publish","has-post-thumbnail","hentry"],"_links":{"self":[{"href":"https:\/\/neu.ea-rlp.de\/index.php\/wp-json\/wp\/v2\/pages\/15990","targetHints":{"allow":["GET"]}}],"collection":[{"href":"https:\/\/neu.ea-rlp.de\/index.php\/wp-json\/wp\/v2\/pages"}],"about":[{"href":"https:\/\/neu.ea-rlp.de\/index.php\/wp-json\/wp\/v2\/types\/page"}],"author":[{"embeddable":true,"href":"https:\/\/neu.ea-rlp.de\/index.php\/wp-json\/wp\/v2\/users\/11"}],"replies":[{"embeddable":true,"href":"https:\/\/neu.ea-rlp.de\/index.php\/wp-json\/wp\/v2\/comments?post=15990"}],"version-history":[{"count":0,"href":"https:\/\/neu.ea-rlp.de\/index.php\/wp-json\/wp\/v2\/pages\/15990\/revisions"}],"up":[{"embeddable":true,"href":"https:\/\/neu.ea-rlp.de\/index.php\/wp-json\/wp\/v2\/pages\/15902"}],"wp:featuredmedia":[{"embeddable":true,"href":"https:\/\/neu.ea-rlp.de\/index.php\/wp-json\/"}],"wp:attachment":[{"href":"https:\/\/neu.ea-rlp.de\/index.php\/wp-json\/wp\/v2\/media?parent=15990"}],"curies":[{"name":"wp","href":"https:\/\/api.w.org\/{rel}","templated":true}]}}