{"id":16058,"date":"2024-06-03T13:54:36","date_gmt":"2024-06-03T11:54:36","guid":{"rendered":"https:\/\/ea-rlp.de\/?page_id=16058"},"modified":"2024-06-03T13:54:36","modified_gmt":"2024-06-03T11:54:36","slug":"digital-newsletter","status":"publish","type":"page","link":"https:\/\/neu.ea-rlp.de\/index.php\/ueber-uns\/projekte\/digital-newsletter\/","title":{"rendered":"Digital-Newsletter"},"content":{"rendered":"\n<h1 class=\"wp-block-heading\">Digital-Newsletter<\/h1>\n\n\n\n<p>Der Digital-Newsletter stellt Projekte rund um das Thema Digitalisierung aus Kommunen vor und beschreibt das Vorgehen zu deren Umsetzung.<\/p>\n\n\n\n<figure class=\"wp-block-image size-large\"><img decoding=\"async\" src=\"https:\/\/ea-rlp.de\/wp-content\/uploads\/2024\/06\/Digital-Newsletter.jpg\" alt=\"(Foto: EA)\" class=\"wp-image-16052\"\/><figcaption class=\"wp-element-caption\">(Foto: EA)<\/figcaption><\/figure>\n\n\n\n<h3 class=\"wp-block-heading\">Themen<\/h3>\n\n\n\n<figure class=\"wp-block-image alignright size-large is-resized\"><img decoding=\"async\" src=\"https:\/\/ea-rlp.de\/wp-content\/uploads\/2024\/09\/20240925-digital-newsletter-karte-1280x1183.jpg\" alt=\"\" class=\"wp-image-16824\" style=\"width:350px\"\/><\/figure>\n\n\n\n<p>Der Digital-Newsletter stellt in jeder Ausgabe ein Projekt aus einer Kommune vor, das sich mit dem Thema Digitalisierung besch\u00e4ftigt. Neben einer Beschreibung des Projektes wird auch dessen Umsetzung beschrieben. So soll es f\u00fcr Interessierte einfacher werden, das Projekt in der eigenen Kommune umzusetzen.<\/p>\n\n\n\n<p>Der Newsletter entsteht jeweils in Zusammenarbeit mit der Kommune, aus der das Projekt stammt. Die Kommune kann die entstandenen Texte f\u00fcr die eigene \u00d6ffentlichkeitsarbeit verwenden. Interessierte Kommunen k\u00f6nnen ihre Projekte<a href=\"https:\/\/ea-rlp.de\/digital-werkstatt\/kontaktformular-digital-newsletter\/\"> <strong>hier einreichen<\/strong><\/a>. F\u00fcr den Newsletter kann man sich <a href=\"https:\/\/ea-rlp.de\/digital-newsletter-anmeldung\/\"><strong>hier anmelden<\/strong><\/a>.<\/p>\n\n\n\n<h3 class=\"wp-block-heading\">Projektleitung<\/h3>\n\n\n\n<p>S\u00f6ren Damnitz<\/p>\n\n\n\n<ul class=\"wp-block-list\">\n<li>Telefon: 06131 \u2013 490 82 33<\/li>\n\n\n\n<li>Mobil: 0170 \u2013 705 592 1<\/li>\n\n\n\n<li>Mail: <a href=\"mailto:damnitz@ea-rlp.de\">damnitz@ea-rlp.de<\/a><\/li>\n<\/ul>\n\n\n\n<h3 class=\"wp-block-heading\">Laufzeit<\/h3>\n\n\n\n<p>Bis 2026<\/p>\n\n\n\n<h3 class=\"wp-block-heading\">Schlagw\u00f6rter<\/h3>\n\n\n\n<p>Newsletter, Digitalisierung, Landleben digital<\/p>\n\n\n\n<h3 class=\"wp-block-heading\">Weitere Informationen<\/h3>\n\n\n\n<ul class=\"wp-block-list\">\n<li><a href=\"https:\/\/ea-rlp.de\/digital-newsletter-anmeldung\/\"><strong>Anmeldung zum Newsletter<\/strong><\/a><\/li>\n\n\n\n<li><a href=\"https:\/\/ea-rlp.de\/digital-newsletter-archiv\/\"><strong>Bisherige Ausgaben<\/strong><\/a><\/li>\n\n\n\n<li><a href=\"https:\/\/ea-rlp.de\/digital-werkstatt\/kontaktformular-digital-newsletter\/\"><strong>Meldeformular f\u00fcr Projekte<\/strong><\/a><\/li>\n<\/ul>\n\n\n\n<h3 class=\"wp-block-heading\">Partner<\/h3>\n\n\n\n<p>Der Digital-Newsletter wird unterst\u00fctzt von:<\/p>\n\n\n\n<ul class=\"wp-block-list\">\n<li>Kommunal-Akademie Rheinland-Pfalz e.V.<\/li>\n\n\n\n<li>Netzwerk Digitale D\u00f6rfer Rheinland-Pfalz<\/li>\n\n\n\n<li>Ministerium des Innern und f\u00fcr Sport Rheinland-Pfalz<\/li>\n\n\n\n<li>Ministerium f\u00fcr Arbeit, Soziales, Transformation und Digitalisierung Rheinland-Pfalz<\/li>\n<\/ul>\n\n\n\n<div style=\"height:20px\" aria-hidden=\"true\" class=\"wp-block-spacer\"><\/div>\n\n\n\n<figure class=\"wp-block-gallery has-nested-images columns-default is-cropped wp-block-gallery-1 is-layout-flex wp-block-gallery-is-layout-flex\">\n<figure class=\"wp-block-image size-large\"><a href=\"https:\/\/ea-rlp.de\/ueber-uns\/projekte\/digitale-doerfer-3\/\"><img decoding=\"async\" data-id=\"15939\" src=\"https:\/\/ea-rlp.de\/wp-content\/uploads\/2024\/05\/DD3-Laptop-1280x853.jpg\" alt=\"(Illustration: Pixabay\/EA, Montage)\" class=\"wp-image-15939\"\/><\/a><figcaption class=\"wp-element-caption\"><a href=\"https:\/\/ea-rlp.de\/ueber-uns\/projekte\/digitale-doerfer-3\/\">Digitale D\u00f6rfer 3<\/a><\/figcaption><\/figure>\n\n\n\n<figure class=\"wp-block-image size-large\"><a href=\"https:\/\/ea-rlp.de\/ueber-uns\/projekte\/digital-newsletter\/\"><img decoding=\"async\" data-id=\"16052\" src=\"https:\/\/ea-rlp.de\/wp-content\/uploads\/2024\/06\/Digital-Newsletter.jpg\" alt=\"(Foto: EA)\" class=\"wp-image-16052\"\/><\/a><\/figure>\n\n\n\n<figure class=\"wp-block-image size-large\"><a href=\"https:\/\/ea-rlp.de\/ueber-uns\/projekte\/digital-souveraene-kommune\/\"><img decoding=\"async\" data-id=\"16055\" src=\"https:\/\/ea-rlp.de\/wp-content\/uploads\/2024\/06\/Digital-souverane-Kommune-B-ild-von-Pexels-auf-Pixabay.jpg\" alt=\"(Illustration: Pixabay)\" class=\"wp-image-16055\"\/><\/a><figcaption class=\"wp-element-caption\"><a href=\"https:\/\/ea-rlp.de\/ueber-uns\/projekte\/digital-souveraene-kommune\/\">Digital souver\u00e4ne Kommune<\/a><\/figcaption><\/figure>\n\n\n\n<figure class=\"wp-block-image size-large\"><a href=\"https:\/\/ea-rlp.de\/ueber-uns\/projekte\/dorf-bueros\/\"><img decoding=\"async\" data-id=\"15991\" src=\"https:\/\/ea-rlp.de\/wp-content\/uploads\/2024\/05\/Dorf-Bueros-1280x863.jpg\" alt=\"(Foto: EA)\" class=\"wp-image-15991\"\/><\/a><figcaption class=\"wp-element-caption\"><a href=\"https:\/\/ea-rlp.de\/ueber-uns\/projekte\/dorf-bueros\/\">Dorf-B\u00fcros<\/a><\/figcaption><\/figure>\n\n\n\n<figure class=\"wp-block-image size-large is-style-default\"><a href=\"https:\/\/ea-rlp.de\/ueber-uns\/projekte\/fortbildung-digitalbeauftragte\/\"><img decoding=\"async\" data-id=\"16054\" src=\"https:\/\/ea-rlp.de\/wp-content\/uploads\/2024\/06\/Digitalbeauftragte-Bild-von-StartupStockPhotos-auf-Pixabay.jpg\" alt=\"(Foto: Pixabay)\" class=\"wp-image-16054\"\/><\/a><figcaption class=\"wp-element-caption\"><a href=\"https:\/\/ea-rlp.de\/ueber-uns\/projekte\/fortbildung-digitalbeauftragte\/\">Fortbildung Digitalbeauftragte<\/a><\/figcaption><\/figure>\n\n\n\n<figure class=\"wp-block-image size-large\"><a href=\"https:\/\/ea-rlp.de\/ueber-uns\/projekte\/gemeinsam-digital-zweibruecken\/\"><img decoding=\"async\" data-id=\"15893\" src=\"https:\/\/ea-rlp.de\/wp-content\/uploads\/2024\/05\/xem-04_upscale-1280x813.jpeg\" alt=\"(Foto: EA)\" class=\"wp-image-15893\"\/><\/a><figcaption class=\"wp-element-caption\"><a href=\"https:\/\/ea-rlp.de\/ueber-uns\/projekte\/gemeinsam-digital-zweibruecken\/\">Gemeinsam Digital Zweibr\u00fccken<\/a><\/figcaption><\/figure>\n\n\n\n<figure class=\"wp-block-image size-large\"><a href=\"https:\/\/ea-rlp.de\/ueber-uns\/projekte\/kommunales-crowdfunding\/\"><img decoding=\"async\" data-id=\"15934\" src=\"https:\/\/ea-rlp.de\/wp-content\/uploads\/2024\/05\/SM_DSCF1360-1280x853.jpeg\" alt=\"(Foto: EA)\" class=\"wp-image-15934\"\/><\/a><figcaption class=\"wp-element-caption\"><a href=\"https:\/\/ea-rlp.de\/ueber-uns\/projekte\/kommunales-crowdfunding\/\">Kommunales Crowdfunding<\/a><\/figcaption><\/figure>\n\n\n\n<figure class=\"wp-block-image size-large\"><a href=\"https:\/\/ea-rlp.de\/ueber-uns\/projekte\/kommune-2050\/\"><img decoding=\"async\" data-id=\"15900\" src=\"https:\/\/ea-rlp.de\/wp-content\/uploads\/2024\/05\/alien-1294088_1280.png\" alt=\"(Illustration: Pixabay)\" class=\"wp-image-15900\"\/><\/a><figcaption class=\"wp-element-caption\"><a href=\"https:\/\/ea-rlp.de\/ueber-uns\/projekte\/kommune-2050\/\">Kommune 2050<\/a><\/figcaption><\/figure>\n\n\n\n<figure class=\"wp-block-image size-large\"><a href=\"https:\/\/ea-rlp.de\/ueber-uns\/projekte\/kuenstliche-intelligenz-im-katastrophenschutz\/\"><img decoding=\"async\" data-id=\"15923\" src=\"https:\/\/ea-rlp.de\/wp-content\/uploads\/2024\/05\/KI-im-KatS-DALL\u00b7E-2024-05-27-11-20-01.jpg\" alt=\"(Illustration: DALL\u00b7E, KI-generiert)\" class=\"wp-image-15923\"\/><\/a><figcaption class=\"wp-element-caption\"><a href=\"https:\/\/ea-rlp.de\/ueber-uns\/projekte\/kuenstliche-intelligenz-im-katastrophenschutz\/\">K\u00fcnstliche Intelligenz im Katastrophenschutz<\/a><\/figcaption><\/figure>\n\n\n\n<figure class=\"wp-block-image size-large\"><a href=\"https:\/\/ea-rlp.de\/ueber-uns\/projekte\/kuenstliche-intelligenz-in-der-kommunalen-praxis\/\"><img decoding=\"async\" data-id=\"14535\" src=\"https:\/\/ea-rlp.de\/wp-content\/uploads\/2023\/08\/circuit-board-g4b5727d8d_1280.jpg\" alt=\"(Foto: Pixabay)\" class=\"wp-image-14535\"\/><\/a><figcaption class=\"wp-element-caption\"><a href=\"https:\/\/ea-rlp.de\/ueber-uns\/projekte\/kuenstliche-intelligenz-in-der-kommunalen-praxis\/\">K\u00fcnstliche Intelligenz in der kommunalen Praxis<\/a><\/figcaption><\/figure>\n\n\n\n<figure class=\"wp-block-image size-large\"><a href=\"https:\/\/ea-rlp.de\/ueber-uns\/projekte\/makerspace\/\"><img decoding=\"async\" data-id=\"16051\" src=\"https:\/\/ea-rlp.de\/wp-content\/uploads\/2024\/06\/Makerspace-Foto-Stephan-Morgensterm-1280x720.jpg\" alt=\"(Foto: Stephan Morgenstern)\" class=\"wp-image-16051\"\/><\/a><figcaption class=\"wp-element-caption\"><a href=\"https:\/\/ea-rlp.de\/ueber-uns\/projekte\/makerspace\/\">Makerspace<\/a><\/figcaption><\/figure>\n\n\n\n<figure class=\"wp-block-image size-large\"><a href=\"https:\/\/ea-rlp.de\/ueber-uns\/projekte\/smartes-dorf-seminare\/\"><img decoding=\"async\" data-id=\"16053\" src=\"https:\/\/ea-rlp.de\/wp-content\/uploads\/2024\/06\/Seminar-Bild-von-Dolf-Maurer-auf-Pixabay.jpg\" alt=\"(Foto: Pixabay)\" class=\"wp-image-16053\"\/><\/a><figcaption class=\"wp-element-caption\"><a href=\"https:\/\/ea-rlp.de\/ueber-uns\/projekte\/smartes-dorf-seminare\/\">Smartes-Dorf-Seminare<\/a><\/figcaption><\/figure>\n\n\n\n<figure class=\"wp-block-image size-large\"><a href=\"https:\/\/ea-rlp.de\/ueber-uns\/projekte\/verbindungsbuero-fuer-den-kommunalen-wiederaufbau\/\"><img decoding=\"async\" data-id=\"15926\" src=\"https:\/\/ea-rlp.de\/wp-content\/uploads\/2024\/05\/HR_EA_Ahrtal_Jan_Febr24_02-02-24_PELmedia079.jpg\" alt=\"(Foto: Piel media)\" class=\"wp-image-15926\"\/><\/a><figcaption class=\"wp-element-caption\"><a href=\"https:\/\/ea-rlp.de\/ueber-uns\/projekte\/verbindungsbuero-fuer-den-kommunalen-wiederaufbau\/\">Verbindungsb\u00fcro f\u00fcr den kommunalen Wiederaufbau<\/a><\/figcaption><\/figure>\n\n\n\n<figure class=\"wp-block-image size-large\"><a href=\"https:\/\/ea-rlp.de\/ueber-uns\/projekte\/zukunftsraeume-zukunftsbilder-rlp-2050\"><img decoding=\"async\" data-id=\"16004\" src=\"https:\/\/ea-rlp.de\/wp-content\/uploads\/2024\/05\/RLP-2050_Stockfoto_EA-Webseite-Montage-1280x893.jpg\" alt=\"(Foto: iStock\/EA, Montage)\" class=\"wp-image-16004\"\/><\/a><figcaption class=\"wp-element-caption\"><a href=\"https:\/\/ea-rlp.de\/ueber-uns\/projekte\/zukunftsraeume-zukunftsbilder-rlp-2050\" data-type=\"link\" data-id=\"https:\/\/ea-rlp.de\/ueber-uns\/projekte\/zukunftsraeume-zukunftsbilder-rlp-2050\">Zukunftsr\u00e4ume. Zukunftsbilder. RLP 2050<\/a><\/figcaption><\/figure>\n<\/figure>\n","protected":false},"excerpt":{"rendered":"<p>Digital-Newsletter Der Digital-Newsletter stellt Projekte rund um das Thema Digitalisierung aus Kommunen vor und beschreibt das Vorgehen zu deren Umsetzung. Themen Der Digital-Newsletter stellt in jeder Ausgabe ein Projekt aus einer Kommune vor, das sich mit dem Thema Digitalisierung besch\u00e4ftigt. Neben einer Beschreibung des Projektes wird auch dessen Umsetzung beschrieben. So soll es f\u00fcr Interessierte [&hellip;]<\/p>\n","protected":false},"author":5,"featured_media":16052,"parent":15902,"menu_order":0,"comment_status":"closed","ping_status":"closed","template":"","meta":{"footnotes":""},"class_list":["post-16058","page","type-page","status-publish","has-post-thumbnail","hentry"],"_links":{"self":[{"href":"https:\/\/neu.ea-rlp.de\/index.php\/wp-json\/wp\/v2\/pages\/16058","targetHints":{"allow":["GET"]}}],"collection":[{"href":"https:\/\/neu.ea-rlp.de\/index.php\/wp-json\/wp\/v2\/pages"}],"about":[{"href":"https:\/\/neu.ea-rlp.de\/index.php\/wp-json\/wp\/v2\/types\/page"}],"author":[{"embeddable":true,"href":"https:\/\/neu.ea-rlp.de\/index.php\/wp-json\/wp\/v2\/users\/5"}],"replies":[{"embeddable":true,"href":"https:\/\/neu.ea-rlp.de\/index.php\/wp-json\/wp\/v2\/comments?post=16058"}],"version-history":[{"count":0,"href":"https:\/\/neu.ea-rlp.de\/index.php\/wp-json\/wp\/v2\/pages\/16058\/revisions"}],"up":[{"embeddable":true,"href":"https:\/\/neu.ea-rlp.de\/index.php\/wp-json\/wp\/v2\/pages\/15902"}],"wp:featuredmedia":[{"embeddable":true,"href":"https:\/\/neu.ea-rlp.de\/index.php\/wp-json\/"}],"wp:attachment":[{"href":"https:\/\/neu.ea-rlp.de\/index.php\/wp-json\/wp\/v2\/media?parent=16058"}],"curies":[{"name":"wp","href":"https:\/\/api.w.org\/{rel}","templated":true}]}}