{"id":16060,"date":"2024-06-03T14:31:37","date_gmt":"2024-06-03T12:31:37","guid":{"rendered":"https:\/\/ea-rlp.de\/?page_id=16060"},"modified":"2024-06-03T14:31:37","modified_gmt":"2024-06-03T12:31:37","slug":"makerspace","status":"publish","type":"page","link":"https:\/\/neu.ea-rlp.de\/index.php\/ueber-uns\/projekte\/makerspace\/","title":{"rendered":"Makerspace"},"content":{"rendered":"\n<h1 class=\"wp-block-heading\">Makerspace<\/h1>\n\n\n\n<figure class=\"wp-block-image size-large\"><img decoding=\"async\" src=\"https:\/\/ea-rlp.de\/wp-content\/uploads\/2024\/06\/Makerspace-Foto-Stephan-Morgensterm-1280x720.jpg\" alt=\"(Foto: Stephan Morgenstern)\" class=\"wp-image-16051\"\/><figcaption class=\"wp-element-caption\"><sup>(Foto: Stephan Morgenstern)<\/sup><\/figcaption><\/figure>\n\n\n\n<p>Die Entwicklungsagentur vernetzt Makerspace-Betreiber und Interessierte. Gleichzeitig kooperiert die EA mit der Offenen Werkstatt Mainz, um Erfahrungen zu sammeln und Interessierten zur Verf\u00fcgung zu stellen.<\/p>\n\n\n\n<h3 class=\"wp-block-heading\">Themen<\/h3>\n\n\n\n<p>Im Koalitionsvertrag der rheinland-pf\u00e4lzischen Landesregierung von 2021 wurde vereinbart, dass die EA in der Legislaturperiode 2021 bis 2026 die rheinland-pf\u00e4lzischen Kommunen bei der Digitalisierung mit einem Modellprojekt zur Einrichtung von Makerspaces unterst\u00fctzen soll. Makerspaces sind \u00f6ffentliche Einrichtungen, in denen besondere Ger\u00e4te und Werkzeuge zur Umsetzung eigener handwerklicher oder technischer Projekte zur Verf\u00fcgung stehen, zum Beispiel Lasercutter oder 3D-Drucker.<\/p>\n\n\n\n<p>Bisher agieren die einzelnen Initiativen in diesem Bereich oft isoliert. Die Entwicklungsagentur vernetzt diese Aktivit\u00e4ten durch Veranstaltungen und f\u00fchrt eine eigene Initiative durch.<\/p>\n\n\n\n<p>Die EA kooperiert mit der Offenen Werkstatt Mainz, um Erfahrungen zu sammeln. Ziel ist, Interessierten einen Erfahrungsbericht zur Verf\u00fcgung zu stellen, der sie beim Aufbau eines eigenen Makerspaces unterst\u00fctzt.<\/p>\n\n\n\n<h3 class=\"wp-block-heading\">Projektleitung<\/h3>\n\n\n\n<p>S\u00f6ren Damnitz<\/p>\n\n\n\n<ul class=\"wp-block-list\">\n<li>Telefon: 06131 \u2013 490 82 33<\/li>\n\n\n\n<li>Mobil: 0170 \u2013 705 592 1<\/li>\n\n\n\n<li>Mail: <a href=\"mailto:damnitz@ea-rlp.de\">damnitz@ea-rlp.de<\/a><\/li>\n<\/ul>\n\n\n\n<h3 class=\"wp-block-heading\">Laufzeit<\/h3>\n\n\n\n<p>Bis 2026<\/p>\n\n\n\n<h3 class=\"wp-block-heading\">Schlagw\u00f6rter<\/h3>\n\n\n\n<p>Makerspaces, Making, Kommunalentwicklung<\/p>\n\n\n\n<h3 class=\"wp-block-heading\">Partner<\/h3>\n\n\n\n<p>Offene Werkstatt Mainz e. V.<\/p>\n\n\n\n<div style=\"height:20px\" aria-hidden=\"true\" class=\"wp-block-spacer\"><\/div>\n\n\n\n<figure class=\"wp-block-gallery has-nested-images columns-default is-cropped wp-block-gallery-1 is-layout-flex wp-block-gallery-is-layout-flex\">\n<figure class=\"wp-block-image size-large\"><a href=\"https:\/\/ea-rlp.de\/ueber-uns\/projekte\/digitale-doerfer-3\/\"><img decoding=\"async\" data-id=\"15939\" src=\"https:\/\/ea-rlp.de\/wp-content\/uploads\/2024\/05\/DD3-Laptop-1280x853.jpg\" alt=\"(Illustration: Pixabay\/EA, Montage)\" class=\"wp-image-15939\"\/><\/a><figcaption class=\"wp-element-caption\"><a href=\"https:\/\/ea-rlp.de\/ueber-uns\/projekte\/digitale-doerfer-3\/\">Digitale D\u00f6rfer 3<\/a><\/figcaption><\/figure>\n\n\n\n<figure class=\"wp-block-image size-large\"><a href=\"https:\/\/ea-rlp.de\/ueber-uns\/projekte\/digital-newsletter\/\"><img decoding=\"async\" data-id=\"16052\" src=\"https:\/\/ea-rlp.de\/wp-content\/uploads\/2024\/06\/Digital-Newsletter.jpg\" alt=\"(Foto: EA)\" class=\"wp-image-16052\"\/><\/a><\/figure>\n\n\n\n<figure class=\"wp-block-image size-large\"><a href=\"https:\/\/ea-rlp.de\/ueber-uns\/projekte\/digital-souveraene-kommune\/\"><img decoding=\"async\" data-id=\"16055\" src=\"https:\/\/ea-rlp.de\/wp-content\/uploads\/2024\/06\/Digital-souverane-Kommune-B-ild-von-Pexels-auf-Pixabay.jpg\" alt=\"(Illustration: Pixabay)\" class=\"wp-image-16055\"\/><\/a><figcaption class=\"wp-element-caption\"><a href=\"https:\/\/ea-rlp.de\/ueber-uns\/projekte\/digital-souveraene-kommune\/\">Digital souver\u00e4ne Kommune<\/a><\/figcaption><\/figure>\n\n\n\n<figure class=\"wp-block-image size-large\"><a href=\"https:\/\/ea-rlp.de\/ueber-uns\/projekte\/dorf-bueros\/\"><img decoding=\"async\" data-id=\"15991\" src=\"https:\/\/ea-rlp.de\/wp-content\/uploads\/2024\/05\/Dorf-Bueros-1280x863.jpg\" alt=\"(Foto: EA)\" class=\"wp-image-15991\"\/><\/a><figcaption class=\"wp-element-caption\"><a href=\"https:\/\/ea-rlp.de\/ueber-uns\/projekte\/dorf-bueros\/\">Dorf-B\u00fcros<\/a><\/figcaption><\/figure>\n\n\n\n<figure class=\"wp-block-image size-large is-style-default\"><a href=\"https:\/\/ea-rlp.de\/ueber-uns\/projekte\/fortbildung-digitalbeauftragte\/\"><img decoding=\"async\" data-id=\"16054\" src=\"https:\/\/ea-rlp.de\/wp-content\/uploads\/2024\/06\/Digitalbeauftragte-Bild-von-StartupStockPhotos-auf-Pixabay.jpg\" alt=\"(Foto: Pixabay)\" class=\"wp-image-16054\"\/><\/a><figcaption class=\"wp-element-caption\"><a href=\"https:\/\/ea-rlp.de\/ueber-uns\/projekte\/fortbildung-digitalbeauftragte\/\">Fortbildung Digitalbeauftragte<\/a><\/figcaption><\/figure>\n\n\n\n<figure class=\"wp-block-image size-large\"><a href=\"https:\/\/ea-rlp.de\/ueber-uns\/projekte\/gemeinsam-digital-zweibruecken\/\"><img decoding=\"async\" data-id=\"15893\" src=\"https:\/\/ea-rlp.de\/wp-content\/uploads\/2024\/05\/xem-04_upscale-1280x813.jpeg\" alt=\"(Foto: EA)\" class=\"wp-image-15893\"\/><\/a><figcaption class=\"wp-element-caption\"><a href=\"https:\/\/ea-rlp.de\/ueber-uns\/projekte\/gemeinsam-digital-zweibruecken\/\">Gemeinsam Digital Zweibr\u00fccken<\/a><\/figcaption><\/figure>\n\n\n\n<figure class=\"wp-block-image size-large\"><a href=\"https:\/\/ea-rlp.de\/ueber-uns\/projekte\/kommunales-crowdfunding\/\"><img decoding=\"async\" data-id=\"15934\" src=\"https:\/\/ea-rlp.de\/wp-content\/uploads\/2024\/05\/SM_DSCF1360-1280x853.jpeg\" alt=\"(Foto: EA)\" class=\"wp-image-15934\"\/><\/a><figcaption class=\"wp-element-caption\"><a href=\"https:\/\/ea-rlp.de\/ueber-uns\/projekte\/kommunales-crowdfunding\/\">Kommunales Crowdfunding<\/a><\/figcaption><\/figure>\n\n\n\n<figure class=\"wp-block-image size-large\"><a href=\"https:\/\/ea-rlp.de\/ueber-uns\/projekte\/kommune-2050\/\"><img decoding=\"async\" data-id=\"15900\" src=\"https:\/\/ea-rlp.de\/wp-content\/uploads\/2024\/05\/alien-1294088_1280.png\" alt=\"(Illustration: Pixabay)\" class=\"wp-image-15900\"\/><\/a><figcaption class=\"wp-element-caption\"><a href=\"https:\/\/ea-rlp.de\/ueber-uns\/projekte\/kommune-2050\/\">Kommune 2050<\/a><\/figcaption><\/figure>\n\n\n\n<figure class=\"wp-block-image size-large\"><a href=\"https:\/\/ea-rlp.de\/ueber-uns\/projekte\/kuenstliche-intelligenz-im-katastrophenschutz\/\"><img decoding=\"async\" data-id=\"15923\" src=\"https:\/\/ea-rlp.de\/wp-content\/uploads\/2024\/05\/KI-im-KatS-DALL\u00b7E-2024-05-27-11-20-01.jpg\" alt=\"(Illustration: DALL\u00b7E, KI-generiert)\" class=\"wp-image-15923\"\/><\/a><figcaption class=\"wp-element-caption\"><a href=\"https:\/\/ea-rlp.de\/ueber-uns\/projekte\/kuenstliche-intelligenz-im-katastrophenschutz\/\">K\u00fcnstliche Intelligenz im Katastrophenschutz<\/a><\/figcaption><\/figure>\n\n\n\n<figure class=\"wp-block-image size-large\"><a href=\"https:\/\/ea-rlp.de\/ueber-uns\/projekte\/kuenstliche-intelligenz-in-der-kommunalen-praxis\/\"><img decoding=\"async\" data-id=\"14535\" src=\"https:\/\/ea-rlp.de\/wp-content\/uploads\/2023\/08\/circuit-board-g4b5727d8d_1280.jpg\" alt=\"(Foto: Pixabay)\" class=\"wp-image-14535\"\/><\/a><figcaption class=\"wp-element-caption\"><a href=\"https:\/\/ea-rlp.de\/ueber-uns\/projekte\/kuenstliche-intelligenz-in-der-kommunalen-praxis\/\">K\u00fcnstliche Intelligenz in der kommunalen Praxis<\/a><\/figcaption><\/figure>\n\n\n\n<figure class=\"wp-block-image size-large\"><a href=\"https:\/\/ea-rlp.de\/ueber-uns\/projekte\/makerspace\/\"><img decoding=\"async\" data-id=\"16051\" src=\"https:\/\/ea-rlp.de\/wp-content\/uploads\/2024\/06\/Makerspace-Foto-Stephan-Morgensterm-1280x720.jpg\" alt=\"(Foto: Stephan Morgenstern)\" class=\"wp-image-16051\"\/><\/a><figcaption class=\"wp-element-caption\"><a href=\"https:\/\/ea-rlp.de\/ueber-uns\/projekte\/makerspace\/\">Makerspace<\/a><\/figcaption><\/figure>\n\n\n\n<figure class=\"wp-block-image size-large\"><a href=\"https:\/\/ea-rlp.de\/ueber-uns\/projekte\/smartes-dorf-seminare\/\"><img decoding=\"async\" data-id=\"16053\" src=\"https:\/\/ea-rlp.de\/wp-content\/uploads\/2024\/06\/Seminar-Bild-von-Dolf-Maurer-auf-Pixabay.jpg\" alt=\"(Foto: Pixabay)\" class=\"wp-image-16053\"\/><\/a><figcaption class=\"wp-element-caption\"><a href=\"https:\/\/ea-rlp.de\/ueber-uns\/projekte\/smartes-dorf-seminare\/\">Smartes-Dorf-Seminare<\/a><\/figcaption><\/figure>\n\n\n\n<figure class=\"wp-block-image size-large\"><a href=\"https:\/\/ea-rlp.de\/ueber-uns\/projekte\/verbindungsbuero-fuer-den-kommunalen-wiederaufbau\/\"><img decoding=\"async\" data-id=\"15926\" src=\"https:\/\/ea-rlp.de\/wp-content\/uploads\/2024\/05\/HR_EA_Ahrtal_Jan_Febr24_02-02-24_PELmedia079.jpg\" alt=\"(Foto: Piel media)\" class=\"wp-image-15926\"\/><\/a><figcaption class=\"wp-element-caption\"><a href=\"https:\/\/ea-rlp.de\/ueber-uns\/projekte\/verbindungsbuero-fuer-den-kommunalen-wiederaufbau\/\">Verbindungsb\u00fcro f\u00fcr den kommunalen Wiederaufbau<\/a><\/figcaption><\/figure>\n\n\n\n<figure class=\"wp-block-image size-large\"><a href=\"https:\/\/ea-rlp.de\/ueber-uns\/projekte\/zukunftsraeume-zukunftsbilder-rlp-2050\"><img decoding=\"async\" data-id=\"16004\" src=\"https:\/\/ea-rlp.de\/wp-content\/uploads\/2024\/05\/RLP-2050_Stockfoto_EA-Webseite-Montage-1280x893.jpg\" alt=\"(Foto: iStock\/EA, Montage)\" class=\"wp-image-16004\"\/><\/a><figcaption class=\"wp-element-caption\"><a href=\"https:\/\/ea-rlp.de\/ueber-uns\/projekte\/zukunftsraeume-zukunftsbilder-rlp-2050\" data-type=\"link\" data-id=\"https:\/\/ea-rlp.de\/ueber-uns\/projekte\/zukunftsraeume-zukunftsbilder-rlp-2050\">Zukunftsr\u00e4ume. Zukunftsbilder. RLP 2050<\/a><\/figcaption><\/figure>\n<\/figure>\n","protected":false},"excerpt":{"rendered":"<p>Makerspace Die Entwicklungsagentur vernetzt Makerspace-Betreiber und Interessierte. Gleichzeitig kooperiert die EA mit der Offenen Werkstatt Mainz, um Erfahrungen zu sammeln und Interessierten zur Verf\u00fcgung zu stellen. Themen Im Koalitionsvertrag der rheinland-pf\u00e4lzischen Landesregierung von 2021 wurde vereinbart, dass die EA in der Legislaturperiode 2021 bis 2026 die rheinland-pf\u00e4lzischen Kommunen bei der Digitalisierung mit einem Modellprojekt zur [&hellip;]<\/p>\n","protected":false},"author":5,"featured_media":16051,"parent":15902,"menu_order":0,"comment_status":"closed","ping_status":"closed","template":"","meta":{"footnotes":""},"class_list":["post-16060","page","type-page","status-publish","has-post-thumbnail","hentry"],"_links":{"self":[{"href":"https:\/\/neu.ea-rlp.de\/index.php\/wp-json\/wp\/v2\/pages\/16060","targetHints":{"allow":["GET"]}}],"collection":[{"href":"https:\/\/neu.ea-rlp.de\/index.php\/wp-json\/wp\/v2\/pages"}],"about":[{"href":"https:\/\/neu.ea-rlp.de\/index.php\/wp-json\/wp\/v2\/types\/page"}],"author":[{"embeddable":true,"href":"https:\/\/neu.ea-rlp.de\/index.php\/wp-json\/wp\/v2\/users\/5"}],"replies":[{"embeddable":true,"href":"https:\/\/neu.ea-rlp.de\/index.php\/wp-json\/wp\/v2\/comments?post=16060"}],"version-history":[{"count":0,"href":"https:\/\/neu.ea-rlp.de\/index.php\/wp-json\/wp\/v2\/pages\/16060\/revisions"}],"up":[{"embeddable":true,"href":"https:\/\/neu.ea-rlp.de\/index.php\/wp-json\/wp\/v2\/pages\/15902"}],"wp:featuredmedia":[{"embeddable":true,"href":"https:\/\/neu.ea-rlp.de\/index.php\/wp-json\/"}],"wp:attachment":[{"href":"https:\/\/neu.ea-rlp.de\/index.php\/wp-json\/wp\/v2\/media?parent=16060"}],"curies":[{"name":"wp","href":"https:\/\/api.w.org\/{rel}","templated":true}]}}