{"id":16068,"date":"2024-06-03T14:47:23","date_gmt":"2024-06-03T12:47:23","guid":{"rendered":"https:\/\/ea-rlp.de\/?page_id=16068"},"modified":"2024-06-03T14:47:23","modified_gmt":"2024-06-03T12:47:23","slug":"digital-souveraene-kommune","status":"publish","type":"page","link":"https:\/\/neu.ea-rlp.de\/index.php\/ueber-uns\/projekte\/digital-souveraene-kommune\/","title":{"rendered":"Digital souver\u00e4ne Kommune"},"content":{"rendered":"\n<h1 class=\"wp-block-heading\">Digital souver\u00e4ne Kommune<\/h1>\n\n\n\n<figure class=\"wp-block-image size-large\"><img decoding=\"async\" src=\"https:\/\/ea-rlp.de\/wp-content\/uploads\/2024\/06\/Digital-souverane-Kommune-B-ild-von-Pexels-auf-Pixabay.jpg\" alt=\"(Illustration: Pixabay)\" class=\"wp-image-16055\"\/><figcaption class=\"wp-element-caption\"><sup>(Illustration: Pixabay)<\/sup><\/figcaption><\/figure>\n\n\n\n<p>Das Projekt \u201eDigital Souver\u00e4ne Kommune\u201c stellt Kommunen Open-Source-L\u00f6sungen an der Schnittstelle zwischen Verwaltung, B\u00fcrgern und Wirtschaft vor. Ein Schwerpunkt liegt auf der Nutzung offener Karten.<\/p>\n\n\n\n<h3 class=\"wp-block-heading\">Themen<\/h3>\n\n\n\n<p>Das Projekt \u201eDigital Souver\u00e4ne Kommune\u201c hat zum Ziel, Kommunen einen \u00dcberblick \u00fcber geeignete Open-Source-L\u00f6sungen an der Schnittstelle zwischen Verwaltung, B\u00fcrgern und Wirtschaft zu geben und aufzuzeigen, wie Open-Source-Software im kommunalen Bereich eingesetzt werden kann.<\/p>\n\n\n\n<p>Dazu werden den rheinland-pf\u00e4lzischen Kommunen in Vor-Ort-Seminaren kuratierte Open-Source-Anwendungen vorgestellt. Alle Softwarel\u00f6sungen sind an der Schnittstelle zwischen B\u00fcrger, Verwaltung und Wirtschaft angesiedelt. Zu den Anwendungen werden Informationsmaterialien erstellt.<\/p>\n\n\n\n<p>Eine der vorgestellten Open-Source-Anwendungen ist der crowdbasierte Open-Data-Online-Kartendienst \u201eOpen-Street-Map\u201c (OSM). Dieser soll als Kartendienst f\u00fcr nicht beh\u00f6rdliche Anwendungen in Kommunen etabliert werden. Dazu werden Standorte und Informationen zu wichtigen Einrichtungen (Points of Interest, POI) eingepflegt.<\/p>\n\n\n\n<p>Mit Hilfe von OSM soll ein Tool \u201e15-Minuten-Region\u201c entwickelt werden, das die Erreichbarkeit wichtiger Einrichtungen in der Gemeinde innerhalb von 15 Minuten ermittelt und grafisch darstellt.<\/p>\n\n\n\n<h3 class=\"wp-block-heading\">Projektleitung<\/h3>\n\n\n\n<p>S\u00f6ren Damnitz<\/p>\n\n\n\n<ul class=\"wp-block-list\">\n<li>Telefon: 06131 \u2013 490 82 33<\/li>\n\n\n\n<li>Mobil: 0170 \u2013 705 592 1<\/li>\n\n\n\n<li>Mail: <a href=\"mailto:damnitz@ea-rlp.de\">damnitz@ea-rlp.de<\/a><\/li>\n<\/ul>\n\n\n\n<h3 class=\"wp-block-heading\">Laufzeit<\/h3>\n\n\n\n<p>Bis 2026<\/p>\n\n\n\n<h3 class=\"wp-block-heading\">Schlagw\u00f6rter<\/h3>\n\n\n\n<p>Open Source, Open Data, Digitalisierung, Landleben digital, 15-Minuten-Stadt, 15-Minuten-Region<\/p>\n\n\n\n<div style=\"height:20px\" aria-hidden=\"true\" class=\"wp-block-spacer\"><\/div>\n\n\n\n<figure class=\"wp-block-gallery has-nested-images columns-default is-cropped wp-block-gallery-1 is-layout-flex wp-block-gallery-is-layout-flex\">\n<figure class=\"wp-block-image size-large\"><a href=\"https:\/\/ea-rlp.de\/ueber-uns\/projekte\/digitale-doerfer-3\/\"><img decoding=\"async\" data-id=\"15939\" src=\"https:\/\/ea-rlp.de\/wp-content\/uploads\/2024\/05\/DD3-Laptop-1280x853.jpg\" alt=\"(Illustration: Pixabay\/EA, Montage)\" class=\"wp-image-15939\"\/><\/a><figcaption class=\"wp-element-caption\"><a href=\"https:\/\/ea-rlp.de\/ueber-uns\/projekte\/digitale-doerfer-3\/\">Digitale D\u00f6rfer 3<\/a><\/figcaption><\/figure>\n\n\n\n<figure class=\"wp-block-image size-large\"><a href=\"https:\/\/ea-rlp.de\/ueber-uns\/projekte\/digital-newsletter\/\"><img decoding=\"async\" data-id=\"16052\" src=\"https:\/\/ea-rlp.de\/wp-content\/uploads\/2024\/06\/Digital-Newsletter.jpg\" alt=\"(Foto: EA)\" class=\"wp-image-16052\"\/><\/a><\/figure>\n\n\n\n<figure class=\"wp-block-image size-large\"><a href=\"https:\/\/ea-rlp.de\/ueber-uns\/projekte\/digital-souveraene-kommune\/\"><img decoding=\"async\" data-id=\"16055\" src=\"https:\/\/ea-rlp.de\/wp-content\/uploads\/2024\/06\/Digital-souverane-Kommune-B-ild-von-Pexels-auf-Pixabay.jpg\" alt=\"(Illustration: Pixabay)\" class=\"wp-image-16055\"\/><\/a><figcaption class=\"wp-element-caption\"><a href=\"https:\/\/ea-rlp.de\/ueber-uns\/projekte\/digital-souveraene-kommune\/\">Digital souver\u00e4ne Kommune<\/a><\/figcaption><\/figure>\n\n\n\n<figure class=\"wp-block-image size-large\"><a href=\"https:\/\/ea-rlp.de\/ueber-uns\/projekte\/dorf-bueros\/\"><img decoding=\"async\" data-id=\"15991\" src=\"https:\/\/ea-rlp.de\/wp-content\/uploads\/2024\/05\/Dorf-Bueros-1280x863.jpg\" alt=\"(Foto: EA)\" class=\"wp-image-15991\"\/><\/a><figcaption class=\"wp-element-caption\"><a href=\"https:\/\/ea-rlp.de\/ueber-uns\/projekte\/dorf-bueros\/\">Dorf-B\u00fcros<\/a><\/figcaption><\/figure>\n\n\n\n<figure class=\"wp-block-image size-large is-style-default\"><a href=\"https:\/\/ea-rlp.de\/ueber-uns\/projekte\/fortbildung-digitalbeauftragte\/\"><img decoding=\"async\" data-id=\"16054\" src=\"https:\/\/ea-rlp.de\/wp-content\/uploads\/2024\/06\/Digitalbeauftragte-Bild-von-StartupStockPhotos-auf-Pixabay.jpg\" alt=\"(Foto: Pixabay)\" class=\"wp-image-16054\"\/><\/a><figcaption class=\"wp-element-caption\"><a href=\"https:\/\/ea-rlp.de\/ueber-uns\/projekte\/fortbildung-digitalbeauftragte\/\">Fortbildung Digitalbeauftragte<\/a><\/figcaption><\/figure>\n\n\n\n<figure class=\"wp-block-image size-large\"><a href=\"https:\/\/ea-rlp.de\/ueber-uns\/projekte\/gemeinsam-digital-zweibruecken\/\"><img decoding=\"async\" data-id=\"15893\" src=\"https:\/\/ea-rlp.de\/wp-content\/uploads\/2024\/05\/xem-04_upscale-1280x813.jpeg\" alt=\"(Foto: EA)\" class=\"wp-image-15893\"\/><\/a><figcaption class=\"wp-element-caption\"><a href=\"https:\/\/ea-rlp.de\/ueber-uns\/projekte\/gemeinsam-digital-zweibruecken\/\">Gemeinsam Digital Zweibr\u00fccken<\/a><\/figcaption><\/figure>\n\n\n\n<figure class=\"wp-block-image size-large\"><a href=\"https:\/\/ea-rlp.de\/ueber-uns\/projekte\/kommunales-crowdfunding\/\"><img decoding=\"async\" data-id=\"15934\" src=\"https:\/\/ea-rlp.de\/wp-content\/uploads\/2024\/05\/SM_DSCF1360-1280x853.jpeg\" alt=\"(Foto: EA)\" class=\"wp-image-15934\"\/><\/a><figcaption class=\"wp-element-caption\"><a href=\"https:\/\/ea-rlp.de\/ueber-uns\/projekte\/kommunales-crowdfunding\/\">Kommunales Crowdfunding<\/a><\/figcaption><\/figure>\n\n\n\n<figure class=\"wp-block-image size-large\"><a href=\"https:\/\/ea-rlp.de\/ueber-uns\/projekte\/kommune-2050\/\"><img decoding=\"async\" data-id=\"15900\" src=\"https:\/\/ea-rlp.de\/wp-content\/uploads\/2024\/05\/alien-1294088_1280.png\" alt=\"(Illustration: Pixabay)\" class=\"wp-image-15900\"\/><\/a><figcaption class=\"wp-element-caption\"><a href=\"https:\/\/ea-rlp.de\/ueber-uns\/projekte\/kommune-2050\/\">Kommune 2050<\/a><\/figcaption><\/figure>\n\n\n\n<figure class=\"wp-block-image size-large\"><a href=\"https:\/\/ea-rlp.de\/ueber-uns\/projekte\/kuenstliche-intelligenz-im-katastrophenschutz\/\"><img decoding=\"async\" data-id=\"15923\" src=\"https:\/\/ea-rlp.de\/wp-content\/uploads\/2024\/05\/KI-im-KatS-DALL\u00b7E-2024-05-27-11-20-01.jpg\" alt=\"(Illustration: DALL\u00b7E, KI-generiert)\" class=\"wp-image-15923\"\/><\/a><figcaption class=\"wp-element-caption\"><a href=\"https:\/\/ea-rlp.de\/ueber-uns\/projekte\/kuenstliche-intelligenz-im-katastrophenschutz\/\">K\u00fcnstliche Intelligenz im Katastrophenschutz<\/a><\/figcaption><\/figure>\n\n\n\n<figure class=\"wp-block-image size-large\"><a href=\"https:\/\/ea-rlp.de\/ueber-uns\/projekte\/kuenstliche-intelligenz-in-der-kommunalen-praxis\/\"><img decoding=\"async\" data-id=\"14535\" src=\"https:\/\/ea-rlp.de\/wp-content\/uploads\/2023\/08\/circuit-board-g4b5727d8d_1280.jpg\" alt=\"(Foto: Pixabay)\" class=\"wp-image-14535\"\/><\/a><figcaption class=\"wp-element-caption\"><a href=\"https:\/\/ea-rlp.de\/ueber-uns\/projekte\/kuenstliche-intelligenz-in-der-kommunalen-praxis\/\">K\u00fcnstliche Intelligenz in der kommunalen Praxis<\/a><\/figcaption><\/figure>\n\n\n\n<figure class=\"wp-block-image size-large\"><a href=\"https:\/\/ea-rlp.de\/ueber-uns\/projekte\/makerspace\/\"><img decoding=\"async\" data-id=\"16051\" src=\"https:\/\/ea-rlp.de\/wp-content\/uploads\/2024\/06\/Makerspace-Foto-Stephan-Morgensterm-1280x720.jpg\" alt=\"(Foto: Stephan Morgenstern)\" class=\"wp-image-16051\"\/><\/a><figcaption class=\"wp-element-caption\"><a href=\"https:\/\/ea-rlp.de\/ueber-uns\/projekte\/makerspace\/\">Makerspace<\/a><\/figcaption><\/figure>\n\n\n\n<figure class=\"wp-block-image size-large\"><a href=\"https:\/\/ea-rlp.de\/ueber-uns\/projekte\/smartes-dorf-seminare\/\"><img decoding=\"async\" data-id=\"16053\" src=\"https:\/\/ea-rlp.de\/wp-content\/uploads\/2024\/06\/Seminar-Bild-von-Dolf-Maurer-auf-Pixabay.jpg\" alt=\"(Foto: Pixabay)\" class=\"wp-image-16053\"\/><\/a><figcaption class=\"wp-element-caption\"><a href=\"https:\/\/ea-rlp.de\/ueber-uns\/projekte\/smartes-dorf-seminare\/\">Smartes-Dorf-Seminare<\/a><\/figcaption><\/figure>\n\n\n\n<figure class=\"wp-block-image size-large\"><a href=\"https:\/\/ea-rlp.de\/ueber-uns\/projekte\/verbindungsbuero-fuer-den-kommunalen-wiederaufbau\/\"><img decoding=\"async\" data-id=\"15926\" src=\"https:\/\/ea-rlp.de\/wp-content\/uploads\/2024\/05\/HR_EA_Ahrtal_Jan_Febr24_02-02-24_PELmedia079.jpg\" alt=\"(Foto: Piel media)\" class=\"wp-image-15926\"\/><\/a><figcaption class=\"wp-element-caption\"><a href=\"https:\/\/ea-rlp.de\/ueber-uns\/projekte\/verbindungsbuero-fuer-den-kommunalen-wiederaufbau\/\">Verbindungsb\u00fcro f\u00fcr den kommunalen Wiederaufbau<\/a><\/figcaption><\/figure>\n\n\n\n<figure class=\"wp-block-image size-large\"><a href=\"https:\/\/ea-rlp.de\/ueber-uns\/projekte\/zukunftsraeume-zukunftsbilder-rlp-2050\"><img decoding=\"async\" data-id=\"16004\" src=\"https:\/\/ea-rlp.de\/wp-content\/uploads\/2024\/05\/RLP-2050_Stockfoto_EA-Webseite-Montage-1280x893.jpg\" alt=\"(Foto: iStock\/EA, Montage)\" class=\"wp-image-16004\"\/><\/a><figcaption class=\"wp-element-caption\"><a href=\"https:\/\/ea-rlp.de\/ueber-uns\/projekte\/zukunftsraeume-zukunftsbilder-rlp-2050\" data-type=\"link\" data-id=\"https:\/\/ea-rlp.de\/ueber-uns\/projekte\/zukunftsraeume-zukunftsbilder-rlp-2050\">Zukunftsr\u00e4ume. Zukunftsbilder. RLP 2050<\/a><\/figcaption><\/figure>\n<\/figure>\n","protected":false},"excerpt":{"rendered":"<p>Digital souver\u00e4ne Kommune Das Projekt \u201eDigital Souver\u00e4ne Kommune\u201c stellt Kommunen Open-Source-L\u00f6sungen an der Schnittstelle zwischen Verwaltung, B\u00fcrgern und Wirtschaft vor. Ein Schwerpunkt liegt auf der Nutzung offener Karten. Themen Das Projekt \u201eDigital Souver\u00e4ne Kommune\u201c hat zum Ziel, Kommunen einen \u00dcberblick \u00fcber geeignete Open-Source-L\u00f6sungen an der Schnittstelle zwischen Verwaltung, B\u00fcrgern und Wirtschaft zu geben und aufzuzeigen, [&hellip;]<\/p>\n","protected":false},"author":5,"featured_media":16055,"parent":15902,"menu_order":0,"comment_status":"closed","ping_status":"closed","template":"","meta":{"footnotes":""},"class_list":["post-16068","page","type-page","status-publish","has-post-thumbnail","hentry"],"_links":{"self":[{"href":"https:\/\/neu.ea-rlp.de\/index.php\/wp-json\/wp\/v2\/pages\/16068","targetHints":{"allow":["GET"]}}],"collection":[{"href":"https:\/\/neu.ea-rlp.de\/index.php\/wp-json\/wp\/v2\/pages"}],"about":[{"href":"https:\/\/neu.ea-rlp.de\/index.php\/wp-json\/wp\/v2\/types\/page"}],"author":[{"embeddable":true,"href":"https:\/\/neu.ea-rlp.de\/index.php\/wp-json\/wp\/v2\/users\/5"}],"replies":[{"embeddable":true,"href":"https:\/\/neu.ea-rlp.de\/index.php\/wp-json\/wp\/v2\/comments?post=16068"}],"version-history":[{"count":0,"href":"https:\/\/neu.ea-rlp.de\/index.php\/wp-json\/wp\/v2\/pages\/16068\/revisions"}],"up":[{"embeddable":true,"href":"https:\/\/neu.ea-rlp.de\/index.php\/wp-json\/wp\/v2\/pages\/15902"}],"wp:featuredmedia":[{"embeddable":true,"href":"https:\/\/neu.ea-rlp.de\/index.php\/wp-json\/"}],"wp:attachment":[{"href":"https:\/\/neu.ea-rlp.de\/index.php\/wp-json\/wp\/v2\/media?parent=16068"}],"curies":[{"name":"wp","href":"https:\/\/api.w.org\/{rel}","templated":true}]}}