{"id":16327,"date":"2024-08-01T15:04:06","date_gmt":"2024-08-01T13:04:06","guid":{"rendered":"https:\/\/ea-rlp.de\/?page_id=16327"},"modified":"2024-08-01T15:04:06","modified_gmt":"2024-08-01T13:04:06","slug":"digitale-nachbarn","status":"publish","type":"page","link":"https:\/\/neu.ea-rlp.de\/index.php\/digitale-nachbarn\/","title":{"rendered":"Digitale Nachbarn"},"content":{"rendered":"\n<h1 class=\"wp-block-heading\">Digitale Nachbarschaftskreise&nbsp;helfen gegen Einsamkeit<\/h1>\n\n\n\n<p>Diese Webseite bietet Informationen f\u00fcr Menschen, die einen eigenen digitalen Nachbarschaftskreis starten wollen. Digitale Nachbarschaftskreise bringen mit digitalen Sprachassistenten wie \u201eAlexa\u201c Menschen zusammen, die sich einsam f\u00fchlen.<\/p>\n\n\n\n<p>Die Entwicklungsagentur Rheinland-Pfalz e. V. (EA) stellt Ihnen hier die Brosch\u00fcre \u201eDigitale Nachbarschaft\u201c mit ausf\u00fchrlichen Informationen kostenfrei zur Verf\u00fcgung.<\/p>\n\n\n\n<div class=\"wp-block-columns is-layout-flex wp-container-core-columns-is-layout-28f84493 wp-block-columns-is-layout-flex\">\n<div class=\"wp-block-column is-layout-flow wp-block-column-is-layout-flow\">\n<figure class=\"wp-block-image size-large rahmenschatten\"><a href=\"https:\/\/ea-rlp.de\/wp-content\/uploads\/2024\/09\/Flyer-Digitale-Nachbarn.pdf\"><img decoding=\"async\" src=\"https:\/\/ea-rlp.de\/wp-content\/uploads\/2024\/09\/flyer-digitale-nachbarn-1-610x1280.jpg\" alt=\"Flyer Digitale Nachbarn (PDF, 0,9 MB, 2 Seiten)\" class=\"wp-image-16757\"\/><\/a><\/figure>\n\n\n\n<p><a href=\"https:\/\/ea-rlp.de\/wp-content\/uploads\/2024\/09\/Flyer-Digitale-Nachbarn.pdf\"><strong>Download:<\/strong><\/a> Flyer Digitale Nachbarschaftskreise (PDF, 0,9 MB, 2 Seiten)<\/p>\n<\/div>\n\n\n\n<div class=\"wp-block-column is-layout-flow wp-block-column-is-layout-flow\">\n<figure class=\"wp-block-image size-large rahmenschatten\"><a href=\"https:\/\/ea-rlp.de\/wp-content\/uploads\/2024\/09\/Broschuere-Digitale-Nachbarn.pdf\"><img decoding=\"async\" src=\"https:\/\/ea-rlp.de\/wp-content\/uploads\/2024\/09\/broschuere-digitale-nachbarn-1-905x1280.jpg\" alt=\"Brosch\u00fcre Digitale Nachbarn (PDF, 2,7 MB, 28 Seiten)\" class=\"wp-image-16758\"\/><\/a><\/figure>\n\n\n\n<p><a href=\"https:\/\/ea-rlp.de\/wp-content\/uploads\/2024\/09\/Broschuere-Digitale-Nachbarn.pdf\" data-type=\"link\" data-id=\"https:\/\/ea-rlp.de\/wp-content\/uploads\/2024\/09\/Broschuere-Digitale-Nachbarn.pdf\"><strong>Download:<\/strong><\/a> Brosch\u00fcre Digitale Nachbarschaft (PDF, 2,7 MB, 28 Seiten)<\/p>\n\n\n\n<p><a href=\"https:\/\/ea-rlp.de\/wp-content\/uploads\/2024\/09\/Broschuere-Digitale-Nachbarn-doppelseitig.pdf\" data-type=\"link\" data-id=\"https:\/\/ea-rlp.de\/wp-content\/uploads\/2024\/09\/Broschuere-Digitale-Nachbarn-doppelseitig.pdf\" target=\"_blank\" rel=\"noreferrer noopener\"><strong>Download: <\/strong><\/a>Doppelseitige Brosch\u00fcre Digitale Nachbarschaft (PDF, 2,7 MB, 28 Seiten)<\/p>\n<\/div>\n<\/div>\n\n\n\n<p>In <a href=\"https:\/\/ea-rlp.de\/wp-content\/uploads\/2024\/11\/20241112_Funktionsweise-der-Sprachsteuerung-bei-Alexa-und-Beispiele-fuer-Sprachbefehle.pdf\"><strong>diesem Dokument<\/strong><\/a> (PDF, 2 Seiten, 0,07 MB) erkl\u00e4ren wir Ihnen zudem kurz die Sprachsteuerung des digitalen Sprachassistenten \u201eAlexa\u201c und haben einige Beispiele f\u00fcr Sprachbefehle aufgelistet.<\/p>\n\n\n\n<h3 class=\"wp-block-heading\">Weitere Fragen?<\/h3>\n\n\n\n<p>F\u00fcr alle Fragen zu einem eigenen digitalen Nachbarschaftskreis k\u00f6nnen Sie sich beim Deutschen Roten Kreuz (DRK) in Zweibr\u00fccken melden.<\/p>\n\n\n\n<p><strong>Die Ansprechpersonen helfen Ihnen gerne weiter:<br><\/strong><br>Frau Petra Zur \/ Herr Nico Lipps<br>c\/o DRK-Quartierszentrum<br>Allensteinstra\u00dfe 25a<br>66482 Zweibr\u00fccken<br><br><a href=\"mailto:info@DRK-gemeinsam.digital\">info@DRK-gemeinsam.digital<\/a><\/p>\n\n\n\n<p>Das DRK in Zweibr\u00fccken f\u00fchrt einen eigenen digitalen Nachbarschaftskreis, \u201eGemeinsam Digital Zweibr\u00fccken\u201c. \u00dcber dieses Projekt informieren wir Sie&nbsp;<strong><a href=\"https:\/\/ea-rlp.de\/ueber-uns\/projekte\/gemeinsam-digital-zweibruecken\/\">hier<\/a><\/strong>.<\/p>\n\n\n\n<p>Die EA und das DRK haben zu den digitalen Nachbarschaftskreisen bereits im mehrj\u00e4hrigen Modellprojekt \u201eDigitale Nachbarn\u201c gemeinsam Erfahrungen gesammelt.&nbsp;<\/p>\n\n\n\n<h3 class=\"wp-block-heading\" id=\"newsletter\">Newsletter<\/h3>\n\n\n\n<p>Hier haben Sie die M\u00f6glichkeit, sich f\u00fcr ein weiterf\u00fchrendes Informationsangebot anzumelden. In diesem Newsletter informieren wir Sie unregelm\u00e4\u00dfig \u00fcber Neuigkeiten zu den Themen digitale Nachbarschaftskreise, Sprachassistenten, den Umgang mit ihnen und mehr.<\/p>\n\n\n\n<!-- Begin Brevo Form -->\n<!-- START - We recommend to place the below code in head tag of your website html  -->\n<style>\n  @font-face {\n    font-display: block;\n    font-family: Roboto;\n    src: url(https:\/\/assets.brevo.com\/font\/Roboto\/Latin\/normal\/normal\/7529907e9eaf8ebb5220c5f9850e3811.woff2) format(\"woff2\"), url(https:\/\/assets.brevo.com\/font\/Roboto\/Latin\/normal\/normal\/25c678feafdc175a70922a116c9be3e7.woff) format(\"woff\")\n  }\n\n  @font-face {\n    font-display: fallback;\n    font-family: Roboto;\n    font-weight: 600;\n    src: url(https:\/\/assets.brevo.com\/font\/Roboto\/Latin\/medium\/normal\/6e9caeeafb1f3491be3e32744bc30440.woff2) format(\"woff2\"), url(https:\/\/assets.brevo.com\/font\/Roboto\/Latin\/medium\/normal\/71501f0d8d5aa95960f6475d5487d4c2.woff) format(\"woff\")\n  }\n\n  @font-face {\n    font-display: fallback;\n    font-family: Roboto;\n    font-weight: 700;\n    src: url(https:\/\/assets.brevo.com\/font\/Roboto\/Latin\/bold\/normal\/3ef7cf158f310cf752d5ad08cd0e7e60.woff2) format(\"woff2\"), url(https:\/\/assets.brevo.com\/font\/Roboto\/Latin\/bold\/normal\/ece3a1d82f18b60bcce0211725c476aa.woff) format(\"woff\")\n  }\n\n  #sib-container input:-ms-input-placeholder {\n    text-align: left;\n    font-family: \"Helvetica\", sans-serif;\n    color: #c0ccda;\n  }\n\n  #sib-container input::placeholder {\n    text-align: left;\n    font-family: \"Helvetica\", sans-serif;\n    color: #c0ccda;\n  }\n\n  #sib-container textarea::placeholder {\n    text-align: left;\n    font-family: \"Helvetica\", sans-serif;\n    color: #c0ccda;\n  }\n\n  #sib-container a {\n    text-decoration: underline;\n    color: #2BB2FC;\n  }\n<\/style>\n<link rel=\"stylesheet\" href=\"https:\/\/sibforms.com\/forms\/end-form\/build\/sib-styles.css\">\n<!--  END - We recommend to place the above code in head tag of your website html -->\n\n<!-- START - We recommend to place the below code where you want the form in your website html  -->\n<div class=\"sib-form\" style=\"text-align: center;\n         background-color: #ffffff;                                 \">\n  <div id=\"sib-form-container\" class=\"sib-form-container\">\n    <div id=\"error-message\" class=\"sib-form-message-panel\" style=\"font-size:16px; text-align:left; font-family:&quot;Helvetica&quot;, sans-serif; color:#661d1d; background-color:#ffeded; border-radius:3px; border-color:#ff4949;max-width:540px;\">\n      <div class=\"sib-form-message-panel__text sib-form-message-panel__text--center\">\n        <svg viewBox=\"0 0 512 512\" class=\"sib-icon sib-notification__icon\">\n          <path d=\"M256 40c118.621 0 216 96.075 216 216 0 119.291-96.61 216-216 216-119.244 0-216-96.562-216-216 0-119.203 96.602-216 216-216m0-32C119.043 8 8 119.083 8 256c0 136.997 111.043 248 248 248s248-111.003 248-248C504 119.083 392.957 8 256 8zm-11.49 120h22.979c6.823 0 12.274 5.682 11.99 12.5l-7 168c-.268 6.428-5.556 11.5-11.99 11.5h-8.979c-6.433 0-11.722-5.073-11.99-11.5l-7-168c-.283-6.818 5.167-12.5 11.99-12.5zM256 340c-15.464 0-28 12.536-28 28s12.536 28 28 28 28-12.536 28-28-12.536-28-28-28z\" \/>\n        <\/svg>\n        <span class=\"sib-form-message-panel__inner-text\">\n                          Ihre Anmeldung konnte nicht gespeichert werden. Bitte versuchen Sie es erneut.\n                      <\/span>\n      <\/div>\n    <\/div>\n    <div><\/div>\n    <div id=\"success-message\" class=\"sib-form-message-panel\" style=\"font-size:16px; text-align:left; font-family:&quot;Helvetica&quot;, sans-serif; color:#085229; background-color:#e7faf0; border-radius:3px; border-color:#13ce66;max-width:540px;\">\n      <div class=\"sib-form-message-panel__text sib-form-message-panel__text--center\">\n        <svg viewBox=\"0 0 512 512\" class=\"sib-icon sib-notification__icon\">\n          <path d=\"M256 8C119.033 8 8 119.033 8 256s111.033 248 248 248 248-111.033 248-248S392.967 8 256 8zm0 464c-118.664 0-216-96.055-216-216 0-118.663 96.055-216 216-216 118.664 0 216 96.055 216 216 0 118.663-96.055 216-216 216zm141.63-274.961L217.15 376.071c-4.705 4.667-12.303 4.637-16.97-.068l-85.878-86.572c-4.667-4.705-4.637-12.303.068-16.97l8.52-8.451c4.705-4.667 12.303-4.637 16.97.068l68.976 69.533 163.441-162.13c4.705-4.667 12.303-4.637 16.97.068l8.451 8.52c4.668 4.705 4.637 12.303-.068 16.97z\" \/>\n        <\/svg>\n        <span class=\"sib-form-message-panel__inner-text\">\n                          Ihre Anmeldung war erfolgreich.\n                      <\/span>\n      <\/div>\n    <\/div>\n    <div><\/div>\n    <div id=\"sib-container\" class=\"sib-container--large sib-container--vertical\" style=\"text-align:center; background-color:rgba(255,255,255,1); max-width:540px; border-radius:3px; border-width:1px; border-color:#C0CCD9; border-style:solid; direction:ltr\">\n      <form id=\"sib-form\" method=\"POST\" action=\"https:\/\/546ce272.sibforms.com\/serve\/MUIFAEl5kl5MAfuHckWncjlQ6snsaVrskGF_6TNAlWwHbWLc0cg6xMSY_X1eNyoJR62RicSRlsjIW7ZT0bNcI2UUZRNvLTwWFLEFvdnaJCnEvGepvgkSGhEn8BwWbqxXJHmXFxwxkM3pKYyRXjbFD1CESzahyCVPlEqwMSqhz_u8gBFa6s2OwZikzAmmc-vOB3i78NZsq45qv9iJ\" data-type=\"subscription\">\n        <div style=\"padding: 8px 0;\">\n          <div class=\"sib-form-block\" style=\"font-size:32px; text-align:left; font-weight:700; font-family:&quot;Helvetica&quot;, sans-serif; color:#3C4858; background-color:transparent; text-align:left\">\n            <p>Digitale Nachbarschaftskreise: Newsletter-Anmeldung<\/p>\n          <\/div>\n        <\/div>\n        <div style=\"padding: 8px 0;\">\n          <div class=\"sib-input sib-form-block\">\n            <div class=\"form__entry entry_block\">\n              <div class=\"form__label-row \">\n                <label class=\"entry__label\" style=\"font-weight: 700; text-align:left; font-size:16px; text-align:left; font-weight:700; font-family:&quot;Helvetica&quot;, sans-serif; color:#3c4858;\" for=\"EMAIL\" data-required=\"*\">Geben Sie Ihre E-Mail-Adresse ein, um sich anzumelden<\/label>\n\n                <div class=\"entry__field\">\n                  <input class=\"input \" type=\"text\" id=\"EMAIL\" name=\"EMAIL\" autocomplete=\"off\" placeholder=\"E-Mail-Adresse\" data-required=\"true\" required \/>\n                <\/div>\n              <\/div>\n\n              <label class=\"entry__error entry__error--primary\" style=\"font-size:16px; text-align:left; font-family:&quot;Helvetica&quot;, sans-serif; color:#661d1d; background-color:#ffeded; border-radius:3px; border-color:#ff4949;\">\n              <\/label>\n            <\/div>\n          <\/div>\n        <\/div>\n        <div style=\"padding: 8px 0;\">\n          <div class=\"sib-input sib-form-block\">\n            <div class=\"form__entry entry_block\">\n              <div class=\"form__label-row \">\n                <label class=\"entry__label\" style=\"font-weight: 700; text-align:left; font-size:16px; text-align:left; font-weight:700; font-family:&quot;Helvetica&quot;, sans-serif; color:#3c4858;\" for=\"VORNAME\" data-required=\"*\">Geben Sie Ihren Vornamen ein<\/label>\n\n                <div class=\"entry__field\">\n                  <input class=\"input \" maxlength=\"200\" type=\"text\" id=\"VORNAME\" name=\"VORNAME\" autocomplete=\"off\" placeholder=\"Vorname\" data-required=\"true\" required \/>\n                <\/div>\n              <\/div>\n\n              <label class=\"entry__error entry__error--primary\" style=\"font-size:16px; text-align:left; font-family:&quot;Helvetica&quot;, sans-serif; color:#661d1d; background-color:#ffeded; border-radius:3px; border-color:#ff4949;\">\n              <\/label>\n            <\/div>\n          <\/div>\n        <\/div>\n        <div style=\"padding: 8px 0;\">\n          <div class=\"sib-input sib-form-block\">\n            <div class=\"form__entry entry_block\">\n              <div class=\"form__label-row \">\n                <label class=\"entry__label\" style=\"font-weight: 700; text-align:left; font-size:16px; text-align:left; font-weight:700; font-family:&quot;Helvetica&quot;, sans-serif; color:#3c4858;\" for=\"NACHNAME\" data-required=\"*\">Geben Sie Ihren Nachnamen ein<\/label>\n\n                <div class=\"entry__field\">\n                  <input class=\"input \" maxlength=\"200\" type=\"text\" id=\"NACHNAME\" name=\"NACHNAME\" autocomplete=\"off\" placeholder=\"Nachname\" data-required=\"true\" required \/>\n                <\/div>\n              <\/div>\n\n              <label class=\"entry__error entry__error--primary\" style=\"font-size:16px; text-align:left; font-family:&quot;Helvetica&quot;, sans-serif; color:#661d1d; background-color:#ffeded; border-radius:3px; border-color:#ff4949;\">\n              <\/label>\n            <\/div>\n          <\/div>\n        <\/div>\n        <div style=\"padding: 8px 0;\">\n          <div class=\"sib-radiobutton-group sib-form-block\" data-required=\"true\">\n            <div class=\"form__entry entry_mcq\">\n              <div class=\"form__label-row \">\n                <label class=\"entry__label\" style=\"font-weight: 700; text-align:left; font-size:16px; text-align:left; font-weight:700; font-family:&quot;Helvetica&quot;, sans-serif; color:#3c4858;\" for=\"ANREDE\" data-required=\"*\">Geben Sie Ihre gew\u00fcnschte Andrede ein<\/label>\n                <div>\n                  <div class=\"entry__choice\" style=\"\">\n                    <label>\n                      <input \/type=\"radio\" name=\"ANREDE\" class=\"input_replaced\" value=\"1\" required>\n                      <span class=\"radio-button\" style=\"margin-left: \"><\/span><span style=\"font-size:16px; text-align:left; font-family:&quot;Helvetica&quot;, sans-serif; color:#3C4858; background-color:transparent;\">Herr<\/span> <\/label>\n                  <\/div>\n                  <div class=\"entry__choice\" style=\"\">\n                    <label>\n                      <input \/type=\"radio\" name=\"ANREDE\" class=\"input_replaced\" value=\"2\" required>\n                      <span class=\"radio-button\" style=\"margin-left: \"><\/span><span style=\"font-size:16px; text-align:left; font-family:&quot;Helvetica&quot;, sans-serif; color:#3C4858; background-color:transparent;\">Frau<\/span> <\/label>\n                  <\/div>\n                  <div class=\"entry__choice\" style=\"\">\n                    <label>\n                      <input \/type=\"radio\" name=\"ANREDE\" class=\"input_replaced\" value=\"3\" required>\n                      <span class=\"radio-button\" style=\"margin-left: \"><\/span><span style=\"font-size:16px; text-align:left; font-family:&quot;Helvetica&quot;, sans-serif; color:#3C4858; background-color:transparent;\">Keine Angabe<\/span> <\/label>\n                  <\/div>\n                <\/div>\n              <\/div>\n              <label class=\"entry__error entry__error--primary\" style=\"font-size:16px; text-align:left; font-family:&quot;Helvetica&quot;, sans-serif; color:#661d1d; background-color:#ffeded; border-radius:3px; border-color:#ff4949;\">\n              <\/label>\n            <\/div>\n          <\/div>\n        <\/div>\n        <div style=\"padding: 8px 0;\">\n          <div class=\"sib-optin sib-form-block\" data-required=\"true\">\n            <div class=\"form__entry entry_mcq\">\n              <div class=\"form__label-row \">\n                <div class=\"entry__choice\" style=\"\">\n                  <label>\n                    <input type=\"checkbox\" class=\"input_replaced\" value=\"1\" id=\"OPT_IN\" name=\"OPT_IN\" required \/>\n                    <span class=\"checkbox checkbox_tick_positive\"\n            style=\"margin-left:\"\n            ><\/span><span style=\"font-size:14px; text-align:left; font-family:&quot;Helvetica&quot;, sans-serif; color:#3C4858; background-color:transparent;\"><p><strong>Ich m\u00f6chte mich f\u00fcr das weiterf\u00fchrende Informationsangebot zu digitalen Nachbarschaftskreisen anmelden und akzeptiere die <\/strong><a href=\"https:\/\/ea-rlp.de\/ueber-uns\/datenschutzerklaerung\/\">Datenschutzerkl\u00e4rung<\/a><strong>.<\/strong><\/p><span data-required=\"*\" style=\"display: inline;\" class=\"entry__label entry__label_optin\"><\/span><\/span> <\/label>\n                <\/div>\n              <\/div>\n              <label class=\"entry__error entry__error--primary\" style=\"font-size:16px; text-align:left; font-family:&quot;Helvetica&quot;, sans-serif; color:#661d1d; background-color:#ffeded; border-radius:3px; border-color:#ff4949;\">\n              <\/label>\n              <label class=\"entry__specification\" style=\"font-size:12px; text-align:left; font-family:&quot;Helvetica&quot;, sans-serif; color:#8390A4; text-align:left\">\n                Sie k\u00f6nnen den Newsletter jederzeit \u00fcber den Link im Newsletter abbestellen.\n              <\/label>\n            <\/div>\n          <\/div>\n        <\/div>\n        <div style=\"padding: 8px 0;\">\n          <div class=\"sib-form-block\" style=\"text-align: left\">\n            <button class=\"sib-form-block__button sib-form-block__button-with-loader\" style=\"font-size:16px; text-align:left; font-weight:700; font-family:&quot;Helvetica&quot;, sans-serif; color:#FFFFFF; background-color:#3E4857; border-radius:3px; border-width:0px;\" form=\"sib-form\" type=\"submit\">\n              <svg class=\"icon clickable__icon progress-indicator__icon sib-hide-loader-icon\" viewBox=\"0 0 512 512\">\n                <path d=\"M460.116 373.846l-20.823-12.022c-5.541-3.199-7.54-10.159-4.663-15.874 30.137-59.886 28.343-131.652-5.386-189.946-33.641-58.394-94.896-95.833-161.827-99.676C261.028 55.961 256 50.751 256 44.352V20.309c0-6.904 5.808-12.337 12.703-11.982 83.556 4.306 160.163 50.864 202.11 123.677 42.063 72.696 44.079 162.316 6.031 236.832-3.14 6.148-10.75 8.461-16.728 5.01z\" \/>\n              <\/svg>\n              ANMELDEN\n            <\/button>\n          <\/div>\n        <\/div>\n\n        <input type=\"text\" name=\"email_address_check\" value=\"\" class=\"input--hidden\">\n        <input type=\"hidden\" name=\"locale\" value=\"de\">\n      <\/form>\n    <\/div>\n  <\/div>\n<\/div>\n<!-- END - We recommend to place the above code where you want the form in your website html  -->\n\n<!-- START - We recommend to place the below code in footer or bottom of your website html  -->\n<script>\n  window.REQUIRED_CODE_ERROR_MESSAGE = 'W\u00e4hlen Sie bitte einen L\u00e4ndervorwahl aus.';\n  window.LOCALE = 'de';\n  window.EMAIL_INVALID_MESSAGE = window.SMS_INVALID_MESSAGE = \"Die eingegebenen Informationen sind nicht g\u00fcltig. Bitte \u00fcberpr\u00fcfen Sie das Feldformat und versuchen Sie es erneut.\";\n\n  window.REQUIRED_ERROR_MESSAGE = \"Dieses Feld darf nicht leer sein. \";\n\n  window.GENERIC_INVALID_MESSAGE = \"Die eingegebenen Informationen sind nicht g\u00fcltig. Bitte \u00fcberpr\u00fcfen Sie das Feldformat und versuchen Sie es erneut.\";\n\n\n\n\n  window.translation = {\n    common: {\n      selectedList: '{quantity} Liste ausgew\u00e4hlt',\n      selectedLists: '{quantity} Listen ausgew\u00e4hlt'\n    }\n  };\n\n  var AUTOHIDE = Boolean(0);\n<\/script>\n\n<script defer src=\"https:\/\/sibforms.com\/forms\/end-form\/build\/main.js\"><\/script>\n\n\n<!-- END - We recommend to place the above code in footer or bottom of your website html  -->\n<!-- End Brevo Form -->\n","protected":false},"excerpt":{"rendered":"<p>Digitale Nachbarschaftskreise&nbsp;helfen gegen Einsamkeit Diese Webseite bietet Informationen f\u00fcr Menschen, die einen eigenen digitalen Nachbarschaftskreis starten wollen. Digitale Nachbarschaftskreise bringen mit digitalen Sprachassistenten wie \u201eAlexa\u201c Menschen zusammen, die sich einsam f\u00fchlen. Die Entwicklungsagentur Rheinland-Pfalz e. V. (EA) stellt Ihnen hier die Brosch\u00fcre \u201eDigitale Nachbarschaft\u201c mit ausf\u00fchrlichen Informationen kostenfrei zur Verf\u00fcgung. Download: Flyer Digitale Nachbarschaftskreise (PDF, [&hellip;]<\/p>\n","protected":false},"author":4,"featured_media":0,"parent":0,"menu_order":0,"comment_status":"closed","ping_status":"closed","template":"","meta":{"footnotes":""},"class_list":["post-16327","page","type-page","status-publish","hentry"],"_links":{"self":[{"href":"https:\/\/neu.ea-rlp.de\/index.php\/wp-json\/wp\/v2\/pages\/16327","targetHints":{"allow":["GET"]}}],"collection":[{"href":"https:\/\/neu.ea-rlp.de\/index.php\/wp-json\/wp\/v2\/pages"}],"about":[{"href":"https:\/\/neu.ea-rlp.de\/index.php\/wp-json\/wp\/v2\/types\/page"}],"author":[{"embeddable":true,"href":"https:\/\/neu.ea-rlp.de\/index.php\/wp-json\/wp\/v2\/users\/4"}],"replies":[{"embeddable":true,"href":"https:\/\/neu.ea-rlp.de\/index.php\/wp-json\/wp\/v2\/comments?post=16327"}],"version-history":[{"count":0,"href":"https:\/\/neu.ea-rlp.de\/index.php\/wp-json\/wp\/v2\/pages\/16327\/revisions"}],"wp:attachment":[{"href":"https:\/\/neu.ea-rlp.de\/index.php\/wp-json\/wp\/v2\/media?parent=16327"}],"curies":[{"name":"wp","href":"https:\/\/api.w.org\/{rel}","templated":true}]}}