{"id":16461,"date":"2024-08-14T14:59:41","date_gmt":"2024-08-14T12:59:41","guid":{"rendered":"https:\/\/ea-rlp.de\/?page_id=16461"},"modified":"2024-08-14T14:59:41","modified_gmt":"2024-08-14T12:59:41","slug":"dd3","status":"publish","type":"page","link":"https:\/\/neu.ea-rlp.de\/index.php\/dd3\/","title":{"rendered":"Digitale D\u00f6rfer Daten"},"content":{"rendered":"\n<h1 class=\"wp-block-heading\">Digitale D\u00f6rfer Daten<\/h1>\n\n\n\n<p><\/p>\n\n\n\n<p>Die Entwicklungsagentur Rheinland-Pfalz e. V. (EA) hat im Projekt Digitale D\u00f6rfer Daten ein Datentool entwickeln lassen. Auf dieser Webseite finden Sie alle Informationen zu dem Projekt <strong>Digitale D\u00f6rfer Daten<\/strong> sowie den Zugang zum <a class=\"fancybox-iframe\" href=\"https:\/\/app.digitaledoerferdaten.de\/\"><strong>Datentool<\/strong><\/a> und einer Austauschplattform, dem <strong><a href=\"https:\/\/ea-rlp.de\/dd3forum\/\" data-type=\"link\" data-id=\"https:\/\/ea-rlp.de\/dd3forum\/\">Forum<\/a><\/strong>.<\/p>\n\n\n\n<p>Die Webseite bietet au\u00dferdem eine <strong><a href=\"https:\/\/ea-rlp.de\/dd3-hilfe\">Hilfestellung<\/a><\/strong> im Umgang mit dem Datentool.<\/p>\n\n\n\n<h2 class=\"wp-block-heading\">Was ist die Idee von Digitale D\u00f6rfer Daten?<\/h2>\n\n\n\n<p>B\u00fcrgermeisterinnen und B\u00fcrgermeister stehen h\u00e4ufig vor komplexen Entscheidungen. Ihnen und anderen kommunalpolitisch aktiven Akteurinnen und Akteuren wird eine M\u00f6glichkeit geboten, datenbasiert Entscheidungen zu treffen.&nbsp;Die Entwicklungsagentur Rheinland-Pfalz e. V. (EA) hat in Zusammenarbeit mit dem Fraunhofer-Institut f\u00fcr Experimentelles Software Engineering IESE ein Datentool konzipiert und entwickeln lassen. <\/p>\n\n\n\n<figure class=\"wp-block-image aligncenter size-large is-resized\"><img decoding=\"async\" src=\"https:\/\/ea-rlp.de\/wp-content\/uploads\/2025\/01\/ea-logo-fraunhofer-iese-logo-1280x187.jpg\" alt=\"\" class=\"wp-image-17422\" style=\"width:500px\"\/><\/figure>\n\n\n\n<p><\/p>\n\n\n\n<p>Statistische Daten werden aufbereitet dargestellt und k\u00f6nnen den kommunalpolitisch aktiven Akteurinnen und Akteuren als fundierte Grundlage f\u00fcr ihre politische Arbeit dienen. Im Datentool ist eine Vergleichsfunktion integriert. Die Daten k\u00f6nnen aufzeigen, welche anderen Kommunen in Rheinland-Pfalz m\u00f6glicherweise mit gleichen oder \u00e4hnlichen Herausforderungen umgehen m\u00fcssen. So k\u00f6nnen m\u00f6gliche Ansprechpartnerinnen und Ansprechpartner zum Austausch untereinander identifiziert werden. Um diesen Austausch zu f\u00f6rdern, hat die EA ein <a href=\"https:\/\/ea-rlp.de\/dd3forum\/\" data-type=\"link\" data-id=\"https:\/\/ea-rlp.de\/dd3forum\/\"><strong>Forum<\/strong><\/a> geschaffen. Hier k\u00f6nnen eigene Fragen an andere kommunalpolitisch Aktive gestellt und eigene Erfahrungen geteilt werden.<\/p>\n\n\n\n<h2 class=\"wp-block-heading\">Wie ist das Datentool aufgebaut?<\/h2>\n\n\n\n<p>Statistische Daten zu jeder Kommune in Rheinland-Pfalz werden gesammelt, qualitativ aufbereitet und kategorisiert. Die Daten stehen als Diagramme und in tabellarischer Form zur Verf\u00fcgung. Dadurch k\u00f6nnen wichtige Kennzahlen zu einer Gemeinde schnell und einfach eingesehen werden.<\/p>\n\n\n\n<p>Kategorisiert werden die Daten in unterschiedliche Themenfelder, wie Demographie, Infrastruktur oder Finanzen.<\/p>\n\n\n\n<p>Das Datentool bietet die M\u00f6glichkeit, innerhalb jeder Kategorie die Kommunen miteinander zu vergleichen. Dazu werden die jeweils \u00e4hnlichsten Kommunen durch das Datentool berechnet. Das bedeutet, dass von einer Gemeinde ausgehend innerhalb einer Kategorie mehrere Gemeinden vorgeschlagen werden, die die \u00e4hnlichsten Datenstrukturen aufweisen.<\/p>\n\n\n\n<p>Im Idealfall f\u00fchrt die Informationslage zu einer Kontaktaufnahme der Gemeinden und tr\u00e4gt zur Vernetzung von weiter entfernten und statistisch doch sehr \u00e4hnlichen Gemeinden bei.<\/p>\n\n\n\n<p>Die Daten und Vergleichsm\u00f6glichkeiten stehen sowohl auf der Ebene der St\u00e4dte und Ortsgemeinden als auch auf der Ebene der Verbandsgemeinden zur Verf\u00fcgung.<\/p>\n\n\n\n<p>Die Berechnungen der \u00e4hnlichsten Gemeinden sowie der Distanzen und Fahrtzeiten zu den n\u00e4chsten Mittel- und Oberzentren wurden vom Fraunhofer-Institut f\u00fcr Experimentelles Software Engineering IESE entwickelt und im Datentool implementiert.<\/p>\n\n\n\n<h2 class=\"wp-block-heading\">Wie aktuell sind die Daten und woher stammen sie?&nbsp;<\/h2>\n\n\n\n<p>Die Daten im Datentool werden regelm\u00e4\u00dfig aktualisiert, abh\u00e4ngig von ihrer Verf\u00fcgbarkeit. Bezogen werden sie vom Statistischen Landesamt Rheinland-Pfalz und der Bundesnetzagentur. Die aktuellen Daten mit Bezug zur Bev\u00f6lkerung basieren auf der Fortschreibung des Zensus von 2011.<\/p>\n\n\n\n<p><\/p>\n","protected":false},"excerpt":{"rendered":"<p>Digitale D\u00f6rfer Daten Die Entwicklungsagentur Rheinland-Pfalz e. V. (EA) hat im Projekt Digitale D\u00f6rfer Daten ein Datentool entwickeln lassen. Auf dieser Webseite finden Sie alle Informationen zu dem Projekt Digitale D\u00f6rfer Daten sowie den Zugang zum Datentool und einer Austauschplattform, dem Forum. Die Webseite bietet au\u00dferdem eine Hilfestellung im Umgang mit dem Datentool. Was ist [&hellip;]<\/p>\n","protected":false},"author":12,"featured_media":0,"parent":0,"menu_order":0,"comment_status":"closed","ping_status":"closed","template":"","meta":{"footnotes":""},"class_list":["post-16461","page","type-page","status-publish","hentry"],"_links":{"self":[{"href":"https:\/\/neu.ea-rlp.de\/index.php\/wp-json\/wp\/v2\/pages\/16461","targetHints":{"allow":["GET"]}}],"collection":[{"href":"https:\/\/neu.ea-rlp.de\/index.php\/wp-json\/wp\/v2\/pages"}],"about":[{"href":"https:\/\/neu.ea-rlp.de\/index.php\/wp-json\/wp\/v2\/types\/page"}],"author":[{"embeddable":true,"href":"https:\/\/neu.ea-rlp.de\/index.php\/wp-json\/wp\/v2\/users\/12"}],"replies":[{"embeddable":true,"href":"https:\/\/neu.ea-rlp.de\/index.php\/wp-json\/wp\/v2\/comments?post=16461"}],"version-history":[{"count":0,"href":"https:\/\/neu.ea-rlp.de\/index.php\/wp-json\/wp\/v2\/pages\/16461\/revisions"}],"wp:attachment":[{"href":"https:\/\/neu.ea-rlp.de\/index.php\/wp-json\/wp\/v2\/media?parent=16461"}],"curies":[{"name":"wp","href":"https:\/\/api.w.org\/{rel}","templated":true}]}}