{"id":184,"date":"2018-02-15T14:32:43","date_gmt":"2018-02-15T13:32:43","guid":{"rendered":"https:\/\/ea-rlp.de\/wpea\/?page_id=184"},"modified":"2018-02-15T14:32:43","modified_gmt":"2018-02-15T13:32:43","slug":"mitgliedschaften","status":"publish","type":"page","link":"https:\/\/neu.ea-rlp.de\/index.php\/ueber-uns\/mitgliedschaften\/","title":{"rendered":"Mitgliedschaften"},"content":{"rendered":"<div class=\"row\">\n<div id=\"content-right\" class=\"col-md-9\">\n<div class=\"row\">\n<div class=\"col-xs-12\">\n<div id=\"content-main\">\n<div id=\"c2015\" class=\"csc-default\">\n<p class=\"bodytext\">Die Entwicklungsagentur Rheinland-Pfalz e.V. ist Mitglied in folgenden Institutionen:<\/p>\n<ul>\n<li><a href=\"http:\/\/www.difu.de\">Deutsches Institut f\u00fcr Urbanistik (DIFU)<\/a><\/li>\n<li><a title=\"\u00d6ffnet externen Link in neuem Fenster\" href=\"http:\/\/www.bundesstiftung-baukultur.de\/foerderverein\" target=\"_blank\" rel=\"noopener noreferrer\">F\u00f6rderverein Bundesstiftung Baukultur (BBK)<\/a><\/li>\n<li><a href=\"http:\/\/www.bugafreunde2029.de\/\">Freunde der Bundesgartenschau 2029<\/a><\/li>\n<li><a title=\"\u00d6ffnet externen Link in neuem Fenster\" href=\"https:\/\/www.kgst.de\/\" target=\"_blank\" rel=\"noopener noreferrer\">Kommunale Gemeinschaftsstelle f\u00fcr Verwaltungsmanagement (KGSt)<\/a><\/li>\n<li><a href=\"https:\/\/www.schaufenster-baukultur-koblenz.de\/\">Schaufenster Baukultur Koblenz e.V.<\/a><\/li>\n<li><a href=\"http:\/\/www.zirp.de\">Zukunftsinitiative Rheinland-Pfalz e.V. (ZIRP)<\/a><\/li>\n<li><a href=\"http:\/\/www.zukunftsregion-westpfalz.de\">ZukunftsRegion Westpfalz<\/a><\/li>\n<\/ul>\n<\/div>\n<\/div>\n<\/div>\n<\/div>\n<\/div>\n<\/div>\n","protected":false},"excerpt":{"rendered":"<p>Die Entwicklungsagentur Rheinland-Pfalz e.V. ist Mitglied in folgenden Institutionen: Deutsches Institut f\u00fcr Urbanistik (DIFU) F\u00f6rderverein Bundesstiftung Baukultur (BBK) Freunde der Bundesgartenschau 2029 Kommunale Gemeinschaftsstelle f\u00fcr Verwaltungsmanagement (KGSt) Schaufenster Baukultur Koblenz e.V. Zukunftsinitiative Rheinland-Pfalz e.V. (ZIRP) ZukunftsRegion Westpfalz<\/p>\n","protected":false},"author":3,"featured_media":0,"parent":99,"menu_order":0,"comment_status":"closed","ping_status":"closed","template":"","meta":{"footnotes":""},"class_list":["post-184","page","type-page","status-publish","hentry"],"_links":{"self":[{"href":"https:\/\/neu.ea-rlp.de\/index.php\/wp-json\/wp\/v2\/pages\/184","targetHints":{"allow":["GET"]}}],"collection":[{"href":"https:\/\/neu.ea-rlp.de\/index.php\/wp-json\/wp\/v2\/pages"}],"about":[{"href":"https:\/\/neu.ea-rlp.de\/index.php\/wp-json\/wp\/v2\/types\/page"}],"author":[{"embeddable":true,"href":"https:\/\/neu.ea-rlp.de\/index.php\/wp-json\/wp\/v2\/users\/3"}],"replies":[{"embeddable":true,"href":"https:\/\/neu.ea-rlp.de\/index.php\/wp-json\/wp\/v2\/comments?post=184"}],"version-history":[{"count":0,"href":"https:\/\/neu.ea-rlp.de\/index.php\/wp-json\/wp\/v2\/pages\/184\/revisions"}],"up":[{"embeddable":true,"href":"https:\/\/neu.ea-rlp.de\/index.php\/wp-json\/wp\/v2\/pages\/99"}],"wp:attachment":[{"href":"https:\/\/neu.ea-rlp.de\/index.php\/wp-json\/wp\/v2\/media?parent=184"}],"curies":[{"name":"wp","href":"https:\/\/api.w.org\/{rel}","templated":true}]}}