{"id":274,"date":"2017-12-21T11:23:56","date_gmt":"2017-12-21T10:23:56","guid":{"rendered":"https:\/\/ea-rlp.de\/wpea\/?page_id=274"},"modified":"2017-12-21T11:23:56","modified_gmt":"2017-12-21T10:23:56","slug":"wegbeschreibung","status":"publish","type":"page","link":"https:\/\/neu.ea-rlp.de\/index.php\/ueber-uns\/wegbeschreibung\/","title":{"rendered":"Wegbeschreibung"},"content":{"rendered":"\n<h2 class=\"wp-block-heading\">Anfahrt<\/h2>\n\n\n\n<p><strong>Gesch\u00e4ftsstelle in der Emmeransstra\u00dfe 27, 4. Etage<\/strong><\/p>\n\n\n\n<iframe src=\"https:\/\/www.google.com\/maps\/embed?pb=!1m18!1m12!1m3!1d2564.5332339456427!2d8.266725852179778!3d50.00135997931492!2m3!1f0!2f0!3f0!3m2!1i1024!2i768!4f13.1!3m3!1m2!1s0x47bd971cd82463d5%3A0xf1ef00e55ec80ef9!2sEmmeransstra%C3%9Fe%2027%2C%2055116%20Mainz!5e0!3m2!1sde!2sde!4v1660757689353!5m2!1sde!2sde\" width=\"600\" height=\"450\" style=\"border:0;\" allowfullscreen=\"\" loading=\"lazy\" referrerpolicy=\"no-referrer-when-downgrade\"><\/iframe>\n\n\n\n<p>Die EA-Gesch\u00e4ftsstelle befindet in der \u201eR\u00f6merpassage\u201c, einem Einkaufszentrum mit einem separatem B\u00fcroturm und mehreren Eing\u00e4ngen.<\/p>\n\n\n\n<p>Die EA ist im&nbsp;<strong>B\u00fcrogeb\u00e4ude<\/strong>, nicht<strong>&nbsp;<\/strong>in der Einkaufspassage. Der Eingang zum B\u00fcrogeb\u00e4ude befindet sich neben der Einfahrt zum Parkhaus \u201eR\u00f6merpassage\u201c. Hier finden Sie zwei Klingeln:<\/p>\n\n\n\n<ul class=\"wp-block-list\"><li>Entwicklungsagentur \u2013 Zentrale 4. Etage (u.a. Sekretariat, Postanlieferung)<\/li><li>Entwicklungsagentur \u2013 Besprechungsraum, 3. OG<\/li><\/ul>\n\n\n\n<p><strong>Anfahrt mit&nbsp;Bus und Stra\u00dfenbahn:<br><\/strong>Haltestellen Neubrunnenplatz (Bus) oder Schillerplatz (Stra\u00dfenbahn und Bus)<\/p>\n\n\n\n<p><strong>Anfahrt mit PKW:<br><\/strong>Die Navigationsadressen sind \u201eParkhaus R\u00f6merpassage\u201c oder \u201eEmmeransstra\u00dfe 27\u201c<\/p>\n\n\n\n<p><strong>Anfahrt mit Rad:<br><\/strong>Fahrradst\u00e4nder sind vor dem Geb\u00e4ude.<\/p>\n\n\n\n<p><strong>Bevor Sie verloren gehen,&nbsp;<a href=\"https:\/\/ea-rlp.de\/wpea\/kontakt\/\">rufen Sie uns<\/a>&nbsp;an und wir helfen Ihnen gerne weiter!<\/strong><\/p>\n\n\n\n<p><\/p>\n","protected":false},"excerpt":{"rendered":"<p>Anfahrt Gesch\u00e4ftsstelle in der Emmeransstra\u00dfe 27, 4. Etage Die EA-Gesch\u00e4ftsstelle befindet in der \u201eR\u00f6merpassage\u201c, einem Einkaufszentrum mit einem separatem B\u00fcroturm und mehreren Eing\u00e4ngen. Die EA ist im&nbsp;B\u00fcrogeb\u00e4ude, nicht&nbsp;in der Einkaufspassage. Der Eingang zum B\u00fcrogeb\u00e4ude befindet sich neben der Einfahrt zum Parkhaus \u201eR\u00f6merpassage\u201c. Hier finden Sie zwei Klingeln: Entwicklungsagentur \u2013 Zentrale 4. Etage (u.a. Sekretariat, Postanlieferung) [&hellip;]<\/p>\n","protected":false},"author":3,"featured_media":275,"parent":99,"menu_order":0,"comment_status":"closed","ping_status":"closed","template":"","meta":{"footnotes":""},"class_list":["post-274","page","type-page","status-publish","has-post-thumbnail","hentry"],"_links":{"self":[{"href":"https:\/\/neu.ea-rlp.de\/index.php\/wp-json\/wp\/v2\/pages\/274","targetHints":{"allow":["GET"]}}],"collection":[{"href":"https:\/\/neu.ea-rlp.de\/index.php\/wp-json\/wp\/v2\/pages"}],"about":[{"href":"https:\/\/neu.ea-rlp.de\/index.php\/wp-json\/wp\/v2\/types\/page"}],"author":[{"embeddable":true,"href":"https:\/\/neu.ea-rlp.de\/index.php\/wp-json\/wp\/v2\/users\/3"}],"replies":[{"embeddable":true,"href":"https:\/\/neu.ea-rlp.de\/index.php\/wp-json\/wp\/v2\/comments?post=274"}],"version-history":[{"count":0,"href":"https:\/\/neu.ea-rlp.de\/index.php\/wp-json\/wp\/v2\/pages\/274\/revisions"}],"up":[{"embeddable":true,"href":"https:\/\/neu.ea-rlp.de\/index.php\/wp-json\/wp\/v2\/pages\/99"}],"wp:featuredmedia":[{"embeddable":true,"href":"https:\/\/neu.ea-rlp.de\/index.php\/wp-json\/"}],"wp:attachment":[{"href":"https:\/\/neu.ea-rlp.de\/index.php\/wp-json\/wp\/v2\/media?parent=274"}],"curies":[{"name":"wp","href":"https:\/\/api.w.org\/{rel}","templated":true}]}}