{"id":47,"date":"2017-11-13T11:28:03","date_gmt":"2017-11-13T10:28:03","guid":{"rendered":"https:\/\/ea-rlp.de\/wpea\/?page_id=47"},"modified":"2017-11-13T11:28:03","modified_gmt":"2017-11-13T10:28:03","slug":"kontakt","status":"publish","type":"page","link":"https:\/\/neu.ea-rlp.de\/index.php\/ueber-uns\/kontakt\/","title":{"rendered":"Adresse und Kontaktdaten"},"content":{"rendered":"\n<p><strong>Entwicklungsagentur Rheinland-Pfalz e.V.<\/strong><\/p>\n\n\n\n<ul class=\"wp-block-list\">\n<li><strong>Postanschrift und B\u00fcroeingang: <\/strong><br><strong>Emmeransstra\u00dfe 27<\/strong><br><strong>55116 Mainz<\/strong><\/li>\n<\/ul>\n\n\n\n<ul class=\"wp-block-list\">\n<li><strong>Telefon-Zentrale: 06131 &#8211; 490 82 0<\/strong><\/li>\n<\/ul>\n\n\n\n<p><\/p>\n\n\n\n<ul class=\"wp-block-list\">\n<li>Web: <a href=\"http:\/\/www.ea-rlp.de\">ea-rlp.de<\/a><\/li>\n\n\n\n<li>Facebook: <a aria-label=\"facebook.com\/entwicklungsagentur (\u00f6ffnet in neuem Tab)\" href=\"http:\/\/facebook.com\/entwicklungsagentur\" target=\"_blank\" rel=\"noreferrer noopener\">facebook.com\/entwicklungsagentur<\/a><\/li>\n\n\n\n<li>Mailadresse: <a href=\"mailto:info@ea-rlp.de\">info@ea-rlp.de<\/a><\/li>\n<\/ul>\n\n\n\n<p><\/p>\n\n\n\n<figure class=\"wp-block-image size-full\"><img decoding=\"async\" src=\"https:\/\/ea-rlp.de\/wp-content\/uploads\/2019\/03\/cropped-ea_logo_v1.0_RGB-3.png\" alt=\"\" class=\"wp-image-3237\"\/><\/figure>\n\n\n\n<p><\/p>\n\n\n\n<p><\/p>\n\n\n\n<h2 class=\"wp-block-heading\">Kontaktdaten der Mitarbeiterinnen und Mitarbeiter<\/h2>\n\n\n\n<p><\/p>\n\n\n\n<p><strong>Adams, Uli<\/strong><br>Projektleiter<\/p>\n\n\n\n<ul class=\"wp-block-list\">\n<li>Telefon: 02641 897 0421<\/li>\n\n\n\n<li>Mobil: 01516 480 965 0<\/li>\n\n\n\n<li>Mail: adams[at]ea-rlp.de<\/li>\n<\/ul>\n\n\n\n<p><strong>Damnitz, S\u00f6ren<br><\/strong>Projektleiter<\/p>\n\n\n\n<ul class=\"wp-block-list\">\n<li>Telefon: 06131 490 82 33<\/li>\n\n\n\n<li>Mobil: 0170 705 592 1<\/li>\n\n\n\n<li>Mail: damnitz [at] ea-rlp.de<\/li>\n<\/ul>\n\n\n\n<p><strong>Do, Nguyen Thuy Hang<\/strong><br>Projektleiterin<\/p>\n\n\n\n<ul class=\"wp-block-list\">\n<li>Telefon: 06131 490 82 39<\/li>\n\n\n\n<li>Mobil: 0151 431 351 95<\/li>\n\n\n\n<li>Mail: do[at]ea-rlp.de<\/li>\n<\/ul>\n\n\n\n<p><strong>Gill, Susanne<br><\/strong>Projektleiterin<\/p>\n\n\n\n<ul class=\"wp-block-list\">\n<li>Telefon: 06131 490 82 43<\/li>\n\n\n\n<li>Mobil: 0152 090 920 90<\/li>\n\n\n\n<li>Mail: gill[at]ea-rlp.de<\/li>\n<\/ul>\n\n\n\n<p><strong>J\u00f6ckel, Andreas<\/strong><br>Projektleiter<\/p>\n\n\n\n<ul class=\"wp-block-list\">\n<li>Telefon: 06131 490 82 38<\/li>\n\n\n\n<li>Mobil: 0170 626 27 81<\/li>\n\n\n\n<li>Mail: joeckel[at]ea-rlp.de<\/li>\n<\/ul>\n\n\n\n<p><strong>Kozan, Ece<\/strong><br>Sekretariat<\/p>\n\n\n\n<ul class=\"wp-block-list\">\n<li>Telefon: 06131 490 82 22<\/li>\n\n\n\n<li>Mail: kozan[at]ea-rlp.de<\/li>\n<\/ul>\n\n\n\n<p><strong>Knoth, Christine<\/strong><br>Sekretariat (nur donnerstags)<\/p>\n\n\n\n<ul class=\"wp-block-list\">\n<li>Telefon: 06131 490 82 27<\/li>\n\n\n\n<li>Mail: knoth[at]ea-rlp.de<\/li>\n<\/ul>\n\n\n\n<p><strong>Rindsf\u00fc\u00dfer, Uwe<\/strong><br>Projektleiter<\/p>\n\n\n\n<ul class=\"wp-block-list\">\n<li>Telefon:\u00a002641 897 0421<\/li>\n\n\n\n<li>Mail: rindsfuesser[at]ea-rlp.de<\/li>\n<\/ul>\n\n\n\n<p><strong>Rolinger, Lucia<\/strong><br>Projektleiterin<\/p>\n\n\n\n<p><\/p>\n\n\n\n<ul class=\"wp-block-list\">\n<li>Telefon: 06131 490 82 24<\/li>\n\n\n\n<li>Mobil: 0151 142 46 275<\/li>\n\n\n\n<li>Mail: rolinger[at]ea-rlp.de<\/li>\n<\/ul>\n\n\n\n<p><strong>Thome, Leonie<br><\/strong>Projektleiterin<\/p>\n\n\n\n<ul class=\"wp-block-list\">\n<li>Telefon: 06131 490 82 35<\/li>\n\n\n\n<li>Mobil: 0151 142 46 275<\/li>\n\n\n\n<li>Mail: thome[at]ea-rlp.de<\/li>\n<\/ul>\n\n\n\n<p><strong>Wildgrube, Patricia Fabienne<\/strong><br>Projektleiterin<\/p>\n\n\n\n<ul class=\"wp-block-list\">\n<li>Telefon: 06131 490 82 25<\/li>\n\n\n\n<li>Mobil: 0151 537 52 921<\/li>\n\n\n\n<li>Mail: wildgrube[at]ea-rlp.de<\/li>\n<\/ul>\n\n\n\n<div class=\"wp-block-group is-layout-flow wp-block-group-is-layout-flow\">\n<p><strong>White, Petra<\/strong> <br>Sekretariat (nur mittwochs)<\/p>\n\n\n\n<ul class=\"wp-block-list\">\n<li>Telefon: 06131 490 82 44<\/li>\n\n\n\n<li>Mail: white [at]ea-rlp.de<\/li>\n<\/ul>\n<\/div>\n\n\n\n<p><strong>Zeimentz, Rainer<br><\/strong>Vorstand<\/p>\n\n\n\n<ul class=\"wp-block-list\">\n<li>Telefon: 06131 490 82 21<\/li>\n\n\n\n<li>Mobil: 0173 1538 525<\/li>\n\n\n\n<li>Mail: zeimentz[at]ea-rlp.de<\/li>\n<\/ul>\n\n\n\n<p><\/p>\n\n\n\n<h2 class=\"wp-block-heading\">Studentische Mitarbeitende <\/h2>\n\n\n\n<ul class=\"wp-block-list\">\n<li>Frank, Johanna<\/li>\n\n\n\n<li>Jakoby, Joschua<\/li>\n\n\n\n<li>Ibnoulfassih, Riad<\/li>\n\n\n\n<li>Kaffo, Naomie<\/li>\n\n\n\n<li>Pauly, Hannah<\/li>\n\n\n\n<li>Schl\u00fcter, Felina<\/li>\n<\/ul>\n\n\n\n<p><\/p>\n\n\n\n<h2 class=\"wp-block-heading\">Anfahrt und Geb\u00e4ude-Eingang<\/h2>\n\n\n\n<p>Bahn: Hauptbahnhof (ca. 10 Minuten Fu\u00dfweg)<br>\u00d6PNV: Haltestellen &#8222;Neubrunnenplatz&#8220; (ca. 3 Minuten Fu\u00dfweg) oder &#8222;Schillerplatz&#8220; (ca. 5 Minuten Fu\u00dfweg)<br>Radabstellplatz: vor der Eingangst\u00fcr<br>Fahrradmietstation (&#8222;MVG Mein Rad&#8220;): R\u00f6merpassage<br>PKW-Parken: Parkh\u00e4user &#8222;R\u00f6merpassage&#8220; (im Haus) oder &#8222;Kronberger Hof&#8220; oder &#8222;Theater&#8220;<\/p>\n\n\n\n<p>Der Eingang zum <strong>B\u00fcro-Treppenhaus<\/strong> befindet sich in der <strong>Emmeransstra\u00dfe 27<\/strong> (neben der Einfahrt zum Parkhaus &#8222;R\u00f6merpassage&#8220;)<\/p>\n","protected":false},"excerpt":{"rendered":"<p>Entwicklungsagentur Rheinland-Pfalz e.V. Kontaktdaten der Mitarbeiterinnen und Mitarbeiter Adams, UliProjektleiter Damnitz, S\u00f6renProjektleiter Do, Nguyen Thuy HangProjektleiterin Gill, SusanneProjektleiterin J\u00f6ckel, AndreasProjektleiter Kozan, EceSekretariat Knoth, ChristineSekretariat (nur donnerstags) Rindsf\u00fc\u00dfer, UweProjektleiter Rolinger, LuciaProjektleiterin Thome, LeonieProjektleiterin Wildgrube, Patricia FabienneProjektleiterin White, Petra Sekretariat (nur mittwochs) Zeimentz, RainerVorstand Studentische Mitarbeitende Anfahrt und Geb\u00e4ude-Eingang Bahn: Hauptbahnhof (ca. 10 Minuten Fu\u00dfweg)\u00d6PNV: Haltestellen &#8222;Neubrunnenplatz&#8220; [&hellip;]<\/p>\n","protected":false},"author":3,"featured_media":0,"parent":99,"menu_order":0,"comment_status":"closed","ping_status":"closed","template":"","meta":{"footnotes":""},"class_list":["post-47","page","type-page","status-publish","hentry"],"_links":{"self":[{"href":"https:\/\/neu.ea-rlp.de\/index.php\/wp-json\/wp\/v2\/pages\/47","targetHints":{"allow":["GET"]}}],"collection":[{"href":"https:\/\/neu.ea-rlp.de\/index.php\/wp-json\/wp\/v2\/pages"}],"about":[{"href":"https:\/\/neu.ea-rlp.de\/index.php\/wp-json\/wp\/v2\/types\/page"}],"author":[{"embeddable":true,"href":"https:\/\/neu.ea-rlp.de\/index.php\/wp-json\/wp\/v2\/users\/3"}],"replies":[{"embeddable":true,"href":"https:\/\/neu.ea-rlp.de\/index.php\/wp-json\/wp\/v2\/comments?post=47"}],"version-history":[{"count":0,"href":"https:\/\/neu.ea-rlp.de\/index.php\/wp-json\/wp\/v2\/pages\/47\/revisions"}],"up":[{"embeddable":true,"href":"https:\/\/neu.ea-rlp.de\/index.php\/wp-json\/wp\/v2\/pages\/99"}],"wp:attachment":[{"href":"https:\/\/neu.ea-rlp.de\/index.php\/wp-json\/wp\/v2\/media?parent=47"}],"curies":[{"name":"wp","href":"https:\/\/api.w.org\/{rel}","templated":true}]}}