{"id":50,"date":"2017-11-13T11:28:52","date_gmt":"2017-11-13T10:28:52","guid":{"rendered":"https:\/\/ea-rlp.de\/wpea\/?page_id=50"},"modified":"2017-11-13T11:28:52","modified_gmt":"2017-11-13T10:28:52","slug":"impressum","status":"publish","type":"page","link":"https:\/\/neu.ea-rlp.de\/index.php\/ueber-uns\/impressum\/","title":{"rendered":"Impressum"},"content":{"rendered":"<p class=\"bodytext\"><b>Entwicklungsagentur Rheinland-Pfalz e.V.<br \/>\n<\/b>Emmeransstra\u00dfe 27<br \/>\n55116 Mainz<\/p>\n<p class=\"bodytext\">Tel: \u00a006131 490 820<br \/>\nE-Mail: info [at] ea-rlp.de<\/p>\n<p class=\"bodytext\"><b>Vereinsregister<br \/>\n<\/b>Amtsgericht Mainz<br \/>\nNr. VR 41619<\/p>\n<p class=\"bodytext\"><b>Umsatzsteuer-Identifikationsnummer gem\u00e4\u00df \u00a727a Umsatzsteuergesetz:<\/b><br \/>\nDE232144140<\/p>\n<p><strong>E-Rechnungsadresse per Mail (nur PDF)<br \/>\n<\/strong>rechnung[at]ea-rlp.de<\/p>\n<p class=\"bodytext\"><b>Inhaltlich verantwortlich:<\/b><br \/>\nRainer Zeimentz (Anschrift wie oben)<\/p>\n<p class=\"bodytext\"><b>Hinweise:<\/b><\/p>\n<p>Texte geben den Stand bei Ver\u00f6ffentlichung wieder. Sie werden nicht nachtr\u00e4glich aktualisiert.<\/p>\n<p>Die Entwicklungsagentur Rheinland-Pfalz bem\u00fcht sich um eine gendergerechte Sprache. Sie orientiert sich dabei an \u00fcblichen Schreibweisen deutscher Nachrichtenagenturen und Zeitungen und der rheinland-pf\u00e4lzischen <a href=\"http:\/\/www.gleichstellungsbeauftragte-rlp.de\/?page_id=291%23GG\" target=\"_blank\" rel=\"noopener noreferrer\">Gleichstellungsbeauftragten<\/a>.<\/p>\n<p class=\"bodytext\">Die\u00a0Entwicklungsagentur Rheinland-Pfalz e.V.\u00a0\u00fcbernimmt keine Verantwortung f\u00fcr die Inhalte von Webseiten, welche \u00fcber\u00a0Links auf unserer Seite erreicht werden k\u00f6nnen. Diese Links werden bei der Erst-Aufnahme \u00fcberpr\u00fcft und bewertet. Eine kontinuierliche Pr\u00fcfung der Inhalte ist nicht m\u00f6glich. Der Herausgeber distanziert sich ausdr\u00fccklich von allen Inhalten, die m\u00f6glicherweise straf- oder haftungsrechtlich relevant sind oder gegen die guten Sitten versto\u00dfen.<\/p>\n<p class=\"bodytext\">Wir haben uns bem\u00fcht, alle Nutzungsrechte zur Ver\u00f6ffentlichung von Bildern und Inhalten Dritter zu erhalten. Sollten im Einzelfall Nutzungsrechte nicht abgekl\u00e4rt sein, bitten wir um direkte Kontaktaufnahme mit uns.<\/p>\n","protected":false},"excerpt":{"rendered":"<p>Entwicklungsagentur Rheinland-Pfalz e.V. Emmeransstra\u00dfe 27 55116 Mainz Tel: \u00a006131 490 820 E-Mail: info [at] ea-rlp.de Vereinsregister Amtsgericht Mainz Nr. VR 41619 Umsatzsteuer-Identifikationsnummer gem\u00e4\u00df \u00a727a Umsatzsteuergesetz: DE232144140 E-Rechnungsadresse per Mail (nur PDF) rechnung[at]ea-rlp.de Inhaltlich verantwortlich: Rainer Zeimentz (Anschrift wie oben) Hinweise: Texte geben den Stand bei Ver\u00f6ffentlichung wieder. Sie werden nicht nachtr\u00e4glich aktualisiert. Die Entwicklungsagentur Rheinland-Pfalz [&hellip;]<\/p>\n","protected":false},"author":3,"featured_media":0,"parent":99,"menu_order":0,"comment_status":"closed","ping_status":"closed","template":"","meta":{"footnotes":""},"class_list":["post-50","page","type-page","status-publish","hentry"],"_links":{"self":[{"href":"https:\/\/neu.ea-rlp.de\/index.php\/wp-json\/wp\/v2\/pages\/50","targetHints":{"allow":["GET"]}}],"collection":[{"href":"https:\/\/neu.ea-rlp.de\/index.php\/wp-json\/wp\/v2\/pages"}],"about":[{"href":"https:\/\/neu.ea-rlp.de\/index.php\/wp-json\/wp\/v2\/types\/page"}],"author":[{"embeddable":true,"href":"https:\/\/neu.ea-rlp.de\/index.php\/wp-json\/wp\/v2\/users\/3"}],"replies":[{"embeddable":true,"href":"https:\/\/neu.ea-rlp.de\/index.php\/wp-json\/wp\/v2\/comments?post=50"}],"version-history":[{"count":0,"href":"https:\/\/neu.ea-rlp.de\/index.php\/wp-json\/wp\/v2\/pages\/50\/revisions"}],"up":[{"embeddable":true,"href":"https:\/\/neu.ea-rlp.de\/index.php\/wp-json\/wp\/v2\/pages\/99"}],"wp:attachment":[{"href":"https:\/\/neu.ea-rlp.de\/index.php\/wp-json\/wp\/v2\/media?parent=50"}],"curies":[{"name":"wp","href":"https:\/\/api.w.org\/{rel}","templated":true}]}}