{"id":903,"date":"2018-02-05T12:04:44","date_gmt":"2018-02-05T11:04:44","guid":{"rendered":"https:\/\/ea-rlp.de\/wpea\/?page_id=903"},"modified":"2018-02-05T12:04:44","modified_gmt":"2018-02-05T11:04:44","slug":"leitung","status":"publish","type":"page","link":"https:\/\/neu.ea-rlp.de\/index.php\/ueber-uns\/leitung\/","title":{"rendered":"Leitung"},"content":{"rendered":"<p class=\"bodytext\">Die Leitungsstrukturen werden regelm\u00e4\u00dfig an die Aufgaben und Anforderungen angepasst. Seit Oktober 2016 wird die EA von einem hauptberuflichen Vorstand in Vollzeit geleitet.<\/p>\n<ul>\n<li>Zeimentz, Rainer (seit 1.1.2014)<\/li>\n<li>Freisberg, Robert (2011-2013)<\/li>\n<li>Tarkan, Dr. B\u00fclent (2010-2011)<\/li>\n<li>Carstensen, Jens (2008-2011)<\/li>\n<li>Clev, Dr. Hans-G\u00fcnther (2003-2008)<\/li>\n<li>Hiller, Prof. J\u00fcrgen\u0086\u2020 (2003-2008)<\/li>\n<li>Steinebach, Prof. Dr.-Ing. Gerhard (2003-2005)<\/li>\n<\/ul>\n","protected":false},"excerpt":{"rendered":"<p>Die Leitungsstrukturen werden regelm\u00e4\u00dfig an die Aufgaben und Anforderungen angepasst. Seit Oktober 2016 wird die EA von einem hauptberuflichen Vorstand in Vollzeit geleitet. Zeimentz, Rainer (seit 1.1.2014) Freisberg, Robert (2011-2013) Tarkan, Dr. B\u00fclent (2010-2011) Carstensen, Jens (2008-2011) Clev, Dr. Hans-G\u00fcnther (2003-2008) Hiller, Prof. J\u00fcrgen\u0086\u2020 (2003-2008) Steinebach, Prof. Dr.-Ing. Gerhard (2003-2005)<\/p>\n","protected":false},"author":2,"featured_media":0,"parent":99,"menu_order":0,"comment_status":"closed","ping_status":"closed","template":"","meta":{"footnotes":""},"class_list":["post-903","page","type-page","status-publish","hentry"],"_links":{"self":[{"href":"https:\/\/neu.ea-rlp.de\/index.php\/wp-json\/wp\/v2\/pages\/903","targetHints":{"allow":["GET"]}}],"collection":[{"href":"https:\/\/neu.ea-rlp.de\/index.php\/wp-json\/wp\/v2\/pages"}],"about":[{"href":"https:\/\/neu.ea-rlp.de\/index.php\/wp-json\/wp\/v2\/types\/page"}],"author":[{"embeddable":true,"href":"https:\/\/neu.ea-rlp.de\/index.php\/wp-json\/wp\/v2\/users\/2"}],"replies":[{"embeddable":true,"href":"https:\/\/neu.ea-rlp.de\/index.php\/wp-json\/wp\/v2\/comments?post=903"}],"version-history":[{"count":0,"href":"https:\/\/neu.ea-rlp.de\/index.php\/wp-json\/wp\/v2\/pages\/903\/revisions"}],"up":[{"embeddable":true,"href":"https:\/\/neu.ea-rlp.de\/index.php\/wp-json\/wp\/v2\/pages\/99"}],"wp:attachment":[{"href":"https:\/\/neu.ea-rlp.de\/index.php\/wp-json\/wp\/v2\/media?parent=903"}],"curies":[{"name":"wp","href":"https:\/\/api.w.org\/{rel}","templated":true}]}}