{"id":99,"date":"2017-11-21T11:38:21","date_gmt":"2017-11-21T10:38:21","guid":{"rendered":"https:\/\/ea-rlp.de\/wpea\/?page_id=99"},"modified":"2017-11-21T11:38:21","modified_gmt":"2017-11-21T10:38:21","slug":"ueber-uns","status":"publish","type":"page","link":"https:\/\/neu.ea-rlp.de\/index.php\/ueber-uns\/","title":{"rendered":"\u00dcber uns"},"content":{"rendered":"\n<figure class=\"wp-block-video\"><video controls src=\"https:\/\/ea-rlp.de\/wp-content\/uploads\/2018\/06\/2018-Entwicklungsagentur-Rheinland-Pfalz-e.V.-klein.mp4\"><\/video><\/figure>\n\n\n\n<h2 class=\"wp-block-heading\">&nbsp;<\/h2>\n\n\n\n<h2 class=\"wp-block-heading\"><strong>Die Entwicklungsagentur setzt auf praxisnahe L\u00f6sungen<\/strong><\/h2>\n\n\n\n<p>Die Entwicklungsagentur Rheinland-Pfalz e.&nbsp;V. wurde 2003 vom <a href=\"http:\/\/www.mdi.rlp.de\">Ministerium des Innern und f\u00fcr Sport Rheinland-Pfalz<\/a> und der <a href=\"http:\/\/www.rptu.de\">Rheinland-Pf\u00e4lzischen Technischen Universit\u00e4t Kaiserslautern-Landau<\/a> gegr\u00fcndet.<\/p>\n\n\n\n<p>Die <strong>Mitglieder<\/strong> des Vereins kommen aus Wissenschaft, Verwaltung, Non-Profit-Organisationen, Politik sowie aus der Landes- und der Kommunalverwaltung.<\/p>\n\n\n\n<p>Die <strong>Mitarbeiterinnen und Mitarbeiter<\/strong> haben eine mehrj\u00e4hrige Berufserfahrung. Zu den Fachrichtungen im EA-Team geh\u00f6ren u.&nbsp;a. Politikwissenschaft, Soziologie, Geographie, Germanistik, P\u00e4dagogik, Journalismus und Volkswirtschaftslehre. Hinzu kommen Erfahrungen in der ehrenamtlichen kommunalen Praxis.<\/p>\n\n\n\n<p>Gesellschaftliche, technologische oder wirtschaftliche Ver\u00e4nderungen und ihre Auswirkungen auf die Kommunen bilden das breite <strong>Aufgabenfeld<\/strong> des EA-Teams.<\/p>\n\n\n\n<p>Die Entwicklungsagentur Rheinland-Pfalz arbeitet mit unterschiedlichen <strong>Partnern<\/strong> aus Verwaltung, Forschung, Wirtschaft und Zivilgesellschaft zusammen.<\/p>\n\n\n\n<p>Ein wichtiges Ziel ist es, <strong>praxisnahe und \u00fcbertragbare L\u00f6sungsans\u00e4tze<\/strong> zu entwickeln: Die neuen L\u00f6sungsans\u00e4tze sollen innovativ und f\u00fcr die Kommunen finanziell und organisatorisch eigenst\u00e4ndig umsetzbar sein und in bestehenden Strukturen funktionieren.<\/p>\n\n\n\n<p>Regelm\u00e4\u00dfige Arbeitsfragen sind: Wie leben wir in 20 Jahren? Wie nutzen wir die Digitalisierung f\u00fcr das Leben in l\u00e4ndlichen Gemeinden? Wie k\u00f6nnen wir uns an den Klimawandel anpassen? Wie meistern wir die Herausforderungen des demografischen Wandels? Antworten auf diese Fragen finden sich in einem dichten Geflecht aus Neugier, Forschung, Kooperation und Experimentierfreude.<\/p>\n\n\n\n<h2 class=\"wp-block-heading\"><strong>Sechs Arbeitsschritte mit Erprobungen in der Praxis f\u00fchren zu Ergebnissen<\/strong><\/h2>\n\n\n\n<p>Im Mittelpunkt der Arbeit der EA stehen <strong>modellhafte Projekte<\/strong>, die in der Regel in sechs Schritten durchgef\u00fchrt werden.<\/p>\n\n\n\n<ol class=\"wp-block-list\">\n<li>Die Entwicklungsagentur <strong>analysiert<\/strong> Situationen und Ver\u00e4nderungen, die f\u00fcr Kommunen in Rheinland-Pfalz von Bedeutung sein k\u00f6nnen.<\/li>\n\n\n\n<li>Auf Basis der Grundlagenanalysen werden <strong>theoretische Modellans\u00e4tze<\/strong> entwickelt, die in Projektkonzeptionen m\u00fcnden.<\/li>\n\n\n\n<li>Die <strong>Projektkonzeptionen<\/strong> werden \u2013 zumeist mit weiteren Partnern aus Wissenschaft und Kommunen \u2013 erstellt.<\/li>\n\n\n\n<li>Die Konzeptionen werden in mehrj\u00e4hrigen <strong>Modellprojekten<\/strong> erprobt und \u00fcberpr\u00fcft.<\/li>\n\n\n\n<li>Aus den theoretischen \u00dcberlegungen und den Erkenntnissen der praktischen Modellprojekte entwickelt die EA \u00fcbertragbare, d.\u00a0h. standortunabh\u00e4ngige und f\u00fcr andere nutzbare <strong>Handlungsempfehlungen<\/strong> f\u00fcr Kommunen oder die Landesverwaltung.<\/li>\n\n\n\n<li>Die Ergebnisse vieler Handlungsempfehlungen werden auf der Website und in <a href=\"https:\/\/ea-rlp.de\/newsletter\/\">w\u00f6chentlichen Newslettern<\/a><strong> ver\u00f6ffentlicht<\/strong>: Die Entwicklungsagentur stellt ihre Ergebnisse allen Akteuren in Rheinland-Pfalz zur Verf\u00fcgung, die sich haupt- oder ehrenamtlich f\u00fcr das kommunale und zivilgesellschaftliche Gemeinwesen engagieren.<\/li>\n<\/ol>\n\n\n\n<div style=\"height:20px\" aria-hidden=\"true\" class=\"wp-block-spacer\"><\/div>\n\n\n\n<figure class=\"wp-block-gallery has-nested-images columns-default is-cropped wp-block-gallery-1 is-layout-flex wp-block-gallery-is-layout-flex\">\n<figure class=\"wp-block-image size-large\"><a href=\"https:\/\/ea-rlp.de\/ueber-uns\/projekte\/digitale-doerfer-3\/\"><img decoding=\"async\" data-id=\"15939\" src=\"https:\/\/ea-rlp.de\/wp-content\/uploads\/2024\/05\/DD3-Laptop-1280x853.jpg\" alt=\"(Illustration: Pixabay\/EA, Montage)\" class=\"wp-image-15939\"\/><\/a><figcaption class=\"wp-element-caption\"><a href=\"https:\/\/ea-rlp.de\/ueber-uns\/projekte\/digitale-doerfer-3\/\">Digitale D\u00f6rfer 3<\/a><\/figcaption><\/figure>\n\n\n\n<figure class=\"wp-block-image size-large\"><a href=\"https:\/\/ea-rlp.de\/ueber-uns\/projekte\/digital-newsletter\/\"><img decoding=\"async\" data-id=\"16052\" src=\"https:\/\/ea-rlp.de\/wp-content\/uploads\/2024\/06\/Digital-Newsletter.jpg\" alt=\"(Foto: EA)\" class=\"wp-image-16052\"\/><\/a><\/figure>\n\n\n\n<figure class=\"wp-block-image size-large\"><a href=\"https:\/\/ea-rlp.de\/ueber-uns\/projekte\/digital-souveraene-kommune\/\"><img decoding=\"async\" data-id=\"16055\" src=\"https:\/\/ea-rlp.de\/wp-content\/uploads\/2024\/06\/Digital-souverane-Kommune-B-ild-von-Pexels-auf-Pixabay.jpg\" alt=\"(Illustration: Pixabay)\" class=\"wp-image-16055\"\/><\/a><figcaption class=\"wp-element-caption\"><a href=\"https:\/\/ea-rlp.de\/ueber-uns\/projekte\/digital-souveraene-kommune\/\">Digital souver\u00e4ne Kommune<\/a><\/figcaption><\/figure>\n\n\n\n<figure class=\"wp-block-image size-large\"><a href=\"https:\/\/ea-rlp.de\/ueber-uns\/projekte\/dorf-bueros\/\"><img decoding=\"async\" data-id=\"15991\" src=\"https:\/\/ea-rlp.de\/wp-content\/uploads\/2024\/05\/Dorf-Bueros-1280x863.jpg\" alt=\"(Foto: EA)\" class=\"wp-image-15991\"\/><\/a><figcaption class=\"wp-element-caption\"><a href=\"https:\/\/ea-rlp.de\/ueber-uns\/projekte\/dorf-bueros\/\">Dorf-B\u00fcros<\/a><\/figcaption><\/figure>\n\n\n\n<figure class=\"wp-block-image size-large is-style-default\"><a href=\"https:\/\/ea-rlp.de\/ueber-uns\/projekte\/fortbildung-digitalbeauftragte\/\"><img decoding=\"async\" data-id=\"16054\" src=\"https:\/\/ea-rlp.de\/wp-content\/uploads\/2024\/06\/Digitalbeauftragte-Bild-von-StartupStockPhotos-auf-Pixabay.jpg\" alt=\"(Foto: Pixabay)\" class=\"wp-image-16054\"\/><\/a><figcaption class=\"wp-element-caption\"><a href=\"https:\/\/ea-rlp.de\/ueber-uns\/projekte\/fortbildung-digitalbeauftragte\/\">Fortbildung Digitalbeauftragte<\/a><\/figcaption><\/figure>\n\n\n\n<figure class=\"wp-block-image size-large\"><a href=\"https:\/\/ea-rlp.de\/ueber-uns\/projekte\/gemeinsam-digital-zweibruecken\/\"><img decoding=\"async\" data-id=\"15893\" src=\"https:\/\/ea-rlp.de\/wp-content\/uploads\/2024\/05\/xem-04_upscale-1280x813.jpeg\" alt=\"(Foto: EA)\" class=\"wp-image-15893\"\/><\/a><figcaption class=\"wp-element-caption\"><a href=\"https:\/\/ea-rlp.de\/ueber-uns\/projekte\/gemeinsam-digital-zweibruecken\/\">Gemeinsam Digital Zweibr\u00fccken<\/a><\/figcaption><\/figure>\n\n\n\n<figure class=\"wp-block-image size-large\"><a href=\"https:\/\/ea-rlp.de\/ueber-uns\/projekte\/kommunales-crowdfunding\/\"><img decoding=\"async\" data-id=\"15934\" src=\"https:\/\/ea-rlp.de\/wp-content\/uploads\/2024\/05\/SM_DSCF1360-1280x853.jpeg\" alt=\"(Foto: EA)\" class=\"wp-image-15934\"\/><\/a><figcaption class=\"wp-element-caption\"><a href=\"https:\/\/ea-rlp.de\/ueber-uns\/projekte\/kommunales-crowdfunding\/\">Kommunales Crowdfunding<\/a><\/figcaption><\/figure>\n\n\n\n<figure class=\"wp-block-image size-large\"><a href=\"https:\/\/ea-rlp.de\/ueber-uns\/projekte\/kommune-2050\/\"><img decoding=\"async\" data-id=\"15900\" src=\"https:\/\/ea-rlp.de\/wp-content\/uploads\/2024\/05\/alien-1294088_1280.png\" alt=\"(Illustration: Pixabay)\" class=\"wp-image-15900\"\/><\/a><figcaption class=\"wp-element-caption\"><a href=\"https:\/\/ea-rlp.de\/ueber-uns\/projekte\/kommune-2050\/\">Kommune 2050<\/a><\/figcaption><\/figure>\n\n\n\n<figure class=\"wp-block-image size-large\"><a href=\"https:\/\/ea-rlp.de\/ueber-uns\/projekte\/kuenstliche-intelligenz-im-katastrophenschutz\/\"><img decoding=\"async\" data-id=\"15923\" src=\"https:\/\/ea-rlp.de\/wp-content\/uploads\/2024\/05\/KI-im-KatS-DALL\u00b7E-2024-05-27-11-20-01.jpg\" alt=\"(Illustration: DALL\u00b7E, KI-generiert)\" class=\"wp-image-15923\"\/><\/a><figcaption class=\"wp-element-caption\"><a href=\"https:\/\/ea-rlp.de\/ueber-uns\/projekte\/kuenstliche-intelligenz-im-katastrophenschutz\/\">K\u00fcnstliche Intelligenz im Katastrophenschutz<\/a><\/figcaption><\/figure>\n\n\n\n<figure class=\"wp-block-image size-large\"><a href=\"https:\/\/ea-rlp.de\/ueber-uns\/projekte\/kuenstliche-intelligenz-in-der-kommunalen-praxis\/\"><img decoding=\"async\" data-id=\"14535\" src=\"https:\/\/ea-rlp.de\/wp-content\/uploads\/2023\/08\/circuit-board-g4b5727d8d_1280.jpg\" alt=\"(Foto: Pixabay)\" class=\"wp-image-14535\"\/><\/a><figcaption class=\"wp-element-caption\"><a href=\"https:\/\/ea-rlp.de\/ueber-uns\/projekte\/kuenstliche-intelligenz-in-der-kommunalen-praxis\/\">K\u00fcnstliche Intelligenz in der kommunalen Praxis<\/a><\/figcaption><\/figure>\n\n\n\n<figure class=\"wp-block-image size-large\"><a href=\"https:\/\/ea-rlp.de\/ueber-uns\/projekte\/makerspace\/\"><img decoding=\"async\" data-id=\"16051\" src=\"https:\/\/ea-rlp.de\/wp-content\/uploads\/2024\/06\/Makerspace-Foto-Stephan-Morgensterm-1280x720.jpg\" alt=\"(Foto: Stephan Morgenstern)\" class=\"wp-image-16051\"\/><\/a><figcaption class=\"wp-element-caption\"><a href=\"https:\/\/ea-rlp.de\/ueber-uns\/projekte\/makerspace\/\">Makerspace<\/a><\/figcaption><\/figure>\n\n\n\n<figure class=\"wp-block-image size-large\"><a href=\"https:\/\/ea-rlp.de\/ueber-uns\/projekte\/smartes-dorf-seminare\/\"><img decoding=\"async\" data-id=\"16053\" src=\"https:\/\/ea-rlp.de\/wp-content\/uploads\/2024\/06\/Seminar-Bild-von-Dolf-Maurer-auf-Pixabay.jpg\" alt=\"(Foto: Pixabay)\" class=\"wp-image-16053\"\/><\/a><figcaption class=\"wp-element-caption\"><a href=\"https:\/\/ea-rlp.de\/ueber-uns\/projekte\/smartes-dorf-seminare\/\">Smartes-Dorf-Seminare<\/a><\/figcaption><\/figure>\n\n\n\n<figure class=\"wp-block-image size-large\"><a href=\"https:\/\/ea-rlp.de\/ueber-uns\/projekte\/verbindungsbuero-fuer-den-kommunalen-wiederaufbau\/\"><img decoding=\"async\" data-id=\"15926\" src=\"https:\/\/ea-rlp.de\/wp-content\/uploads\/2024\/05\/HR_EA_Ahrtal_Jan_Febr24_02-02-24_PELmedia079.jpg\" alt=\"(Foto: Piel media)\" class=\"wp-image-15926\"\/><\/a><figcaption class=\"wp-element-caption\"><a href=\"https:\/\/ea-rlp.de\/ueber-uns\/projekte\/verbindungsbuero-fuer-den-kommunalen-wiederaufbau\/\">Verbindungsb\u00fcro f\u00fcr den kommunalen Wiederaufbau<\/a><\/figcaption><\/figure>\n\n\n\n<figure class=\"wp-block-image size-large\"><a href=\"https:\/\/ea-rlp.de\/ueber-uns\/projekte\/zukunftsraeume-zukunftsbilder-rlp-2050\"><img decoding=\"async\" data-id=\"16004\" src=\"https:\/\/ea-rlp.de\/wp-content\/uploads\/2024\/05\/RLP-2050_Stockfoto_EA-Webseite-Montage-1280x893.jpg\" alt=\"(Foto: iStock\/EA, Montage)\" class=\"wp-image-16004\"\/><\/a><figcaption class=\"wp-element-caption\"><a href=\"https:\/\/ea-rlp.de\/ueber-uns\/projekte\/zukunftsraeume-zukunftsbilder-rlp-2050\" data-type=\"link\" data-id=\"https:\/\/ea-rlp.de\/ueber-uns\/projekte\/zukunftsraeume-zukunftsbilder-rlp-2050\">Zukunftsr\u00e4ume. Zukunftsbilder. RLP 2050<\/a><\/figcaption><\/figure>\n<\/figure>\n","protected":false},"excerpt":{"rendered":"<p>&nbsp; Die Entwicklungsagentur setzt auf praxisnahe L\u00f6sungen Die Entwicklungsagentur Rheinland-Pfalz e.&nbsp;V. wurde 2003 vom Ministerium des Innern und f\u00fcr Sport Rheinland-Pfalz und der Rheinland-Pf\u00e4lzischen Technischen Universit\u00e4t Kaiserslautern-Landau gegr\u00fcndet. Die Mitglieder des Vereins kommen aus Wissenschaft, Verwaltung, Non-Profit-Organisationen, Politik sowie aus der Landes- und der Kommunalverwaltung. Die Mitarbeiterinnen und Mitarbeiter haben eine mehrj\u00e4hrige Berufserfahrung. Zu den [&hellip;]<\/p>\n","protected":false},"author":3,"featured_media":0,"parent":0,"menu_order":0,"comment_status":"closed","ping_status":"closed","template":"","meta":{"footnotes":""},"class_list":["post-99","page","type-page","status-publish","hentry"],"_links":{"self":[{"href":"https:\/\/neu.ea-rlp.de\/index.php\/wp-json\/wp\/v2\/pages\/99","targetHints":{"allow":["GET"]}}],"collection":[{"href":"https:\/\/neu.ea-rlp.de\/index.php\/wp-json\/wp\/v2\/pages"}],"about":[{"href":"https:\/\/neu.ea-rlp.de\/index.php\/wp-json\/wp\/v2\/types\/page"}],"author":[{"embeddable":true,"href":"https:\/\/neu.ea-rlp.de\/index.php\/wp-json\/wp\/v2\/users\/3"}],"replies":[{"embeddable":true,"href":"https:\/\/neu.ea-rlp.de\/index.php\/wp-json\/wp\/v2\/comments?post=99"}],"version-history":[{"count":0,"href":"https:\/\/neu.ea-rlp.de\/index.php\/wp-json\/wp\/v2\/pages\/99\/revisions"}],"wp:attachment":[{"href":"https:\/\/neu.ea-rlp.de\/index.php\/wp-json\/wp\/v2\/media?parent=99"}],"curies":[{"name":"wp","href":"https:\/\/api.w.org\/{rel}","templated":true}]}}